{"id":489,"date":"2024-11-06T09:22:19","date_gmt":"2024-11-06T01:22:19","guid":{"rendered":"http:\/\/www.yongtongdipipe.com\/?page_id=489"},"modified":"2024-11-06T09:24:32","modified_gmt":"2024-11-06T01:24:32","slug":"news-2","status":"publish","type":"page","link":"https:\/\/www.yongtongdipipe.com\/es\/news-2\/","title":{"rendered":"NOTICIAS"},"content":{"rendered":"<style>.elementor-489 .elementor-element.elementor-element-7f6c69f2:not(.elementor-motion-effects-element-type-background), .elementor-489 .elementor-element.elementor-element-7f6c69f2 > .elementor-motion-effects-container > .elementor-motion-effects-layer{background-image:url(\"https:\/\/www.yongtongdipipe.com\/wp-content\/uploads\/2024\/11\/Ductile-Iron-Pipe4.png\");background-position:center center;background-repeat:no-repeat;background-size:cover;}.elementor-489 .elementor-element.elementor-element-7f6c69f2 > .elementor-background-overlay{background-color:#000000;opacity:0.6;transition:background 0.3s, border-radius 0.3s, opacity 0.3s;}.elementor-489 .elementor-element.elementor-element-7f6c69f2{transition:background 0.3s, border 0.3s, border-radius 0.3s, box-shadow 0.3s;padding:80px 0px 80px 0px;}.elementor-489 .elementor-element.elementor-element-5d727f5 > .elementor-widget-wrap > .elementor-widget:not(.elementor-widget__width-auto):not(.elementor-widget__width-initial):not(:last-child):not(.elementor-absolute){margin-bottom:0px;}.elementor-489 .elementor-element.elementor-element-5d727f5 > .elementor-element-populated{margin:0px 0px 0px 0px;--e-column-margin-right:0px;--e-column-margin-left:0px;padding:0px 0px 0px 0px;}.elementor-489 .elementor-element.elementor-element-64e71ec1{margin-top:0px;margin-bottom:0px;padding:0px 0px 0px 0px;}.elementor-489 .elementor-element.elementor-element-4d6c5ce0 > .elementor-element-populated{margin:0px 0px 0px 0px;--e-column-margin-right:0px;--e-column-margin-left:0px;padding:0px 0px 0px 0px;}.elementor-489 .elementor-element.elementor-element-73ee60df > .elementor-widget-wrap > .elementor-widget:not(.elementor-widget__width-auto):not(.elementor-widget__width-initial):not(:last-child):not(.elementor-absolute){margin-bottom:0px;}.elementor-489 .elementor-element.elementor-element-73ee60df > .elementor-element-populated{margin:0px 0px 0px 0px;--e-column-margin-right:0px;--e-column-margin-left:0px;padding:0px 0px 0px 0px;}.elementor-489 .elementor-element.elementor-element-1aa73f55 > .elementor-widget-container{margin:0px 0px 0px 0px;padding:0px 0px 17px 0px;}.elementor-489 .elementor-element.elementor-element-1aa73f55{text-align:center;font-family:var( --e-global-typography-text-font-family ), Sans-serif;font-size:var( --e-global-typography-text-font-size );font-weight:var( --e-global-typography-text-font-weight );line-height:var( --e-global-typography-text-line-height );color:var( --e-global-color-accent );}.elementor-489 .elementor-element.elementor-element-2b556986 > .elementor-widget-container{margin:0px 0px 0px 0px;padding:0px 0px 0px 0px;}.elementor-489 .elementor-element.elementor-element-2b556986{text-align:center;}.elementor-489 .elementor-element.elementor-element-2b556986 .elementor-heading-title{color:var( --e-global-color-135765e );}.elementor-489 .elementor-element.elementor-element-655e2f98{padding:100px 0px 100px 0px;}.elementor-489 .elementor-element.elementor-element-735f83 .elementskit-blog-block-post, .elementor-489 .elementor-element.elementor-element-735f83 .elementskit-post-image-card, .elementor-489 .elementor-element.elementor-element-735f83 .elementskit-post-card{background-color:var( --e-global-color-135765e );border-radius:0px 0px 0px 0px;padding:0px 0px 0px 0px;margin:15px 0px 15px 0px;}.elementor-489 .elementor-element.elementor-element-735f83 .elementskit-btn{background-color:var( --e-global-color-accent );padding:8px 25px 8px 25px;font-family:var( --e-global-typography-text-font-family ), Sans-serif;font-size:var( --e-global-typography-text-font-size );font-weight:var( --e-global-typography-text-font-weight );line-height:var( --e-global-typography-text-line-height );border-radius:4px 4px 4px 4px;}.elementor-489 .elementor-element.elementor-element-735f83 > .elementor-widget-container{margin:0px 0px 0px 0px;padding:0px 0px 0px 0px;}.elementor-489 .elementor-element.elementor-element-735f83 .elementskit-post-image-card{display:flex;}.elementor-489 .elementor-element.elementor-element-735f83 .btn-wraper{text-align:left;}.elementor-489 .elementor-element.elementor-element-735f83 .elementskit-blog-block-post .elementskit-post-body{padding:13px 30px 20px 30px;}.elementor-489 .elementor-element.elementor-element-735f83 .elementskit-post-image-card .elementskit-post-body{padding:13px 30px 20px 30px;}.elementor-489 .elementor-element.elementor-element-735f83 .elementskit-entry-thumb{border-style:solid;border-width:0px 0px 0px 0px;border-radius:0px 0px 0px 0px;margin:0px 0px 0px 0px;} .elementor-489 .elementor-element.elementor-element-735f83 .ekit-wid-con .elementskit-entry-thumb{padding:20px 20px 11px 20px;}.elementor-489 .elementor-element.elementor-element-735f83 .elementskit-post-body .entry-title, .elementor-489 .elementor-element.elementor-element-735f83 .elementskit-entry-header .entry-title, .elementor-489 .elementor-element.elementor-element-735f83 .elementskit-post-image-card .elementskit-post-body .entry-title  a,  .elementor-489 .elementor-element.elementor-element-735f83 .elementskit-post-card .elementskit-entry-header .entry-title  a,.elementor-489 .elementor-element.elementor-element-735f83 .elementskit-blog-block-post .elementskit-post-body .entry-title a{font-size:var( --e-global-typography-d8f7923-font-size );font-weight:var( --e-global-typography-d8f7923-font-weight );line-height:var( --e-global-typography-d8f7923-line-height );}.elementor-489 .elementor-element.elementor-element-735f83 .elementskit-post-body .entry-title a{color:var( --e-global-color-primary );}.elementor-489 .elementor-element.elementor-element-735f83 .elementskit-entry-header .entry-title a{color:var( --e-global-color-primary );}.elementor-489 .elementor-element.elementor-element-735f83 .elementskit-post-body .entry-title{text-align:left;margin:0px 0px 10px 0px;}.elementor-489 .elementor-element.elementor-element-735f83 .elementskit-entry-header .entry-title{text-align:left;margin:0px 0px 10px 0px;}.elementor-489 .elementor-element.elementor-element-735f83 .elementskit-post-footer > p{color:var( --e-global-color-text );}.elementor-489 .elementor-element.elementor-element-735f83 .elementskit-post-body > p{color:var( --e-global-color-text );text-align:left;margin:0px 0px 15px 0px;}.elementor-489 .elementor-element.elementor-element-735f83 .elementskit-post-footer > p, .elementor-489 .elementor-element.elementor-element-735f83 .elementskit-post-body > p{font-family:var( --e-global-typography-text-font-family ), Sans-serif;font-size:var( --e-global-typography-text-font-size );font-weight:var( --e-global-typography-text-font-weight );line-height:var( --e-global-typography-text-line-height );}.elementor-489 .elementor-element.elementor-element-735f83 .elementskit-post-footer{text-align:left;margin:0px 0px 15px 0px;}.elementor-489 .elementor-element.elementor-element-735f83 .elementskit-blog-block-post .elementskit-post-footer > p{margin:0px 0px 15px 0px;}.elementor-489 .elementor-element.elementor-element-735f83 .elementskit-btn:hover{color:var( --e-global-color-135765e );fill:var( --e-global-color-135765e );}@media(max-width:1024px){.elementor-489 .elementor-element.elementor-element-1aa73f55{font-size:var( --e-global-typography-text-font-size );line-height:var( --e-global-typography-text-line-height );}.elementor-489 .elementor-element.elementor-element-735f83 .elementskit-blog-block-post .elementskit-post-body{padding:13px 20px 10px 20px;}.elementor-489 .elementor-element.elementor-element-735f83 .elementskit-post-image-card .elementskit-post-body{padding:13px 20px 10px 20px;}.elementor-489 .elementor-element.elementor-element-735f83 .elementskit-entry-thumb{width:100px;min-width:100px;} .elementor-489 .elementor-element.elementor-element-735f83 .ekit-wid-con .elementskit-entry-thumb{padding:20px 0px 0px 20px;}.elementor-489 .elementor-element.elementor-element-735f83 .elementskit-post-body .entry-title, .elementor-489 .elementor-element.elementor-element-735f83 .elementskit-entry-header .entry-title, .elementor-489 .elementor-element.elementor-element-735f83 .elementskit-post-image-card .elementskit-post-body .entry-title  a,  .elementor-489 .elementor-element.elementor-element-735f83 .elementskit-post-card .elementskit-entry-header .entry-title  a,.elementor-489 .elementor-element.elementor-element-735f83 .elementskit-blog-block-post .elementskit-post-body .entry-title a{font-size:var( --e-global-typography-d8f7923-font-size );line-height:var( --e-global-typography-d8f7923-line-height );}.elementor-489 .elementor-element.elementor-element-735f83 .elementskit-post-footer > p, .elementor-489 .elementor-element.elementor-element-735f83 .elementskit-post-body > p{font-size:var( --e-global-typography-text-font-size );line-height:var( --e-global-typography-text-line-height );}.elementor-489 .elementor-element.elementor-element-735f83 .elementskit-btn{font-size:var( --e-global-typography-text-font-size );line-height:var( --e-global-typography-text-line-height );}}@media(max-width:767px){.elementor-489 .elementor-element.elementor-element-7f6c69f2{margin-top:0px;margin-bottom:0px;}.elementor-489 .elementor-element.elementor-element-1aa73f55{font-size:var( --e-global-typography-text-font-size );line-height:var( --e-global-typography-text-line-height );}.elementor-489 .elementor-element.elementor-element-2b556986 > .elementor-widget-container{padding:0px 0px 20px 0px;}.elementor-489 .elementor-element.elementor-element-735f83 .elementskit-blog-block-post, .elementor-489 .elementor-element.elementor-element-735f83 .elementskit-post-image-card, .elementor-489 .elementor-element.elementor-element-735f83 .elementskit-post-card{margin:0px 0px 30px 0px;}.elementor-489 .elementor-element.elementor-element-735f83 .elementskit-post-body .entry-title, .elementor-489 .elementor-element.elementor-element-735f83 .elementskit-entry-header .entry-title, .elementor-489 .elementor-element.elementor-element-735f83 .elementskit-post-image-card .elementskit-post-body .entry-title  a,  .elementor-489 .elementor-element.elementor-element-735f83 .elementskit-post-card .elementskit-entry-header .entry-title  a,.elementor-489 .elementor-element.elementor-element-735f83 .elementskit-blog-block-post .elementskit-post-body .entry-title a{font-size:var( --e-global-typography-d8f7923-font-size );line-height:var( --e-global-typography-d8f7923-line-height );}.elementor-489 .elementor-element.elementor-element-735f83 .elementskit-post-footer > p, .elementor-489 .elementor-element.elementor-element-735f83 .elementskit-post-body > p{font-size:var( --e-global-typography-text-font-size );line-height:var( --e-global-typography-text-line-height );}.elementor-489 .elementor-element.elementor-element-735f83 .elementskit-btn{font-size:var( --e-global-typography-text-font-size );line-height:var( --e-global-typography-text-line-height );}}@media(max-width:1024px) and (min-width:768px){.elementor-489 .elementor-element.elementor-element-73ee60df{width:100%;}}<\/style>\t\t<div data-elementor-type=\"wp-page\" data-elementor-id=\"489\" class=\"elementor elementor-489\" data-elementor-post-type=\"page\">\n\t\t\t\t\t\t<section class=\"elementor-section elementor-top-section elementor-element elementor-element-7f6c69f2 elementor-section-boxed elementor-section-height-default elementor-section-height-default\" data-id=\"7f6c69f2\" data-element_type=\"section\" data-settings=\"{&quot;background_background&quot;:&quot;classic&quot;}\">\n\t\t\t\t\t\t\t<div class=\"elementor-background-overlay\"><\/div>\n\t\t\t\t\t\t\t<div class=\"elementor-container elementor-column-gap-default\">\n\t\t\t\t\t<div class=\"elementor-column elementor-col-100 elementor-top-column elementor-element elementor-element-5d727f5\" data-id=\"5d727f5\" data-element_type=\"column\">\n\t\t\t<div class=\"elementor-widget-wrap elementor-element-populated\">\n\t\t\t\t\t\t<section class=\"elementor-section elementor-inner-section elementor-element elementor-element-64e71ec1 elementor-section-boxed elementor-section-height-default elementor-section-height-default\" data-id=\"64e71ec1\" data-element_type=\"section\">\n\t\t\t\t\t\t<div class=\"elementor-container elementor-column-gap-default\">\n\t\t\t\t\t<div class=\"elementor-column elementor-col-33 elementor-inner-column elementor-element elementor-element-4d6c5ce0 elementor-hidden-tablet\" data-id=\"4d6c5ce0\" data-element_type=\"column\">\n\t\t\t<div class=\"elementor-widget-wrap\">\n\t\t\t\t\t\t\t<\/div>\n\t\t<\/div>\n\t\t\t\t<div class=\"elementor-column elementor-col-33 elementor-inner-column elementor-element elementor-element-73ee60df\" data-id=\"73ee60df\" data-element_type=\"column\">\n\t\t\t<div class=\"elementor-widget-wrap elementor-element-populated\">\n\t\t\t\t\t\t<div class=\"elementor-element elementor-element-1aa73f55 elementor-invisible elementor-widget elementor-widget-text-editor\" data-id=\"1aa73f55\" data-element_type=\"widget\" data-settings=\"{&quot;_animation&quot;:&quot;fadeInUp&quot;,&quot;_animation_delay&quot;:0.15}\" data-widget_type=\"text-editor.default\">\n\t\t\t\t<div class=\"elementor-widget-container\">\n\t\t\t\t\t\t\t\t\t<p>D\u00f3nde encontrar<\/p>\t\t\t\t\t\t\t\t<\/div>\n\t\t\t\t<\/div>\n\t\t\t\t<div class=\"elementor-element elementor-element-2b556986 elementor-invisible elementor-widget elementor-widget-heading\" data-id=\"2b556986\" data-element_type=\"widget\" data-settings=\"{&quot;_animation&quot;:&quot;fadeInUp&quot;,&quot;_animation_delay&quot;:0.14}\" data-widget_type=\"heading.default\">\n\t\t\t\t<div class=\"elementor-widget-container\">\n\t\t\t\t\t<h2 class=\"elementor-heading-title elementor-size-default\">NOTICIAS<\/h2>\t\t\t\t<\/div>\n\t\t\t\t<\/div>\n\t\t\t\t\t<\/div>\n\t\t<\/div>\n\t\t\t\t<div class=\"elementor-column elementor-col-33 elementor-inner-column elementor-element elementor-element-5ea4c287 elementor-hidden-tablet\" data-id=\"5ea4c287\" data-element_type=\"column\">\n\t\t\t<div class=\"elementor-widget-wrap\">\n\t\t\t\t\t\t\t<\/div>\n\t\t<\/div>\n\t\t\t\t\t<\/div>\n\t\t<\/section>\n\t\t\t\t\t<\/div>\n\t\t<\/div>\n\t\t\t\t\t<\/div>\n\t\t<\/section>\n\t\t\t\t<section class=\"elementor-section elementor-top-section elementor-element elementor-element-655e2f98 elementor-section-boxed elementor-section-height-default elementor-section-height-default\" data-id=\"655e2f98\" data-element_type=\"section\">\n\t\t\t\t\t\t<div class=\"elementor-container elementor-column-gap-default\">\n\t\t\t\t\t<div class=\"elementor-column elementor-col-100 elementor-top-column elementor-element elementor-element-66d72a27\" data-id=\"66d72a27\" data-element_type=\"column\">\n\t\t\t<div class=\"elementor-widget-wrap elementor-element-populated\">\n\t\t\t\t\t\t<div class=\"elementor-element elementor-element-735f83 elementor-widget elementor-widget-elementskit-blog-posts\" data-id=\"735f83\" data-element_type=\"widget\" data-widget_type=\"elementskit-blog-posts.default\">\n\t\t\t\t<div class=\"elementor-widget-container\">\n\t\t\t\t\t<div class=\"ekit-wid-con\" >        <div id=\"post-items--735f83\" class=\"row post-items\" data-masonry-config=\"true\">\n                    <div class=\"col-lg-6 col-md-6\">\n\n                                    <div class=\"elementskit-post-image-card\">\n                        <div class=\"elementskit-entry-header\">\n                            \n                            \n\t\t\t\t\t\t\t\t\t\t\t\t\t<\/div><!-- .elementskit-entry-header END -->\n\n\t\t\t\t\t\t<div class=\"elementskit-post-body\">\n\t\t\t\t\t\t\t\n\t\t\t\t\t\t\t\t\t\t\t\t\t\t\t\t\t\t\t\t\t\t\t\t\t\n\t\t\t\t\t\t\t\t\n\t\t\t\t\t\t\t\t\t\t\t\t\t\t\t\t\t\t\t\t\t<h2 class=\"entry-title\">\n\t\t\t\t\t<a href=\"https:\/\/www.yongtongdipipe.com\/es\/dn600-ductile-iron-pipe-delivery\/\">\n\t\t\t\t\t\tSuministro de tubos de hierro d\u00factil DN600\t\t\t\t\t<\/a>\n\t\t\t\t<\/h2>\n\t\t\t\t\t\t\t\t\t\t\t\t\t\t\t\t\t\t\t\t\t\t\t\t\t\t\t\t\t\t\t\t\t\t\t\t\t\t\t\t\t\t<p><\/p>\n\t\t\t\t\t\t\t\t\t\t\t\t\t\t\t\t\t\t\t\t\t\t                                                            <div class=\"btn-wraper\">\n                                    \n                                                                            <a class=\"elementskit-btn whitespace--normal\" id=\"\" href=\"https:\/\/www.yongtongdipipe.com\/es\/dn600-ductile-iron-pipe-delivery\/\">\n                                        \t                                            Seguir leyendo                                         <\/a>\n                                                                    <\/div>\n                                                    <\/div><!-- .elementskit-post-body END -->\n                    <\/div>\n                \n            <\/div>\n                    <div class=\"col-lg-6 col-md-6\">\n\n                                    <div class=\"elementskit-post-image-card\">\n                        <div class=\"elementskit-entry-header\">\n                                                            <a href=\"https:\/\/www.yongtongdipipe.com\/es\/purple-colour-coated-di-pipe-completion-and-delivery\/\" class=\"elementskit-entry-thumb\">\n                                    <img decoding=\"async\" src=\"https:\/\/www.yongtongdipipe.com\/wp-content\/uploads\/2025\/02\/7-2.png\" alt=\"Purple Colour Coated DI Pipe Completion and Delivery\">\n                                <\/a><!-- .elementskit-entry-thumb END -->\n                                                            \n                            \n\t\t\t\t\t\t\t\t\t\t\t\t\t<\/div><!-- .elementskit-entry-header END -->\n\n\t\t\t\t\t\t<div class=\"elementskit-post-body\">\n\t\t\t\t\t\t\t\n\t\t\t\t\t\t\t\t\t\t\t\t\t\t\t\t\t\t\t\t\t\t\t\t\t\n\t\t\t\t\t\t\t\t\n\t\t\t\t\t\t\t\t\t\t\t\t\t\t\t\t\t\t\t\t\t<h2 class=\"entry-title\">\n\t\t\t\t\t<a href=\"https:\/\/www.yongtongdipipe.com\/es\/purple-colour-coated-di-pipe-completion-and-delivery\/\">\n\t\t\t\t\t\tTuber\u00eda de DI revestida de color morado Finalizaci\u00f3n y entrega\t\t\t\t\t<\/a>\n\t\t\t\t<\/h2>\n\t\t\t\t\t\t\t\t\t\t\t\t\t\t\t\t\t\t\t\t\t\t\t\t\t\t\t\t\t\t\t\t\t\t\t\t\t\t\t\t\t\t<p><\/p>\n\t\t\t\t\t\t\t\t\t\t\t\t\t\t\t\t\t\t\t\t\t\t                                                            <div class=\"btn-wraper\">\n                                    \n                                                                            <a class=\"elementskit-btn whitespace--normal\" id=\"\" href=\"https:\/\/www.yongtongdipipe.com\/es\/purple-colour-coated-di-pipe-completion-and-delivery\/\">\n                                        \t                                            Seguir leyendo                                         <\/a>\n                                                                    <\/div>\n                                                    <\/div><!-- .elementskit-post-body END -->\n                    <\/div>\n                \n            <\/div>\n                    <div class=\"col-lg-6 col-md-6\">\n\n                                    <div class=\"elementskit-post-image-card\">\n                        <div class=\"elementskit-entry-header\">\n                                                            <a href=\"https:\/\/www.yongtongdipipe.com\/es\/yellow-colour-pu-coated-di-pipe-completion-and-delivery\/\" class=\"elementskit-entry-thumb\">\n                                    <img decoding=\"async\" src=\"https:\/\/www.yongtongdipipe.com\/wp-content\/uploads\/2025\/02\/10-1.png\" alt=\"Yellow Colour PU Coated DI Pipe Completion and Delivery\">\n                                <\/a><!-- .elementskit-entry-thumb END -->\n                                                            \n                            \n\t\t\t\t\t\t\t\t\t\t\t\t\t<\/div><!-- .elementskit-entry-header END -->\n\n\t\t\t\t\t\t<div class=\"elementskit-post-body\">\n\t\t\t\t\t\t\t\n\t\t\t\t\t\t\t\t\t\t\t\t\t\t\t\t\t\t\t\t\t\t\t\t\t\n\t\t\t\t\t\t\t\t\n\t\t\t\t\t\t\t\t\t\t\t\t\t\t\t\t\t\t\t\t\t<h2 class=\"entry-title\">\n\t\t\t\t\t<a href=\"https:\/\/www.yongtongdipipe.com\/es\/yellow-colour-pu-coated-di-pipe-completion-and-delivery\/\">\n\t\t\t\t\t\tTubo DI de color amarillo recubierto de PU...\t\t\t\t\t<\/a>\n\t\t\t\t<\/h2>\n\t\t\t\t\t\t\t\t\t\t\t\t\t\t\t\t\t\t\t\t\t\t\t\t\t\t\t\t\t\t\t\t\t\t\t\t\t\t\t\t\t\t<p><\/p>\n\t\t\t\t\t\t\t\t\t\t\t\t\t\t\t\t\t\t\t\t\t\t                                                            <div class=\"btn-wraper\">\n                                    \n                                                                            <a class=\"elementskit-btn whitespace--normal\" id=\"\" href=\"https:\/\/www.yongtongdipipe.com\/es\/yellow-colour-pu-coated-di-pipe-completion-and-delivery\/\">\n                                        \t                                            Seguir leyendo                                         <\/a>\n                                                                    <\/div>\n                                                    <\/div><!-- .elementskit-post-body END -->\n                    <\/div>\n                \n            <\/div>\n                    <div class=\"col-lg-6 col-md-6\">\n\n                                    <div class=\"elementskit-post-image-card\">\n                        <div class=\"elementskit-entry-header\">\n                                                            <a href=\"https:\/\/www.yongtongdipipe.com\/es\/pu-pipe-and-pipe-fittings-and-valves-installation\/\" class=\"elementskit-entry-thumb\">\n                                    <img decoding=\"async\" src=\"https:\/\/www.yongtongdipipe.com\/wp-content\/uploads\/2025\/02\/5.png\" alt=\"PU PIPE &#038; PIPE FITTINGS &#038; VALVES INSTALLATION\">\n                                <\/a><!-- .elementskit-entry-thumb END -->\n                                                            \n                            \n\t\t\t\t\t\t\t\t\t\t\t\t\t<\/div><!-- .elementskit-entry-header END -->\n\n\t\t\t\t\t\t<div class=\"elementskit-post-body\">\n\t\t\t\t\t\t\t\n\t\t\t\t\t\t\t\t\t\t\t\t\t\t\t\t\t\t\t\t\t\t\t\t\t\n\t\t\t\t\t\t\t\t\n\t\t\t\t\t\t\t\t\t\t\t\t\t\t\t\t\t\t\t\t\t<h2 class=\"entry-title\">\n\t\t\t\t\t<a href=\"https:\/\/www.yongtongdipipe.com\/es\/pu-pipe-and-pipe-fittings-and-valves-installation\/\">\n\t\t\t\t\t\tINSTALACI\u00d3N DE TUBER\u00cdAS, ACCESORIOS Y V\u00c1LVULAS DE PU\t\t\t\t\t<\/a>\n\t\t\t\t<\/h2>\n\t\t\t\t\t\t\t\t\t\t\t\t\t\t\t\t\t\t\t\t\t\t\t\t\t\t\t\t\t\t\t\t\t\t\t\t\t\t\t\t\t\t<p><\/p>\n\t\t\t\t\t\t\t\t\t\t\t\t\t\t\t\t\t\t\t\t\t\t                                                            <div class=\"btn-wraper\">\n                                    \n                                                                            <a class=\"elementskit-btn whitespace--normal\" id=\"\" href=\"https:\/\/www.yongtongdipipe.com\/es\/pu-pipe-and-pipe-fittings-and-valves-installation\/\">\n                                        \t                                            Seguir leyendo                                         <\/a>\n                                                                    <\/div>\n                                                    <\/div><!-- .elementskit-post-body END -->\n                    <\/div>\n                \n            <\/div>\n                    <div class=\"col-lg-6 col-md-6\">\n\n                                    <div class=\"elementskit-post-image-card\">\n                        <div class=\"elementskit-entry-header\">\n                                                            <a href=\"https:\/\/www.yongtongdipipe.com\/es\/hello-world\/\" class=\"elementskit-entry-thumb\">\n                                    <img decoding=\"async\" src=\"https:\/\/www.yongtongdipipe.com\/wp-content\/uploads\/2024\/11\/BS-EN545598-Ductile-Iron-Pipe1-1.jpg\" alt=\"PIPE &#038; PIPE FITTING\">\n                                <\/a><!-- .elementskit-entry-thumb END -->\n                                                            \n                            \n\t\t\t\t\t\t\t\t\t\t\t\t\t<\/div><!-- .elementskit-entry-header END -->\n\n\t\t\t\t\t\t<div class=\"elementskit-post-body\">\n\t\t\t\t\t\t\t\n\t\t\t\t\t\t\t\t\t\t\t\t\t\t\t\t\t\t\t\t\t\t\t\t\t\n\t\t\t\t\t\t\t\t\n\t\t\t\t\t\t\t\t\t\t\t\t\t\t\t\t\t\t\t\t\t<h2 class=\"entry-title\">\n\t\t\t\t\t<a href=\"https:\/\/www.yongtongdipipe.com\/es\/hello-world\/\">\n\t\t\t\t\t\tTUBER\u00cdAS Y ACCESORIOS DE TUBER\u00cdAS\t\t\t\t\t<\/a>\n\t\t\t\t<\/h2>\n\t\t\t\t\t\t\t\t\t\t\t\t\t\t\t\t\t\t\t\t\t\t\t\t\t\t\t\t\t\t\t\t\t\t\t\t\t\t\t\t\t\t<p>Nuestros principales productos son productos de hierro d\u00factil para el suministro de agua...<\/p>\n\t\t\t\t\t\t\t\t\t\t\t\t\t\t\t\t\t\t\t\t\t\t                                                            <div class=\"btn-wraper\">\n                                    \n                                                                            <a class=\"elementskit-btn whitespace--normal\" id=\"\" href=\"https:\/\/www.yongtongdipipe.com\/es\/hello-world\/\">\n                                        \t                                            Seguir leyendo                                         <\/a>\n                                                                    <\/div>\n                                                    <\/div><!-- .elementskit-post-body END -->\n                    <\/div>\n                \n            <\/div>\n                <\/div>\n       <\/div>\t\t\t\t<\/div>\n\t\t\t\t<\/div>\n\t\t\t\t\t<\/div>\n\t\t<\/div>\n\t\t\t\t\t<\/div>\n\t\t<\/section>\n\t\t\t\t<\/div>","protected":false},"excerpt":{"rendered":"<p>D\u00f3nde encontrar \u4e16\u754c\uff0c\u60a8\u597d\uff01 \u6b22\u8fce\u4f7f\u7528 WordP... Read More<\/p>","protected":false},"author":1,"featured_media":0,"parent":0,"menu_order":0,"comment_status":"closed","ping_status":"closed","template":"elementor_header_footer","meta":{"_kadence_starter_templates_imported_post":false,"_kad_post_transparent":"","_kad_post_title":"hide","_kad_post_layout":"fullwidth","_kad_post_sidebar_id":"","_kad_post_content_style":"unboxed","_kad_post_vertical_padding":"hide","_kad_post_feature":"hide","_kad_post_feature_position":"","_kad_post_header":false,"_kad_post_footer":false,"footnotes":""},"class_list":["post-489","page","type-page","status-publish","hentry"],"jetpack_sharing_enabled":true,"_links":{"self":[{"href":"https:\/\/www.yongtongdipipe.com\/es\/wp-json\/wp\/v2\/pages\/489","targetHints":{"allow":["GET"]}}],"collection":[{"href":"https:\/\/www.yongtongdipipe.com\/es\/wp-json\/wp\/v2\/pages"}],"about":[{"href":"https:\/\/www.yongtongdipipe.com\/es\/wp-json\/wp\/v2\/types\/page"}],"author":[{"embeddable":true,"href":"https:\/\/www.yongtongdipipe.com\/es\/wp-json\/wp\/v2\/users\/1"}],"replies":[{"embeddable":true,"href":"https:\/\/www.yongtongdipipe.com\/es\/wp-json\/wp\/v2\/comments?post=489"}],"version-history":[{"count":4,"href":"https:\/\/www.yongtongdipipe.com\/es\/wp-json\/wp\/v2\/pages\/489\/revisions"}],"predecessor-version":[{"id":499,"href":"https:\/\/www.yongtongdipipe.com\/es\/wp-json\/wp\/v2\/pages\/489\/revisions\/499"}],"wp:attachment":[{"href":"https:\/\/www.yongtongdipipe.com\/es\/wp-json\/wp\/v2\/media?parent=489"}],"curies":[{"name":"wp","href":"https:\/\/api.w.org\/{rel}","templated":true}]}}