{"id":1035,"date":"2024-11-13T11:21:21","date_gmt":"2024-11-13T03:21:21","guid":{"rendered":"http:\/\/www.yongtongdipipe.com\/?post_type=product&#038;p=1035"},"modified":"2025-02-23T10:17:10","modified_gmt":"2025-02-23T02:17:10","slug":"pu-coated-ductile-iron-pipe","status":"publish","type":"product","link":"https:\/\/www.yongtongdipipe.com\/es\/producto\/pu-coated-ductile-iron-pipe\/","title":{"rendered":"Tubos de hierro d\u00factil revestidos de PU"},"content":{"rendered":"<p>China proveedor superior ISO2531 EN545 Poliuretano PU recubrimiento Tubos de hierro d\u00factil C40 K9 agua potable<\/p>\n<p>Standard:ISO2531\/EN545<\/p>\n<p><img fetchpriority=\"high\" decoding=\"async\" class=\"alignnone wp-image-1055 size-full\" src=\"http:\/\/www.yongtongdipipe.com\/wp-content\/uploads\/2024\/11\/33333333333-1.jpg\" alt=\"\" width=\"787\" height=\"341\" srcset=\"https:\/\/www.yongtongdipipe.com\/wp-content\/uploads\/2024\/11\/33333333333-1.jpg 787w, https:\/\/www.yongtongdipipe.com\/wp-content\/uploads\/2024\/11\/33333333333-1-300x130.jpg 300w, https:\/\/www.yongtongdipipe.com\/wp-content\/uploads\/2024\/11\/33333333333-1-768x333.jpg 768w, https:\/\/www.yongtongdipipe.com\/wp-content\/uploads\/2024\/11\/33333333333-1-18x8.jpg 18w, https:\/\/www.yongtongdipipe.com\/wp-content\/uploads\/2024\/11\/33333333333-1-600x260.jpg 600w\" sizes=\"(max-width: 787px) 100vw, 787px\" \/><\/p>\n<div class=\"J_module\">\n<div class=\"ife-detail-decorate-table\">\n<table class=\"hight-light-first-column all magic-14\">\n<tbody>\n<tr>\n<td colspan=\"1\" rowspan=\"1\">\n<div class=\"magic-15\"><b class=\"magic-10\" data-spm-anchor-id=\"a2700.custom-template.0.i56.797733337ZHkg0\"><span style=\"font-family: Verdana;\" data-spm-anchor-id=\"a2700.details.0.i84.53811754zYfeog\">Art\u00edculo<\/span><\/b><\/div>\n<\/td>\n<td colspan=\"1\" rowspan=\"1\">\n<div class=\"magic-16\"><span class=\"magic-10\" data-spm-anchor-id=\"a2700.custom-template.0.i54.797733337ZHkg0\"><span style=\"font-family: Verdana;\">Tuber\u00eda de hierro d\u00factil<\/span><\/span><\/div>\n<\/td>\n<\/tr>\n<tr>\n<td colspan=\"1\" rowspan=\"1\">\n<div class=\"magic-15\"><span class=\"magic-10\" data-spm-anchor-id=\"a2700.custom-template.0.i6.79773333yEvL81\"><b class=\"magic-10\"><span style=\"font-family: Verdana;\">Clase<\/span><\/b><\/span><\/div>\n<\/td>\n<td colspan=\"1\" rowspan=\"1\">\n<div class=\"magic-16\"><span style=\"font-family: Verdana;\">K9, K10, K11, K12\uff0cK9, K8, C25, C30, C40, etc.<\/span><\/div>\n<\/td>\n<\/tr>\n<tr>\n<td colspan=\"1\" rowspan=\"1\">\n<div class=\"magic-15\"><span style=\"font-family: Verdana;\"><b class=\"magic-10\">Junta de tuber\u00eda<\/b><\/span><\/div>\n<\/td>\n<td colspan=\"1\" rowspan=\"1\">\n<div class=\"magic-16\"><span style=\"font-family: Verdana;\">junta de empuje (junta Tyton), junta tipo K, junta autorretr\u00e1ctil<\/span><\/div>\n<\/td>\n<\/tr>\n<tr>\n<td colspan=\"1\" rowspan=\"1\">\n<div class=\"magic-15\"><b class=\"magic-10\"><span style=\"font-family: Verdana;\">Talla<\/span><\/b><\/div>\n<\/td>\n<td colspan=\"1\" rowspan=\"1\">\n<div class=\"magic-16\"><span style=\"font-family: Verdana;\">Di\u00e1metro exterior: 98 mm-1255 mm<br \/>\nDi\u00e1metro interior: 80 mm-1200 mm<br \/>\nEspesor de pared: 6 mm-153 mm<br \/>\nLongitud: 6 m, cortado a 5,7 m, o seg\u00fan las necesidades.<\/span><\/div>\n<\/td>\n<\/tr>\n<tr>\n<td colspan=\"1\" rowspan=\"1\">\n<div class=\"magic-15\"><b class=\"magic-10\"><span style=\"font-family: Verdana;\">Superficie<\/span><\/b><\/div>\n<\/td>\n<td colspan=\"1\" rowspan=\"1\">\n<div class=\"magic-16\"><span style=\"font-family: Verdana;\">Revestimiento bituminoso exterior, o seg\u00fan se requiera.<\/span><\/div>\n<\/td>\n<\/tr>\n<tr>\n<td colspan=\"1\" rowspan=\"1\">\n<div class=\"magic-15\"><b class=\"magic-10\"><span style=\"font-family: Verdana;\">Aplicaci\u00f3n<\/span><\/b><\/div>\n<\/td>\n<td colspan=\"1\" rowspan=\"1\">\n<div class=\"magic-16\"><span style=\"font-family: Verdana;\">Proyecto de abastecimiento de agua, drenaje, alcantarillado, riego, conducci\u00f3n de agua, etc.<\/span><\/div>\n<\/td>\n<\/tr>\n<tr>\n<td colspan=\"1\" rowspan=\"1\">\n<div class=\"magic-15\"><b class=\"magic-10\"><span style=\"font-family: Verdana;\">Paquete<\/span><\/b><\/div>\n<\/td>\n<td colspan=\"1\" rowspan=\"1\">\n<div class=\"magic-16\"><span style=\"font-family: Verdana;\">Paquete de exportaci\u00f3n est\u00e1ndar, o seg\u00fan se requiera.<\/span><\/div>\n<\/td>\n<\/tr>\n<tr>\n<td colspan=\"1\" rowspan=\"1\">\n<div class=\"magic-15\"><b class=\"magic-10\"><span style=\"font-family: Verdana;\">Precio<\/span><\/b><\/div>\n<\/td>\n<td colspan=\"1\" rowspan=\"1\">\n<div class=\"magic-16\"><span style=\"font-family: Verdana;\">FOB, EXW, CIF, CFR, etc.<\/span><\/div>\n<\/td>\n<\/tr>\n<tr>\n<td colspan=\"1\" rowspan=\"1\">\n<div class=\"magic-15\"><b class=\"magic-10\"><span style=\"font-family: Verdana;\">Pago<\/span><\/b><\/div>\n<\/td>\n<td colspan=\"1\" rowspan=\"1\">\n<div class=\"magic-16\"><span style=\"font-family: Verdana;\">T\/T, L\/C, Western Union, etc.<\/span><\/div>\n<\/td>\n<\/tr>\n<tr>\n<td colspan=\"1\" rowspan=\"1\">\n<div class=\"magic-15\"><b class=\"magic-10\"><span style=\"font-family: Verdana;\">Certificados<\/span><\/b><\/div>\n<\/td>\n<td colspan=\"1\" rowspan=\"1\">\n<div class=\"magic-16\"><span style=\"font-family: Verdana;\">ISO, CE, BSI, WRAS<\/span><\/div>\n<\/td>\n<\/tr>\n<\/tbody>\n<\/table>\n<\/div>\n<\/div>\n<div class=\"J_module\">\n<div class=\"detail-decorate-json-renderer-container\">\n<div class=\"magic-0\">\n<div class=\"magic-1\">\n<div class=\"magic-2\">\n<div class=\"magic-3\"><span class=\"magic-17\" style=\"font-family: Verdana;\" data-spm-anchor-id=\"a2700.details.0.i86.53811754zYfeog\"><b class=\"magic-10\">Especificaciones:<br \/>\n<\/b>1) La norma de la tuber\u00eda: ISO 2531, EN545<br \/>\n2) Clase de tubo: K9, C40, C30, C25, etc.<br \/>\n3) Uni\u00f3n de tuber\u00edas: uni\u00f3n por empuje (uni\u00f3n Tyton), uni\u00f3n tipo K, uni\u00f3n autorretenida.<br \/>\n4) Longitud efectiva: en general, la longitud de la tuber\u00eda es de 6 m para el transporte a granel y de 5,7 m para el transporte en contenedor.<br \/>\n5) Revestimiento interior: revestimiento de mortero de cemento seg\u00fan ISO4179<br \/>\n6) Revestimiento de zinc: al menos 130 g\/m2 seg\u00fan ISO 8179<br \/>\n7) Pintura bituminosa: al menos 70um seg\u00fan ISO 8179<br \/>\n8) Las juntas son de caucho NBR, caucho natural, caucho SBR o anillo de caucho EPDM seg\u00fan ISO4633<br \/>\n9) DN 80 - 2.600 mm<br \/>\n10) Alta resistencia, m\u00e1s ligero que el hierro gris, buena resistencia a la corrosi\u00f3n, sin enrasado, peque\u00f1a resistencia al flujo, f\u00e1cil fijaci\u00f3n, larga vida \u00fatil.<br \/>\n11) Comprobado por un equipo de inspecci\u00f3n autom\u00e1tico<br \/>\n12) Composici\u00f3n qu\u00edmica: (%)<br \/>\n3. a) C: 3,5 - 4,0<br \/>\n4. b) Si: 1,9 - 2,6<br \/>\n5. c) Mn:0,15 - 0,45<br \/>\n6. c) P: &lt;0,06<br \/>\n7. d) S: &lt;0,02<br \/>\n13) Propiedades mec\u00e1nicas<br \/>\n1. a) Resistencia a la tracci\u00f3n: \u2265420MPa<br \/>\n2. b) L\u00edmite el\u00e1stico: \u2265300Mpa<br \/>\n3. c) Dureza: \u2264230HB<br \/>\n4. d) Alargamiento%: DN80 - 1000 \u226510 DN1200 - 2200 \u22657<\/span><\/p>\n<div><span class=\"magic-17\" style=\"font-family: Verdana;\" data-spm-anchor-id=\"a2700.details.0.i85.53811754zYfeog\"><span class=\"magic-17\" style=\"font-family: Verdana;\" data-spm-anchor-id=\"a2700.details.0.i85.53811754zYfeog\">14) Proceso y pruebas:<br \/>\n1. a) Horno de inducci\u00f3n y metal tratado (An\u00e1lisis qu\u00edmico de la materia prima, esferoidizaci\u00f3n y nodularidad)<br \/>\n2. b) Colada (Comprobaci\u00f3n visual y comprobaci\u00f3n del peso)<br \/>\n3. c) Tratamiento t\u00e9rmico (microestructura)<br \/>\n4. d) Prueba hidrost\u00e1tica (prueba de presi\u00f3n)<br \/>\n5. e) Comprobaciones dimensionales (Comprobaci\u00f3n de la longitud y uni\u00f3n de los tubos, di\u00e1metro exterior, grosor de las paredes, aspecto)<br \/>\n6. f) Pulverizaci\u00f3n de cinc (ensayo de espesor)<br \/>\n7. g) Revestimiento y recubrimiento (100% control visual, prueba de espesor aleatoria)<br \/>\n8. i) Marcado y embalaje (control visual 100%)<\/span><\/span>15) El revestimiento del tubo puede ser personalizado, como, aleaci\u00f3n de zinc-aluminio, PU, etc.<\/p>\n<p><b>Embalaje: atado con cintas de acero o a granel<br \/>\nEnv\u00edo: a granel o en contenedor<\/b><\/p>\n<\/div>\n<div><\/div>\n<\/div>\n<\/div>\n<\/div>\n<\/div>\n<\/div>\n<\/div>\n<p>&nbsp;<\/p>","protected":false},"excerpt":{"rendered":"<p>China proveedor superior ISO2531 EN545 EN598 Poliuretano PU recubrimiento Tubos de hierro d\u00factil C40 K9 agua potable<\/p>\n<p>Standard:ISO2531\/EN545\/EN598<\/p>\n<p><img fetchpriority=\"high\" decoding=\"async\" class=\"alignnone wp-image-1055 size-full\" src=\"http:\/\/www.yongtongdipipe.com\/wp-content\/uploads\/2024\/11\/33333333333-1.jpg\" alt=\"\" width=\"787\" height=\"341\" srcset=\"https:\/\/www.yongtongdipipe.com\/wp-content\/uploads\/2024\/11\/33333333333-1.jpg 787w, https:\/\/www.yongtongdipipe.com\/wp-content\/uploads\/2024\/11\/33333333333-1-300x130.jpg 300w, https:\/\/www.yongtongdipipe.com\/wp-content\/uploads\/2024\/11\/33333333333-1-768x333.jpg 768w, https:\/\/www.yongtongdipipe.com\/wp-content\/uploads\/2024\/11\/33333333333-1-18x8.jpg 18w, https:\/\/www.yongtongdipipe.com\/wp-content\/uploads\/2024\/11\/33333333333-1-600x260.jpg 600w\" sizes=\"(max-width: 787px) 100vw, 787px\" \/><\/p>\n<p>&nbsp;<\/p>","protected":false},"featured_media":1385,"comment_status":"open","ping_status":"closed","template":"","meta":{"_kadence_starter_templates_imported_post":false,"_kad_post_transparent":"default","_kad_post_title":"","_kad_post_layout":"default","_kad_post_sidebar_id":"","_kad_post_content_style":"default","_kad_post_vertical_padding":"default","_kad_post_feature":"","_kad_post_feature_position":"","_kad_post_header":false,"_kad_post_footer":false},"product_brand":[],"product_cat":[41],"product_tag":[],"class_list":{"0":"post-1035","1":"product","2":"type-product","3":"status-publish","4":"has-post-thumbnail","6":"product_cat-pu-coated-ductile-iron-pipe","8":"first","9":"instock","10":"shipping-taxable","11":"product-type-simple","12":"entry","13":"content-bg","14":"loop-entry"},"jetpack_sharing_enabled":true,"_links":{"self":[{"href":"https:\/\/www.yongtongdipipe.com\/es\/wp-json\/wp\/v2\/product\/1035","targetHints":{"allow":["GET"]}}],"collection":[{"href":"https:\/\/www.yongtongdipipe.com\/es\/wp-json\/wp\/v2\/product"}],"about":[{"href":"https:\/\/www.yongtongdipipe.com\/es\/wp-json\/wp\/v2\/types\/product"}],"replies":[{"embeddable":true,"href":"https:\/\/www.yongtongdipipe.com\/es\/wp-json\/wp\/v2\/comments?post=1035"}],"wp:featuredmedia":[{"embeddable":true,"href":"https:\/\/www.yongtongdipipe.com\/es\/wp-json\/wp\/v2\/media\/1385"}],"wp:attachment":[{"href":"https:\/\/www.yongtongdipipe.com\/es\/wp-json\/wp\/v2\/media?parent=1035"}],"wp:term":[{"taxonomy":"product_brand","embeddable":true,"href":"https:\/\/www.yongtongdipipe.com\/es\/wp-json\/wp\/v2\/product_brand?post=1035"},{"taxonomy":"product_cat","embeddable":true,"href":"https:\/\/www.yongtongdipipe.com\/es\/wp-json\/wp\/v2\/product_cat?post=1035"},{"taxonomy":"product_tag","embeddable":true,"href":"https:\/\/www.yongtongdipipe.com\/es\/wp-json\/wp\/v2\/product_tag?post=1035"}],"curies":[{"name":"wp","href":"https:\/\/api.w.org\/{rel}","templated":true}]}}