{"id":1126,"date":"2024-11-14T14:36:56","date_gmt":"2024-11-14T06:36:56","guid":{"rendered":"http:\/\/www.yongtongdipipe.com\/?post_type=product&#038;p=1126"},"modified":"2025-02-27T10:56:44","modified_gmt":"2025-02-27T02:56:44","slug":"ductile-iron-double-socket-socket-spigot-bend-22-5","status":"publish","type":"product","link":"https:\/\/www.yongtongdipipe.com\/es\/producto\/ductile-iron-double-socket-socket-spigot-bend-22-5\/","title":{"rendered":"Codo de hierro d\u00factil de doble enchufe-22,5\u00b0."},"content":{"rendered":"<div style=\"width: 720px;\" class=\"wp-video\"><!--[if lt IE 9]><script>document.createElement('video');<\/script><![endif]-->\n<video class=\"wp-video-shortcode\" id=\"video-1126-1\" width=\"720\" height=\"720\" preload=\"metadata\" controls=\"controls\"><source type=\"video\/mp4\" src=\"https:\/\/www.yongtongdipipe.com\/wp-content\/uploads\/2024\/11\/17-\u7ba1\u4ef6\u89c6\u9891.mp4?_=1\" \/><a href=\"https:\/\/www.yongtongdipipe.com\/wp-content\/uploads\/2024\/11\/17-\u7ba1\u4ef6\u89c6\u9891.mp4\">https:\/\/www.yongtongdipipe.com\/wp-content\/uploads\/2024\/11\/17-\u7ba1\u4ef6\u89c6\u9891.mp4<\/a><\/video><\/div>\n<p style=\"text-align: center;\"><strong>Codo de hierro d\u00factil de doble enchufe-22,5\u00b0.<\/strong><\/p>\n<p><img fetchpriority=\"high\" decoding=\"async\" class=\"wp-image-1444 size-full aligncenter\" src=\"https:\/\/www.yongtongdipipe.com\/wp-content\/uploads\/2024\/11\/1-4.png\" alt=\"\" width=\"969\" height=\"261\" srcset=\"https:\/\/www.yongtongdipipe.com\/wp-content\/uploads\/2024\/11\/1-4.png 969w, https:\/\/www.yongtongdipipe.com\/wp-content\/uploads\/2024\/11\/1-4-300x81.png 300w, https:\/\/www.yongtongdipipe.com\/wp-content\/uploads\/2024\/11\/1-4-768x207.png 768w, https:\/\/www.yongtongdipipe.com\/wp-content\/uploads\/2024\/11\/1-4-18x5.png 18w, https:\/\/www.yongtongdipipe.com\/wp-content\/uploads\/2024\/11\/1-4-600x162.png 600w\" sizes=\"(max-width: 969px) 100vw, 969px\" \/><\/p>\n<p><img decoding=\"async\" class=\"wp-image-1600 aligncenter\" src=\"https:\/\/www.yongtongdipipe.com\/wp-content\/uploads\/2024\/11\/65-2600-1.jpg\" alt=\"\" width=\"674\" height=\"823\" srcset=\"https:\/\/www.yongtongdipipe.com\/wp-content\/uploads\/2024\/11\/65-2600-1.jpg 576w, https:\/\/www.yongtongdipipe.com\/wp-content\/uploads\/2024\/11\/65-2600-1-246x300.jpg 246w, https:\/\/www.yongtongdipipe.com\/wp-content\/uploads\/2024\/11\/65-2600-1-10x12.jpg 10w\" sizes=\"(max-width: 674px) 100vw, 674px\" \/><\/p>\n<table>\n<thead>\n<tr>\n<th>Categor\u00eda<\/th>\n<th>Detalles<\/th>\n<\/tr>\n<\/thead>\n<tbody>\n<tr>\n<td>Tipo<\/td>\n<td>Racor Tyton (a presi\u00f3n)<br class=\"container-utlnW2 wrapper-d0Cc1k undefined\" \/>Racores con brida<br class=\"container-utlnW2 wrapper-d0Cc1k undefined\" \/>Racor atornillado tipo K<br class=\"container-utlnW2 wrapper-d0Cc1k undefined\" \/>Uni\u00f3n mec\u00e1nica de tuber\u00edas<br class=\"container-utlnW2 wrapper-d0Cc1k undefined\" \/>Accesorios de hierro d\u00factil para tuber\u00edas de PVC<\/td>\n<\/tr>\n<tr>\n<td>Est\u00e1ndar<\/td>\n<td>ISO2531, EN545, EN598, BS4772, EN12842, AWWA C110, AWWA C153, etc.<\/td>\n<\/tr>\n<tr>\n<td>Talla<\/td>\n<td>DN80~2600mm<\/td>\n<\/tr>\n<tr>\n<td>Presi\u00f3n<\/td>\n<td>PN10, PN16, PN25, PN40<\/td>\n<\/tr>\n<tr>\n<td>Aplicaci\u00f3n<\/td>\n<td>Proyecto de abastecimiento de agua, drenaje, alcantarillado, riego, conducci\u00f3n de agua.<\/td>\n<\/tr>\n<tr>\n<td>Certificado<\/td>\n<td>ISO9001, BV, WRAS, BSI, CE<\/td>\n<\/tr>\n<tr>\n<td>Revestimiento interior<\/td>\n<td>a). Revestimiento de mortero de cemento Portland<br class=\"container-utlnW2 wrapper-d0Cc1k undefined\" \/>b). Revestimiento de mortero de cemento resistente a los sulfatos<br class=\"container-utlnW2 wrapper-d0Cc1k undefined\" \/>c). Alto - Revestimiento de mortero de cemento de aluminio<br class=\"container-utlnW2 wrapper-d0Cc1k undefined\" \/>d). Revestimiento epox\u00eddico unido por fusi\u00f3n<br class=\"container-utlnW2 wrapper-d0Cc1k undefined\" \/>e). Pintura epoxi l\u00edquida<br class=\"container-utlnW2 wrapper-d0Cc1k undefined\" \/>f). Pintura bituminosa negra<\/td>\n<\/tr>\n<tr>\n<td>Revestimiento exterior<\/td>\n<td>a). Pintura de zinc + bet\u00fan<br class=\"container-utlnW2 wrapper-d0Cc1k undefined\" \/>b). Revestimiento epox\u00eddico unido por fusi\u00f3n<br class=\"container-utlnW2 wrapper-d0Cc1k undefined\" \/>c). Zinc - aleaci\u00f3n de aluminio + pintura epoxi l\u00edquida<\/td>\n<\/tr>\n<tr>\n<td>Accesorios<\/td>\n<td>Anillos y juntas de goma: SBR o EPDM<br class=\"container-utlnW2 wrapper-d0Cc1k undefined\" \/>Pernos y tuercas: Acero al carbono galvanizado G4.8\/G8.8, o SS304\/SS316<\/td>\n<\/tr>\n<tr>\n<td>Embalaje<\/td>\n<td>Caja\/palet de madera con capa de pl\u00e1stico, o seg\u00fan los requisitos del cliente.<\/td>\n<\/tr>\n<\/tbody>\n<\/table>\n<p align=\"left\">","protected":false},"excerpt":{"rendered":"<p>Codo doble de hierro d\u00factil-22.5 \u00b0 Categor\u00eda Detalles Tipo Tyton (empuje) Socket Pipe FittingFlange Pipe FittingK tipo atornillado Gland FittingMechanical Joint Pipe FittingDuctile Iron Pipe Fitting para tuber\u00edas de PVC Norma ISO2531, EN545, EN598, BS4772, EN12842, AWWA C110, AWWA C153, etc Tama\u00f1o DN80~2600mm Presi\u00f3n PN10, PN16, PN25, PN40 Aplicaci\u00f3n Proyecto de abastecimiento de agua, drenaje, alcantarillado, riego,...<\/p>","protected":false},"featured_media":1821,"comment_status":"open","ping_status":"closed","template":"","meta":{"_kadence_starter_templates_imported_post":false,"_kad_post_transparent":"default","_kad_post_title":"","_kad_post_layout":"default","_kad_post_sidebar_id":"","_kad_post_content_style":"default","_kad_post_vertical_padding":"default","_kad_post_feature":"","_kad_post_feature_position":"","_kad_post_header":false,"_kad_post_footer":false},"product_brand":[],"product_cat":[15,82],"product_tag":[],"class_list":{"0":"post-1126","1":"product","2":"type-product","3":"status-publish","4":"has-post-thumbnail","6":"product_cat-uncategorized","7":"product_cat-ductile-iron-double-socket-socket-spigot-bend-22-5","9":"first","10":"instock","11":"shipping-taxable","12":"product-type-simple","13":"entry","14":"content-bg","15":"loop-entry"},"jetpack_sharing_enabled":true,"_links":{"self":[{"href":"https:\/\/www.yongtongdipipe.com\/es\/wp-json\/wp\/v2\/product\/1126","targetHints":{"allow":["GET"]}}],"collection":[{"href":"https:\/\/www.yongtongdipipe.com\/es\/wp-json\/wp\/v2\/product"}],"about":[{"href":"https:\/\/www.yongtongdipipe.com\/es\/wp-json\/wp\/v2\/types\/product"}],"replies":[{"embeddable":true,"href":"https:\/\/www.yongtongdipipe.com\/es\/wp-json\/wp\/v2\/comments?post=1126"}],"wp:featuredmedia":[{"embeddable":true,"href":"https:\/\/www.yongtongdipipe.com\/es\/wp-json\/wp\/v2\/media\/1821"}],"wp:attachment":[{"href":"https:\/\/www.yongtongdipipe.com\/es\/wp-json\/wp\/v2\/media?parent=1126"}],"wp:term":[{"taxonomy":"product_brand","embeddable":true,"href":"https:\/\/www.yongtongdipipe.com\/es\/wp-json\/wp\/v2\/product_brand?post=1126"},{"taxonomy":"product_cat","embeddable":true,"href":"https:\/\/www.yongtongdipipe.com\/es\/wp-json\/wp\/v2\/product_cat?post=1126"},{"taxonomy":"product_tag","embeddable":true,"href":"https:\/\/www.yongtongdipipe.com\/es\/wp-json\/wp\/v2\/product_tag?post=1126"}],"curies":[{"name":"wp","href":"https:\/\/api.w.org\/{rel}","templated":true}]}}