{"id":1226,"date":"2024-11-18T08:28:21","date_gmt":"2024-11-18T00:28:21","guid":{"rendered":"https:\/\/www.yongtongdipipe.com\/?post_type=product&#038;p=1226"},"modified":"2025-02-27T18:24:12","modified_gmt":"2025-02-27T10:24:12","slug":"double-orifice-air-release-valve","status":"publish","type":"product","link":"https:\/\/www.yongtongdipipe.com\/es\/producto\/double-orifice-air-release-valve\/","title":{"rendered":"V\u00e1lvula de purga de aire de doble orificio"},"content":{"rendered":"<p><strong>V\u00e1lvula de purga de aire de doble orificio<\/strong><\/p>\n<div style=\"width: 720px;\" class=\"wp-video\"><!--[if lt IE 9]><script>document.createElement('video');<\/script><![endif]-->\n<video class=\"wp-video-shortcode\" id=\"video-1226-1\" width=\"720\" height=\"720\" preload=\"metadata\" controls=\"controls\"><source type=\"video\/mp4\" src=\"https:\/\/www.yongtongdipipe.com\/wp-content\/uploads\/2024\/11\/23-\u6392\u6c14\u9600\u89c6\u9891.mp4?_=1\" \/><a href=\"https:\/\/www.yongtongdipipe.com\/wp-content\/uploads\/2024\/11\/23-\u6392\u6c14\u9600\u89c6\u9891.mp4\">https:\/\/www.yongtongdipipe.com\/wp-content\/uploads\/2024\/11\/23-\u6392\u6c14\u9600\u89c6\u9891.mp4<\/a><\/video><\/div>\n<p><strong><u><b>Materiales\uff1a<\/b><\/u><\/strong><\/p>\n<p>&nbsp;<\/p>\n<p><strong><b>1 Cuerpo Fundici\u00f3n d\u00factil ENGJS-500-7<\/b><\/strong><\/p>\n<p><strong><b>2 Tapa Fundici\u00f3n d\u00factil ENGJS-500-7<\/b><\/strong><\/p>\n<p><strong><b>3 Placa de blindaje Fundici\u00f3n d\u00factil ENGJS-500-7<\/b><\/strong><\/p>\n<p><strong><b>4 Asiento de gran orificio EPDM<\/b><\/strong><\/p>\n<p><strong><b>5 Flotador de gran orificio Pl\u00e1stico ABS<\/b><\/strong><\/p>\n<p><strong><b>6 Flotador de orificio peque\u00f1o Pl\u00e1stico ABS<\/b><\/strong><\/p>\n<p><strong><b>7 Tap\u00f3n de orificio Nylon<\/b><\/strong><\/p>\n<p><strong><b>8 Tuerca de orificio Nylon<\/b><\/strong><\/p>\n<p><strong><b>9 Pasador de bisagra SS316<\/b><\/strong><\/p>\n<p><strong><b>10 Tornillo de tope SS316<\/b><\/strong><\/p>\n<p><strong><b>11 Junta de orificio peque\u00f1o EPDM <\/b><\/strong><\/p>\n<p><strong><b>12 Junta t\u00f3rica de la c\u00e1mara EPDM<\/b><\/strong><\/p>\n<p><strong><b>13 Junta, tap\u00f3n de orificio EPDM<\/b><\/strong><\/p>\n<p><strong><b>14 Esp\u00e1rragos y tuercas SS304<\/b><\/strong><\/p>\n<p><strong><b>15 Tornillos y tuercas SS304<\/b><\/strong><\/p>\n<p><strong><b>16 Tornillos prisioneros de c\u00e1mara SS304<\/b><\/strong><\/p>\n<p><strong><b>17 C\u00e1mara Fundici\u00f3n d\u00factil ENGJS-500-7<\/b><\/strong><\/p>\n<p>&nbsp;<\/p>","protected":false},"excerpt":{"rendered":"<p>V\u00e1lvula de purga de aire de doble orificio Materiales\uff1a 1 Cuerpo Hierro d\u00factil ENGJS-500-7 2 Tapa Hierro d\u00factil ENGJS-500-7 3 Placa de blindaje Hierro d\u00factil ENGJS-500-7 4 Asiento de orificio grande EPDM 5 Flotador de orificio grande Pl\u00e1stico ABS 6 Orificio peque\u00f1o...<\/p>","protected":false},"featured_media":1227,"comment_status":"open","ping_status":"closed","template":"","meta":{"_kadence_starter_templates_imported_post":false,"_kad_post_transparent":"default","_kad_post_title":"","_kad_post_layout":"default","_kad_post_sidebar_id":"","_kad_post_content_style":"default","_kad_post_vertical_padding":"default","_kad_post_feature":"","_kad_post_feature_position":"","_kad_post_header":false,"_kad_post_footer":false},"product_brand":[],"product_cat":[66],"product_tag":[],"class_list":{"0":"post-1226","1":"product","2":"type-product","3":"status-publish","4":"has-post-thumbnail","6":"product_cat-double-orifice-air-release-valv","8":"first","9":"instock","10":"shipping-taxable","11":"product-type-simple","12":"entry","13":"content-bg","14":"loop-entry"},"jetpack_sharing_enabled":true,"_links":{"self":[{"href":"https:\/\/www.yongtongdipipe.com\/es\/wp-json\/wp\/v2\/product\/1226","targetHints":{"allow":["GET"]}}],"collection":[{"href":"https:\/\/www.yongtongdipipe.com\/es\/wp-json\/wp\/v2\/product"}],"about":[{"href":"https:\/\/www.yongtongdipipe.com\/es\/wp-json\/wp\/v2\/types\/product"}],"replies":[{"embeddable":true,"href":"https:\/\/www.yongtongdipipe.com\/es\/wp-json\/wp\/v2\/comments?post=1226"}],"wp:featuredmedia":[{"embeddable":true,"href":"https:\/\/www.yongtongdipipe.com\/es\/wp-json\/wp\/v2\/media\/1227"}],"wp:attachment":[{"href":"https:\/\/www.yongtongdipipe.com\/es\/wp-json\/wp\/v2\/media?parent=1226"}],"wp:term":[{"taxonomy":"product_brand","embeddable":true,"href":"https:\/\/www.yongtongdipipe.com\/es\/wp-json\/wp\/v2\/product_brand?post=1226"},{"taxonomy":"product_cat","embeddable":true,"href":"https:\/\/www.yongtongdipipe.com\/es\/wp-json\/wp\/v2\/product_cat?post=1226"},{"taxonomy":"product_tag","embeddable":true,"href":"https:\/\/www.yongtongdipipe.com\/es\/wp-json\/wp\/v2\/product_tag?post=1226"}],"curies":[{"name":"wp","href":"https:\/\/api.w.org\/{rel}","templated":true}]}}