{"id":1279,"date":"2024-11-19T11:11:47","date_gmt":"2024-11-19T03:11:47","guid":{"rendered":"https:\/\/www.yongtongdipipe.com\/?post_type=product&#038;p=1279"},"modified":"2025-02-26T08:18:51","modified_gmt":"2025-02-26T00:18:51","slug":"dismantling-joint-type-a-2","status":"publish","type":"product","link":"https:\/\/www.yongtongdipipe.com\/es\/producto\/dismantling-joint-type-a-2\/","title":{"rendered":"Junta de desmontaje tipo A"},"content":{"rendered":"<div style=\"width: 720px;\" class=\"wp-video\"><!--[if lt IE 9]><script>document.createElement('video');<\/script><![endif]-->\n<video class=\"wp-video-shortcode\" id=\"video-1279-1\" width=\"720\" height=\"1280\" preload=\"metadata\" controls=\"controls\"><source type=\"video\/mp4\" src=\"https:\/\/www.yongtongdipipe.com\/wp-content\/uploads\/2024\/11\/8-\u53ef\u62c6\u5378\u63a5\u5934\u89c6\u9891.mp4?_=1\" \/><a href=\"https:\/\/www.yongtongdipipe.com\/wp-content\/uploads\/2024\/11\/8-\u53ef\u62c6\u5378\u63a5\u5934\u89c6\u9891.mp4\">https:\/\/www.yongtongdipipe.com\/wp-content\/uploads\/2024\/11\/8-\u53ef\u62c6\u5378\u63a5\u5934\u89c6\u9891.mp4<\/a><\/video><\/div>\n<h2>Junta de desmontaje tipo A<\/h2>\n<p><img fetchpriority=\"high\" decoding=\"async\" class=\"alignnone wp-image-1283 size-full\" src=\"https:\/\/www.yongtongdipipe.com\/wp-content\/uploads\/2024\/11\/\u7b80\u6613\u56feA.jpg\" alt=\"\" width=\"476\" height=\"406\" srcset=\"https:\/\/www.yongtongdipipe.com\/wp-content\/uploads\/2024\/11\/\u7b80\u6613\u56feA.jpg 476w, https:\/\/www.yongtongdipipe.com\/wp-content\/uploads\/2024\/11\/\u7b80\u6613\u56feA-300x256.jpg 300w, https:\/\/www.yongtongdipipe.com\/wp-content\/uploads\/2024\/11\/\u7b80\u6613\u56feA-14x12.jpg 14w\" sizes=\"(max-width: 476px) 100vw, 476px\" \/><\/p>\n<p><img decoding=\"async\" class=\"alignnone wp-image-1284 size-full\" src=\"https:\/\/www.yongtongdipipe.com\/wp-content\/uploads\/2024\/11\/\u6570\u636e\u8868A.jpg\" alt=\"\" width=\"864\" height=\"583\" srcset=\"https:\/\/www.yongtongdipipe.com\/wp-content\/uploads\/2024\/11\/\u6570\u636e\u8868A.jpg 864w, https:\/\/www.yongtongdipipe.com\/wp-content\/uploads\/2024\/11\/\u6570\u636e\u8868A-300x202.jpg 300w, https:\/\/www.yongtongdipipe.com\/wp-content\/uploads\/2024\/11\/\u6570\u636e\u8868A-768x518.jpg 768w, https:\/\/www.yongtongdipipe.com\/wp-content\/uploads\/2024\/11\/\u6570\u636e\u8868A-18x12.jpg 18w, https:\/\/www.yongtongdipipe.com\/wp-content\/uploads\/2024\/11\/\u6570\u636e\u8868A-600x405.jpg 600w\" sizes=\"(max-width: 864px) 100vw, 864px\" \/><\/p>\n<p><strong><b>Acerca de 100% Tie Rods Todo con bridas Desmontaje Junta PN10 PN16:<\/b><\/strong><br \/>\nLa sencillez y versatilidad de los racores los hacen adecuados para numerosas aplicaciones, como estaciones de bombeo, obras de tratamiento de agua, obras de tratamiento de aguas residuales, salas de instalaciones, c\u00e1maras de contadores, equipos de generaci\u00f3n de energ\u00eda y estaciones de distribuci\u00f3n de gas.<br \/>\n<strong><b>CARACTER\u00cdSTICAS:<\/b><\/strong><br \/>\nConstrucci\u00f3n totalmente resistente a la corrosi\u00f3n<br \/>\nRevestimiento interior y exterior epoxi por fusi\u00f3n<br \/>\nConstrucci\u00f3n ligera de hierro d\u00factil<br \/>\nAmplia gama de articulaciones<br \/>\nSujetador de acero al carbono galvanizado en fr\u00edo<br \/>\nJuntas de EPDM con homologaci\u00f3n WRAS<br \/>\n<strong><b>ESPECIFICACIONES:<\/b><\/strong><br \/>\nEnsayo de tipo:EN14525\/BS8561<br \/>\nElastom\u00e9rico:EN681-2<br \/>\nFundici\u00f3n d\u00factil:EN1563 EN-GJS-450-10<br \/>\nRevestimiento:WIS4-52-01<\/p>\n<p>Especificaci\u00f3n de perforaci\u00f3n:EN1092-2<\/p>\n<p>Conexi\u00f3n para DI,Tuber\u00eda de acero ,<br \/>\nAdecuado para aplicaciones con agua y l\u00edquidos neutros (aguas residuales)<br \/>\nTemperatura de trabajo hasta 70\u00b0C<\/p>","protected":false},"excerpt":{"rendered":"<p>Junta Desmontable Tipo A Acerca de 100% Tirantes Todas las Bridas Junta Desmontable PN10 PN16: La simplicidad y versatilidad de los racores los hacen adecuados para muchas aplicaciones, incluyendo estaciones de bombeo, obras de tratamiento de aguas, obras de tratamiento de aguas residuales, salas de instalaciones, c\u00e1maras de contadores, equipos de generaci\u00f3n de energ\u00eda, estaciones de distribuci\u00f3n de gas. CARACTER\u00cdSTICAS: Construcci\u00f3n totalmente resistente a la corrosi\u00f3n Interior y exterior...<\/p>","protected":false},"featured_media":1280,"comment_status":"open","ping_status":"closed","template":"","meta":{"_kadence_starter_templates_imported_post":false,"_kad_post_transparent":"default","_kad_post_title":"","_kad_post_layout":"default","_kad_post_sidebar_id":"","_kad_post_content_style":"default","_kad_post_vertical_padding":"default","_kad_post_feature":"","_kad_post_feature_position":"","_kad_post_header":false,"_kad_post_footer":false},"product_brand":[],"product_cat":[29,44],"product_tag":[],"class_list":{"0":"post-1279","1":"product","2":"type-product","3":"status-publish","4":"has-post-thumbnail","6":"product_cat-dismantling-joint","7":"product_cat-dismantling-joint-type-a","9":"first","10":"instock","11":"shipping-taxable","12":"product-type-simple","13":"entry","14":"content-bg","15":"loop-entry"},"jetpack_sharing_enabled":true,"_links":{"self":[{"href":"https:\/\/www.yongtongdipipe.com\/es\/wp-json\/wp\/v2\/product\/1279","targetHints":{"allow":["GET"]}}],"collection":[{"href":"https:\/\/www.yongtongdipipe.com\/es\/wp-json\/wp\/v2\/product"}],"about":[{"href":"https:\/\/www.yongtongdipipe.com\/es\/wp-json\/wp\/v2\/types\/product"}],"replies":[{"embeddable":true,"href":"https:\/\/www.yongtongdipipe.com\/es\/wp-json\/wp\/v2\/comments?post=1279"}],"wp:featuredmedia":[{"embeddable":true,"href":"https:\/\/www.yongtongdipipe.com\/es\/wp-json\/wp\/v2\/media\/1280"}],"wp:attachment":[{"href":"https:\/\/www.yongtongdipipe.com\/es\/wp-json\/wp\/v2\/media?parent=1279"}],"wp:term":[{"taxonomy":"product_brand","embeddable":true,"href":"https:\/\/www.yongtongdipipe.com\/es\/wp-json\/wp\/v2\/product_brand?post=1279"},{"taxonomy":"product_cat","embeddable":true,"href":"https:\/\/www.yongtongdipipe.com\/es\/wp-json\/wp\/v2\/product_cat?post=1279"},{"taxonomy":"product_tag","embeddable":true,"href":"https:\/\/www.yongtongdipipe.com\/es\/wp-json\/wp\/v2\/product_tag?post=1279"}],"curies":[{"name":"wp","href":"https:\/\/api.w.org\/{rel}","templated":true}]}}