{"id":1292,"date":"2024-11-19T16:15:34","date_gmt":"2024-11-19T08:15:34","guid":{"rendered":"https:\/\/www.yongtongdipipe.com\/?post_type=product&#038;p=1292"},"modified":"2025-02-26T18:47:44","modified_gmt":"2025-02-26T10:47:44","slug":"dismantling-joint-type-b","status":"publish","type":"product","link":"https:\/\/www.yongtongdipipe.com\/es\/producto\/dismantling-joint-type-b\/","title":{"rendered":"Junta de desmontaje tipo B"},"content":{"rendered":"<div style=\"width: 320px;\" class=\"wp-video\"><!--[if lt IE 9]><script>document.createElement('video');<\/script><![endif]-->\n<video class=\"wp-video-shortcode\" id=\"video-1292-1\" width=\"320\" height=\"568\" preload=\"metadata\" controls=\"controls\"><source type=\"video\/mp4\" src=\"https:\/\/www.yongtongdipipe.com\/wp-content\/uploads\/2024\/11\/11-\u53ef\u62c6\u5378\u63a5\u5934B-\u89c6\u9891.mp4?_=1\" \/><a href=\"https:\/\/www.yongtongdipipe.com\/wp-content\/uploads\/2024\/11\/11-\u53ef\u62c6\u5378\u63a5\u5934B-\u89c6\u9891.mp4\">https:\/\/www.yongtongdipipe.com\/wp-content\/uploads\/2024\/11\/11-\u53ef\u62c6\u5378\u63a5\u5934B-\u89c6\u9891.mp4<\/a><\/video><\/div>\n<h2>Junta de desmontaje tipo B<\/h2>\n<p><img fetchpriority=\"high\" decoding=\"async\" class=\"alignnone wp-image-1303 size-full\" src=\"https:\/\/www.yongtongdipipe.com\/wp-content\/uploads\/2024\/11\/\u7b80\u6613\u56feB.jpg\" alt=\"\" width=\"575\" height=\"567\" srcset=\"https:\/\/www.yongtongdipipe.com\/wp-content\/uploads\/2024\/11\/\u7b80\u6613\u56feB.jpg 575w, https:\/\/www.yongtongdipipe.com\/wp-content\/uploads\/2024\/11\/\u7b80\u6613\u56feB-300x296.jpg 300w, https:\/\/www.yongtongdipipe.com\/wp-content\/uploads\/2024\/11\/\u7b80\u6613\u56feB-12x12.jpg 12w, https:\/\/www.yongtongdipipe.com\/wp-content\/uploads\/2024\/11\/\u7b80\u6613\u56feB-100x100.jpg 100w\" sizes=\"(max-width: 575px) 100vw, 575px\" \/><\/p>\n<p><img decoding=\"async\" class=\"alignnone wp-image-1304 size-full\" src=\"https:\/\/www.yongtongdipipe.com\/wp-content\/uploads\/2024\/11\/\u6570\u636e\u8868B.jpg\" alt=\"\" width=\"876\" height=\"585\" srcset=\"https:\/\/www.yongtongdipipe.com\/wp-content\/uploads\/2024\/11\/\u6570\u636e\u8868B.jpg 876w, https:\/\/www.yongtongdipipe.com\/wp-content\/uploads\/2024\/11\/\u6570\u636e\u8868B-300x200.jpg 300w, https:\/\/www.yongtongdipipe.com\/wp-content\/uploads\/2024\/11\/\u6570\u636e\u8868B-768x513.jpg 768w, https:\/\/www.yongtongdipipe.com\/wp-content\/uploads\/2024\/11\/\u6570\u636e\u8868B-18x12.jpg 18w, https:\/\/www.yongtongdipipe.com\/wp-content\/uploads\/2024\/11\/\u6570\u636e\u8868B-600x401.jpg 600w\" sizes=\"(max-width: 876px) 100vw, 876px\" \/><\/p>\n<p><strong><b>Sobre 50% Tirantes Doble Brida Desmontaje Junta Con Prensaestopas PN10 PN16:<\/b><\/strong><\/p>\n<p>Las Juntas de Desmontaje son accesorios de doble brida que admiten un ajuste longitudinal de hasta 100 mm (4\u2033) y pueden bloquearse a la longitud requerida con las barras de uni\u00f3n suministradas. Este sistema no solo permite un mantenimiento r\u00e1pido y sencillo de v\u00e1lvulas, bombas o contadores, sino que simplifica las futuras modificaciones de las tuber\u00edas y reduce el tiempo de inactividad cuando es necesario realizar cambios.<\/p>\n<p><strong><b>CARACTER\u00cdSTICAS:<\/b><\/strong><strong><b><br \/>\n<\/b><\/strong>Construcci\u00f3n totalmente resistente a la corrosi\u00f3n<br \/>\nRevestimiento interior y exterior epoxi por fusi\u00f3n<br \/>\nConstrucci\u00f3n ligera de hierro d\u00factil<br \/>\nAmplia gama de articulaciones<br \/>\nSujetador de acero al carbono galvanizado en fr\u00edo<br \/>\nJuntas de EPDM con homologaci\u00f3n WRAS<br \/>\n<strong><b>ESPECIFICACIONES:<\/b><\/strong><br \/>\nEnsayo de tipo:EN14525\/BS8561<br \/>\nElastom\u00e9rico:EN681-2<br \/>\nFundici\u00f3n d\u00factil:EN1563 EN-GJS-450-10<br \/>\nRevestimiento:WIS4-52-01<\/p>\n<p>Especificaci\u00f3n de perforaci\u00f3n:EN1092-2<\/p>\n<p>Conexi\u00f3n para DI,Tuber\u00eda de acero ,<\/p>\n<p>Adecuado para aplicaciones con agua y l\u00edquidos neutros (aguas residuales)<br \/>\nTemperatura de trabajo hasta 70\u00b0C<\/p>\n<p>&nbsp;<\/p>\n<p>&nbsp;<\/p>","protected":false},"excerpt":{"rendered":"<p>Junta de Desmontaje Tipo B Acerca de 50% Tirantes Junta de Desmontaje de Doble Brida Con Prensaestopas PN10 PN16: Las Juntas de Desmontaje son racores de doble brida que admiten un ajuste longitudinal de hasta 100mm (4\u2033) y pueden bloquearse a la longitud requerida con los tirantes suministrados. Este sistema no solo permite un mantenimiento r\u00e1pido y sencillo de las v\u00e1lvulas,...<\/p>","protected":false},"featured_media":1297,"comment_status":"open","ping_status":"closed","template":"","meta":{"_kadence_starter_templates_imported_post":false,"_kad_post_transparent":"default","_kad_post_title":"","_kad_post_layout":"default","_kad_post_sidebar_id":"","_kad_post_content_style":"default","_kad_post_vertical_padding":"default","_kad_post_feature":"","_kad_post_feature_position":"","_kad_post_header":false,"_kad_post_footer":false},"product_brand":[],"product_cat":[29,45],"product_tag":[],"class_list":{"0":"post-1292","1":"product","2":"type-product","3":"status-publish","4":"has-post-thumbnail","6":"product_cat-dismantling-joint","7":"product_cat-dismantling-joint-type-b","9":"first","10":"instock","11":"shipping-taxable","12":"product-type-simple","13":"entry","14":"content-bg","15":"loop-entry"},"jetpack_sharing_enabled":true,"_links":{"self":[{"href":"https:\/\/www.yongtongdipipe.com\/es\/wp-json\/wp\/v2\/product\/1292","targetHints":{"allow":["GET"]}}],"collection":[{"href":"https:\/\/www.yongtongdipipe.com\/es\/wp-json\/wp\/v2\/product"}],"about":[{"href":"https:\/\/www.yongtongdipipe.com\/es\/wp-json\/wp\/v2\/types\/product"}],"replies":[{"embeddable":true,"href":"https:\/\/www.yongtongdipipe.com\/es\/wp-json\/wp\/v2\/comments?post=1292"}],"wp:featuredmedia":[{"embeddable":true,"href":"https:\/\/www.yongtongdipipe.com\/es\/wp-json\/wp\/v2\/media\/1297"}],"wp:attachment":[{"href":"https:\/\/www.yongtongdipipe.com\/es\/wp-json\/wp\/v2\/media?parent=1292"}],"wp:term":[{"taxonomy":"product_brand","embeddable":true,"href":"https:\/\/www.yongtongdipipe.com\/es\/wp-json\/wp\/v2\/product_brand?post=1292"},{"taxonomy":"product_cat","embeddable":true,"href":"https:\/\/www.yongtongdipipe.com\/es\/wp-json\/wp\/v2\/product_cat?post=1292"},{"taxonomy":"product_tag","embeddable":true,"href":"https:\/\/www.yongtongdipipe.com\/es\/wp-json\/wp\/v2\/product_tag?post=1292"}],"curies":[{"name":"wp","href":"https:\/\/api.w.org\/{rel}","templated":true}]}}