{"id":1311,"date":"2024-11-20T17:31:29","date_gmt":"2024-11-20T09:31:29","guid":{"rendered":"https:\/\/www.yongtongdipipe.com\/?post_type=product&#038;p=1311"},"modified":"2025-03-01T08:52:29","modified_gmt":"2025-03-01T00:52:29","slug":"ss-split-tee","status":"publish","type":"product","link":"https:\/\/www.yongtongdipipe.com\/es\/producto\/ss-split-tee\/","title":{"rendered":"Te SS dividida"},"content":{"rendered":"<div style=\"width: 592px;\" class=\"wp-video\"><!--[if lt IE 9]><script>document.createElement('video');<\/script><![endif]-->\n<video class=\"wp-video-shortcode\" id=\"video-1311-1\" width=\"592\" height=\"1280\" preload=\"metadata\" controls=\"controls\"><source type=\"video\/mp4\" src=\"https:\/\/www.yongtongdipipe.com\/wp-content\/uploads\/2024\/11\/26-\u5404\u79cd\u4e0d\u9508\u94a2\u4fee\u8865\u89c6\u9891.mp4?_=1\" \/><a href=\"https:\/\/www.yongtongdipipe.com\/wp-content\/uploads\/2024\/11\/26-\u5404\u79cd\u4e0d\u9508\u94a2\u4fee\u8865\u89c6\u9891.mp4\">https:\/\/www.yongtongdipipe.com\/wp-content\/uploads\/2024\/11\/26-\u5404\u79cd\u4e0d\u9508\u94a2\u4fee\u8865\u89c6\u9891.mp4<\/a><\/video><\/div>\n<h2>Te SS dividida<\/h2>\n<p>SS Split Tee sellar\u00e1 agujeros de corrosi\u00f3n, da\u00f1os por impacto y grietas longitudinales;<\/p>\n<p>Este tipo de abrazadera de reparaci\u00f3n es ligera y f\u00e1cil de instalar, por lo que resulta ideal para realizar conexiones embridadas sencillas en tuber\u00edas presurizadas;<\/p>\n<p>No se requiere equipo especializado, se puede utilizar un equipo de baja presi\u00f3n est\u00e1ndar con la abrazadera de reparaci\u00f3n SS.<\/p>\n<p>*Conexi\u00f3n para tuber\u00edas de acero, hierro fundido, cemento de amianto, pl\u00e1stico y otros tipos de tuber\u00edas;<\/p>\n<p>*Adecuado para agua potable, l\u00edquidos neutros y aguas residuales;<br \/>\n*Presi\u00f3n de trabajo PN10\/16;<br \/>\n*Tama\u00f1o normal:2-14 pulgadas<br \/>\n*Todo de acero inoxidable 304\/316 o bajo pedido<br \/>\n*la goma ha sido aprobada por WRAS (Reino Unido)<br \/>\n*Construcci\u00f3n resistente a la corrosi\u00f3n.<br \/>\n<strong><b>ESPECIFICACIONES:<\/b><\/strong><br \/>\nEnsayo de tipo:EN14525<br \/>\nElastom\u00e9rico:EN681-2<br \/>\nMaterial:Acero inoxidable 304 \/ 316<\/p>","protected":false},"excerpt":{"rendered":"<p>SS Split Tee SS Split Tee sellar\u00e1 los agujeros de corrosi\u00f3n, da\u00f1os por impacto y grietas longitudinales; Este tipo de abrazadera de reparaci\u00f3n es ligero y f\u00e1cil de instalar por lo que es ideal para hacer conexiones bridadas simples en tuber\u00edas presurizadas; No se requiere equipo especializado, el equipo est\u00e1ndar bajo presi\u00f3n se puede utilizar con la abrazadera de reparaci\u00f3n SS. *Conexi\u00f3n para acero, fundici\u00f3n...<\/p>","protected":false},"featured_media":1321,"comment_status":"open","ping_status":"closed","template":"","meta":{"_kadence_starter_templates_imported_post":false,"_kad_post_transparent":"default","_kad_post_title":"","_kad_post_layout":"default","_kad_post_sidebar_id":"","_kad_post_content_style":"default","_kad_post_vertical_padding":"default","_kad_post_feature":"","_kad_post_feature_position":"","_kad_post_header":false,"_kad_post_footer":false},"product_brand":[],"product_cat":[50,30],"product_tag":[],"class_list":{"0":"post-1311","1":"product","2":"type-product","3":"status-publish","4":"has-post-thumbnail","6":"product_cat-bossed-cast-iron-repair-clamp","7":"product_cat-repair-clamp","9":"first","10":"instock","11":"shipping-taxable","12":"product-type-simple","13":"entry","14":"content-bg","15":"loop-entry"},"jetpack_sharing_enabled":true,"_links":{"self":[{"href":"https:\/\/www.yongtongdipipe.com\/es\/wp-json\/wp\/v2\/product\/1311","targetHints":{"allow":["GET"]}}],"collection":[{"href":"https:\/\/www.yongtongdipipe.com\/es\/wp-json\/wp\/v2\/product"}],"about":[{"href":"https:\/\/www.yongtongdipipe.com\/es\/wp-json\/wp\/v2\/types\/product"}],"replies":[{"embeddable":true,"href":"https:\/\/www.yongtongdipipe.com\/es\/wp-json\/wp\/v2\/comments?post=1311"}],"wp:featuredmedia":[{"embeddable":true,"href":"https:\/\/www.yongtongdipipe.com\/es\/wp-json\/wp\/v2\/media\/1321"}],"wp:attachment":[{"href":"https:\/\/www.yongtongdipipe.com\/es\/wp-json\/wp\/v2\/media?parent=1311"}],"wp:term":[{"taxonomy":"product_brand","embeddable":true,"href":"https:\/\/www.yongtongdipipe.com\/es\/wp-json\/wp\/v2\/product_brand?post=1311"},{"taxonomy":"product_cat","embeddable":true,"href":"https:\/\/www.yongtongdipipe.com\/es\/wp-json\/wp\/v2\/product_cat?post=1311"},{"taxonomy":"product_tag","embeddable":true,"href":"https:\/\/www.yongtongdipipe.com\/es\/wp-json\/wp\/v2\/product_tag?post=1311"}],"curies":[{"name":"wp","href":"https:\/\/api.w.org\/{rel}","templated":true}]}}