{"id":1347,"date":"2024-11-22T10:25:14","date_gmt":"2024-11-22T02:25:14","guid":{"rendered":"https:\/\/www.yongtongdipipe.com\/?post_type=product&#038;p=1347"},"modified":"2025-02-26T19:01:20","modified_gmt":"2025-02-26T11:01:20","slug":"stainless-steel-repair-clamp","status":"publish","type":"product","link":"https:\/\/www.yongtongdipipe.com\/es\/producto\/stainless-steel-repair-clamp\/","title":{"rendered":"Abrazadera de reparaci\u00f3n de acero inoxidable"},"content":{"rendered":"<div style=\"width: 480px;\" class=\"wp-video\"><!--[if lt IE 9]><script>document.createElement('video');<\/script><![endif]-->\n<video class=\"wp-video-shortcode\" id=\"video-1347-1\" width=\"480\" height=\"834\" preload=\"metadata\" controls=\"controls\"><source type=\"video\/mp4\" src=\"https:\/\/www.yongtongdipipe.com\/wp-content\/uploads\/2024\/11\/13-\u53cc\u5361\u4e0d\u9508\u94a2\u4fee\u8865\u5668.mp4?_=1\" \/><a href=\"https:\/\/www.yongtongdipipe.com\/wp-content\/uploads\/2024\/11\/13-\u53cc\u5361\u4e0d\u9508\u94a2\u4fee\u8865\u5668.mp4\">https:\/\/www.yongtongdipipe.com\/wp-content\/uploads\/2024\/11\/13-\u53cc\u5361\u4e0d\u9508\u94a2\u4fee\u8865\u5668.mp4<\/a><\/video><\/div>\n<h2>Abrazadera de reparaci\u00f3n de acero inoxidable<\/h2>\n<p><b>Caracter\u00edsticas del producto <\/b><\/p>\n<p>Caracter\u00edsticas del producto:Conexi\u00f3n flexible, fuerte resistencia a la corrosi\u00f3n, sin soldaduras, sin fuego<\/p>\n<p>riesgo, ahorrar espacio, tuber\u00eda ilimitada, con sellado a presi\u00f3n, f\u00e1cil instalaci\u00f3n.<\/p>\n<p>Campos de aplicaci\u00f3n: ingenier\u00eda de superficie\/subterr\u00e1nea, construcci\u00f3n naval\/plataformas petrol\u00edferas en alta mar,<\/p>\n<p>agua, suministro de gas\/gas natural, electricidad, producci\u00f3n industrial, tratamiento de aguas residuales y<\/p>\n<p>mantenimiento.<\/p>\n<p>Aplicaci\u00f3n oleoducto: oleoducto de crudo, gasoducto, gasoducto de gas natural,<\/p>\n<p>tuber\u00edas de abastecimiento\/drenaje de agua, tuber\u00edas de combustible, tuber\u00edas especiales para aviaci\u00f3n\/autom\u00f3viles,<\/p>\n<p>oleoducto de aceite lubricante, l\u00ednea de tuber\u00edas de lodo, l\u00ednea de tuber\u00edas de succi\u00f3n, generaci\u00f3n de energ\u00eda de lavado<\/p>\n<p>tuber\u00edas, tuber\u00edas de protecci\u00f3n de cables, tuber\u00edas de agua de mar\/agua dulce, tuber\u00edas de turbinas, aire<\/p>\n<p>tuber\u00eda de acondicionamiento, tuber\u00eda de extinci\u00f3n de incendios, tuber\u00eda de ventilaci\u00f3n, tuber\u00eda de aire comprimido,<\/p>\n<p>etc.<\/p>\n<ul>\n<li>La versatilidad es aplicable a cualquier tuber\u00eda, se puede conectar con diferentes materiales,<\/li>\n<\/ul>\n<p>diferentes axiales, diferentes di\u00e1metros de la tuber\u00eda, adecuado para la reparaci\u00f3n r\u00e1pida.<\/p>\n<ul>\n<li>Extremo de tubo econ\u00f3mico sin procesar, se puede conectar, pared fina, tubo de pared gruesa<\/li>\n<\/ul>\n<p>puede ser de instalaci\u00f3n sencilla, reducir en gran medida el coste de construcci\u00f3n.<\/p>\n<ul>\n<li>La fiabilidad puede compensar el desplazamiento axial y la desviaci\u00f3n angular, y la<\/li>\n<\/ul>\n<p>El efecto de sellado de la estructura de labio del anillo de goma puede mejorarse con el aumento<\/p>\n<p>de presi\u00f3n.<\/p>\n<p>Nota: 1. Debido al exceso de modelos , calibre grande superior a GY500, calibre especial y especial<\/p>\n<p>el material puede personalizarse seg\u00fan los requisitos del cliente<\/p>\n<p>2.Para el m\u00e9todo de instalaci\u00f3n de todos los productos y los problemas encontrados en la<\/p>\n<p>proceso de instalaci\u00f3n y uso, p\u00f3ngase en contacto a tiempo con el personal de posventa de la empresa,<\/p>\n<p>responderemos a las preguntas a la primera<\/p>","protected":false},"excerpt":{"rendered":"<p>Abrazadera de reparaci\u00f3n de acero inoxidable Caracter\u00edsticas del producto:Conexi\u00f3n flexible, fuerte resistencia a la corrosi\u00f3n, sin soldadura, sin riesgo de incendio, ahorro de espacio, tuber\u00eda ilimitada, con sellado a presi\u00f3n, f\u00e1cil instalaci\u00f3n. Campos de aplicaci\u00f3n: ingenier\u00eda de superficie\/subterr\u00e1nea, construcci\u00f3n naval\/plataforma petrol\u00edfera offshore, suministro de agua, gas\/gas natural, electricidad, producci\u00f3n industrial, tratamiento de aguas residuales y mantenimiento. Tuber\u00eda de aplicaci\u00f3n: oleoducto de petr\u00f3leo crudo, gasoducto, gasoducto de gas natural, agua...<\/p>","protected":false},"featured_media":1348,"comment_status":"open","ping_status":"closed","template":"","meta":{"_kadence_starter_templates_imported_post":false,"_kad_post_transparent":"default","_kad_post_title":"","_kad_post_layout":"default","_kad_post_sidebar_id":"","_kad_post_content_style":"default","_kad_post_vertical_padding":"default","_kad_post_feature":"","_kad_post_feature_position":"","_kad_post_header":false,"_kad_post_footer":false},"product_brand":[],"product_cat":[30,52],"product_tag":[],"class_list":{"0":"post-1347","1":"product","2":"type-product","3":"status-publish","4":"has-post-thumbnail","6":"product_cat-repair-clamp","7":"product_cat-stainless-steel-repair-clamp","9":"first","10":"instock","11":"shipping-taxable","12":"product-type-simple","13":"entry","14":"content-bg","15":"loop-entry"},"jetpack_sharing_enabled":true,"_links":{"self":[{"href":"https:\/\/www.yongtongdipipe.com\/es\/wp-json\/wp\/v2\/product\/1347","targetHints":{"allow":["GET"]}}],"collection":[{"href":"https:\/\/www.yongtongdipipe.com\/es\/wp-json\/wp\/v2\/product"}],"about":[{"href":"https:\/\/www.yongtongdipipe.com\/es\/wp-json\/wp\/v2\/types\/product"}],"replies":[{"embeddable":true,"href":"https:\/\/www.yongtongdipipe.com\/es\/wp-json\/wp\/v2\/comments?post=1347"}],"wp:featuredmedia":[{"embeddable":true,"href":"https:\/\/www.yongtongdipipe.com\/es\/wp-json\/wp\/v2\/media\/1348"}],"wp:attachment":[{"href":"https:\/\/www.yongtongdipipe.com\/es\/wp-json\/wp\/v2\/media?parent=1347"}],"wp:term":[{"taxonomy":"product_brand","embeddable":true,"href":"https:\/\/www.yongtongdipipe.com\/es\/wp-json\/wp\/v2\/product_brand?post=1347"},{"taxonomy":"product_cat","embeddable":true,"href":"https:\/\/www.yongtongdipipe.com\/es\/wp-json\/wp\/v2\/product_cat?post=1347"},{"taxonomy":"product_tag","embeddable":true,"href":"https:\/\/www.yongtongdipipe.com\/es\/wp-json\/wp\/v2\/product_tag?post=1347"}],"curies":[{"name":"wp","href":"https:\/\/api.w.org\/{rel}","templated":true}]}}