{"id":1349,"date":"2024-11-23T09:50:13","date_gmt":"2024-11-23T01:50:13","guid":{"rendered":"https:\/\/www.yongtongdipipe.com\/?post_type=product&#038;p=1349"},"modified":"2025-02-27T11:50:58","modified_gmt":"2025-02-27T03:50:58","slug":"universal-flange-adaptor","status":"publish","type":"product","link":"https:\/\/www.yongtongdipipe.com\/es\/producto\/universal-flange-adaptor\/","title":{"rendered":"Adaptador de brida universal"},"content":{"rendered":"<div style=\"width: 960px;\" class=\"wp-video\"><!--[if lt IE 9]><script>document.createElement('video');<\/script><![endif]-->\n<video class=\"wp-video-shortcode\" id=\"video-1349-1\" width=\"960\" height=\"720\" preload=\"metadata\" controls=\"controls\"><source type=\"video\/mp4\" src=\"https:\/\/www.yongtongdipipe.com\/wp-content\/uploads\/2024\/11\/19-\u5e7f\u8303\u56f4\u63a5\u5934\u89c6\u9891.mp4?_=1\" \/><a href=\"https:\/\/www.yongtongdipipe.com\/wp-content\/uploads\/2024\/11\/19-\u5e7f\u8303\u56f4\u63a5\u5934\u89c6\u9891.mp4\">https:\/\/www.yongtongdipipe.com\/wp-content\/uploads\/2024\/11\/19-\u5e7f\u8303\u56f4\u63a5\u5934\u89c6\u9891.mp4<\/a><\/video><\/div>\n<h2>Adaptador de brida universal<\/h2>\n<p>Gama de adaptadores de brida, incluidos los de gran di\u00e1metro, dise\u00f1ados para alojar tubos de extremos lisos con diferentes di\u00e1metros exteriores. Estos adaptadores de brida de tolerancia amplia y tama\u00f1o \u00fanico cubren una serie de materiales de tuber\u00eda diferentes, lo que los hace ideales para trabajos de reparaci\u00f3n y mantenimiento, reduciendo la necesidad de disponer de grandes existencias.<\/p>\n<p><strong><b>CARACTER\u00cdSTICAS:<\/b><\/strong><br \/>\nConstrucci\u00f3n totalmente resistente a la corrosi\u00f3n<br \/>\nRevestimiento interior y exterior epoxi por fusi\u00f3n<br \/>\nConstrucci\u00f3n ligera de hierro d\u00factil<br \/>\nAmplia gama de articulaciones<br \/>\nSujetador de acero al carbono galvanizado en fr\u00edo<br \/>\nJuntas de EPDM con homologaci\u00f3n WRAS<br \/>\n<strong><b>ESPECIFICACIONES:<\/b><\/strong><br \/>\nEnsayo de tipo:EN14525\/BS8561<br \/>\nElastom\u00e9rico:EN681-2<br \/>\nFundici\u00f3n d\u00factil:EN1563 EN-GJS-450-10<br \/>\nRevestimiento:WIS4-52-01<\/p>\n<p>Especificaci\u00f3n de perforaci\u00f3n:EN1092-2<\/p>\n<p>PN10\/16<\/p>\n<p>Conexi\u00f3n para DI, tuber\u00eda de acero, PVC, AC y otros<br \/>\nAdecuado para aplicaciones con agua y l\u00edquidos neutros (aguas residuales)<br \/>\nTemperatura de trabajo hasta 70\u00b0C<\/p>","protected":false},"excerpt":{"rendered":"<p>Adaptador de brida universal Gama de adaptadores de brida, incluidos los de gran di\u00e1metro, dise\u00f1ados para alojar tuber\u00edas de extremos lisos con diferentes di\u00e1metros exteriores. Estos adaptadores de brida de tolerancia amplia y tama\u00f1o \u00fanico cubren una serie de materiales de tuber\u00eda diferentes, lo que los hace ideales para trabajos de reparaci\u00f3n y mantenimiento, reduciendo la necesidad de disponer de un gran stock. CARACTER\u00cdSTICAS: Construcci\u00f3n totalmente resistente a la corrosi\u00f3n Interior y...<\/p>","protected":false},"featured_media":1350,"comment_status":"open","ping_status":"closed","template":"","meta":{"_kadence_starter_templates_imported_post":false,"_kad_post_transparent":"default","_kad_post_title":"","_kad_post_layout":"default","_kad_post_sidebar_id":"","_kad_post_content_style":"default","_kad_post_vertical_padding":"default","_kad_post_feature":"","_kad_post_feature_position":"","_kad_post_header":false,"_kad_post_footer":false},"product_brand":[],"product_cat":[15,54,31],"product_tag":[],"class_list":{"0":"post-1349","1":"product","2":"type-product","3":"status-publish","4":"has-post-thumbnail","6":"product_cat-uncategorized","7":"product_cat-universal-flange-adaptor","8":"product_cat-universal-flange-adaptor-and-coupling","10":"first","11":"instock","12":"shipping-taxable","13":"product-type-simple","14":"entry","15":"content-bg","16":"loop-entry"},"jetpack_sharing_enabled":true,"_links":{"self":[{"href":"https:\/\/www.yongtongdipipe.com\/es\/wp-json\/wp\/v2\/product\/1349","targetHints":{"allow":["GET"]}}],"collection":[{"href":"https:\/\/www.yongtongdipipe.com\/es\/wp-json\/wp\/v2\/product"}],"about":[{"href":"https:\/\/www.yongtongdipipe.com\/es\/wp-json\/wp\/v2\/types\/product"}],"replies":[{"embeddable":true,"href":"https:\/\/www.yongtongdipipe.com\/es\/wp-json\/wp\/v2\/comments?post=1349"}],"wp:featuredmedia":[{"embeddable":true,"href":"https:\/\/www.yongtongdipipe.com\/es\/wp-json\/wp\/v2\/media\/1350"}],"wp:attachment":[{"href":"https:\/\/www.yongtongdipipe.com\/es\/wp-json\/wp\/v2\/media?parent=1349"}],"wp:term":[{"taxonomy":"product_brand","embeddable":true,"href":"https:\/\/www.yongtongdipipe.com\/es\/wp-json\/wp\/v2\/product_brand?post=1349"},{"taxonomy":"product_cat","embeddable":true,"href":"https:\/\/www.yongtongdipipe.com\/es\/wp-json\/wp\/v2\/product_cat?post=1349"},{"taxonomy":"product_tag","embeddable":true,"href":"https:\/\/www.yongtongdipipe.com\/es\/wp-json\/wp\/v2\/product_tag?post=1349"}],"curies":[{"name":"wp","href":"https:\/\/api.w.org\/{rel}","templated":true}]}}