{"id":1356,"date":"2024-11-26T09:34:15","date_gmt":"2024-11-26T01:34:15","guid":{"rendered":"https:\/\/www.yongtongdipipe.com\/?post_type=product&#038;p=1356"},"modified":"2025-03-21T10:28:27","modified_gmt":"2025-03-21T02:28:27","slug":"universal-range-coupling","status":"publish","type":"product","link":"https:\/\/www.yongtongdipipe.com\/es\/producto\/universal-range-coupling\/","title":{"rendered":"Acoplamiento de alcance universal"},"content":{"rendered":"<div style=\"width: 960px;\" class=\"wp-video\"><!--[if lt IE 9]><script>document.createElement('video');<\/script><![endif]-->\n<video class=\"wp-video-shortcode\" id=\"video-1356-1\" width=\"960\" height=\"720\" preload=\"metadata\" controls=\"controls\"><source type=\"video\/mp4\" src=\"https:\/\/www.yongtongdipipe.com\/wp-content\/uploads\/2024\/11\/19-\u5e7f\u8303\u56f4\u63a5\u5934\u89c6\u9891.mp4?_=1\" \/><a href=\"https:\/\/www.yongtongdipipe.com\/wp-content\/uploads\/2024\/11\/19-\u5e7f\u8303\u56f4\u63a5\u5934\u89c6\u9891.mp4\">https:\/\/www.yongtongdipipe.com\/wp-content\/uploads\/2024\/11\/19-\u5e7f\u8303\u56f4\u63a5\u5934\u89c6\u9891.mp4<\/a><\/video><\/div>\n<h2 style=\"text-align: left;\">Acoplamiento de alcance universal<\/h2>\n<p style=\"text-align: left;\"><strong><b>Acerca del Acoplamiento Universal de Tolerancia Amplia para Servicio Ligero PN10 PN16:<\/b><\/strong><\/p>\n<p style=\"text-align: left;\">Los acoplamientos universales de amplia tolerancia incluyen racores flexibles que permiten la expansi\u00f3n,<\/p>\n<p style=\"text-align: left;\">contracci\u00f3n y movimiento, y versiones totalmente retenidas, que eliminan la necesidad de costosos bloques de empuje.<\/p>\n<p style=\"text-align: left;\">para acomodar las fuerzas debidas a la presi\u00f3n interna en las tuber\u00edas.<\/p>\n<p style=\"text-align: left;\"><strong><b>CARACTER\u00cdSTICAS:<\/b><\/strong><strong><b><br \/>\n<\/b><\/strong>Construcci\u00f3n totalmente resistente a la corrosi\u00f3n<br \/>\nRevestimiento interior y exterior epoxi por fusi\u00f3n<br \/>\nConstrucci\u00f3n ligera de hierro d\u00factil<br \/>\nAmplia gama de articulaciones<br \/>\nSujetador de acero al carbono galvanizado en fr\u00edo<br \/>\nJuntas de EPDM con homologaci\u00f3n WRAS<br \/>\n<strong><b>ESPECIFICACIONES:<\/b><\/strong><br \/>\nEnsayo de tipo:EN14525\/BS8561<br \/>\nElastom\u00e9rico:EN681-2<br \/>\nFundici\u00f3n d\u00factil:EN1563 EN-GJS-450-10<br \/>\nRevestimiento:WIS4-52-01<\/p>\n<p style=\"text-align: left;\">Especificaci\u00f3n de perforaci\u00f3n:EN1092-2<\/p>\n<p style=\"text-align: left;\">Conexi\u00f3n para DI,Tuber\u00eda de acero ,<\/p>\n<p style=\"text-align: left;\">Adecuado para aplicaciones con agua y l\u00edquidos neutros (aguas residuales)<br \/>\nTemperatura de trabajo hasta 70\u00b0C<\/p>","protected":false},"excerpt":{"rendered":"<p>Acoplamiento de rango universal Acerca del acoplamiento universal de tolerancia amplia para servicio ligero PN10 PN16: Los acoplamientos universales de tolerancia amplia incluyen tanto accesorios flexibles que permiten la expansi\u00f3n, la contracci\u00f3n y el movimiento, como versiones totalmente restringidas, que eliminan la necesidad de costosos bloques de empuje para acomodar las fuerzas debidas a la presi\u00f3n interna en las tuber\u00edas. CARACTER\u00cdSTICAS: Construcci\u00f3n totalmente resistente a la corrosi\u00f3n...<\/p>","protected":false},"featured_media":1357,"comment_status":"open","ping_status":"closed","template":"","meta":{"_kadence_starter_templates_imported_post":false,"_kad_post_transparent":"default","_kad_post_title":"","_kad_post_layout":"default","_kad_post_sidebar_id":"","_kad_post_content_style":"default","_kad_post_vertical_padding":"default","_kad_post_feature":"","_kad_post_feature_position":"","_kad_post_header":false,"_kad_post_footer":false},"product_brand":[],"product_cat":[31,55],"product_tag":[],"class_list":{"0":"post-1356","1":"product","2":"type-product","3":"status-publish","4":"has-post-thumbnail","6":"product_cat-universal-flange-adaptor-and-coupling","7":"product_cat-universal-range-coupling","9":"first","10":"instock","11":"shipping-taxable","12":"product-type-simple","13":"entry","14":"content-bg","15":"loop-entry"},"jetpack_sharing_enabled":true,"_links":{"self":[{"href":"https:\/\/www.yongtongdipipe.com\/es\/wp-json\/wp\/v2\/product\/1356","targetHints":{"allow":["GET"]}}],"collection":[{"href":"https:\/\/www.yongtongdipipe.com\/es\/wp-json\/wp\/v2\/product"}],"about":[{"href":"https:\/\/www.yongtongdipipe.com\/es\/wp-json\/wp\/v2\/types\/product"}],"replies":[{"embeddable":true,"href":"https:\/\/www.yongtongdipipe.com\/es\/wp-json\/wp\/v2\/comments?post=1356"}],"wp:featuredmedia":[{"embeddable":true,"href":"https:\/\/www.yongtongdipipe.com\/es\/wp-json\/wp\/v2\/media\/1357"}],"wp:attachment":[{"href":"https:\/\/www.yongtongdipipe.com\/es\/wp-json\/wp\/v2\/media?parent=1356"}],"wp:term":[{"taxonomy":"product_brand","embeddable":true,"href":"https:\/\/www.yongtongdipipe.com\/es\/wp-json\/wp\/v2\/product_brand?post=1356"},{"taxonomy":"product_cat","embeddable":true,"href":"https:\/\/www.yongtongdipipe.com\/es\/wp-json\/wp\/v2\/product_cat?post=1356"},{"taxonomy":"product_tag","embeddable":true,"href":"https:\/\/www.yongtongdipipe.com\/es\/wp-json\/wp\/v2\/product_tag?post=1356"}],"curies":[{"name":"wp","href":"https:\/\/api.w.org\/{rel}","templated":true}]}}