{"id":1690,"date":"2025-02-23T10:36:29","date_gmt":"2025-02-23T02:36:29","guid":{"rendered":"https:\/\/www.yongtongdipipe.com\/?post_type=product&#038;p=1690"},"modified":"2025-02-26T08:42:47","modified_gmt":"2025-02-26T00:42:47","slug":"yellow-colour-pu-coated-di-pipe","status":"publish","type":"product","link":"https:\/\/www.yongtongdipipe.com\/es\/producto\/yellow-colour-pu-coated-di-pipe\/","title":{"rendered":"Tubo DI revestido de PU de color amarillo"},"content":{"rendered":"<div style=\"width: 592px;\" class=\"wp-video\"><!--[if lt IE 9]><script>document.createElement('video');<\/script><![endif]-->\n<video class=\"wp-video-shortcode\" id=\"video-1690-1\" width=\"592\" height=\"1280\" preload=\"metadata\" controls=\"controls\"><source type=\"video\/mp4\" src=\"https:\/\/www.yongtongdipipe.com\/wp-content\/uploads\/2025\/02\/9-\u7403\u58a8\u94f8\u94c1\u7ba1\u5b89\u88c5\u89c6\u9891.mp4?_=1\" \/><a href=\"https:\/\/www.yongtongdipipe.com\/wp-content\/uploads\/2025\/02\/9-\u7403\u58a8\u94f8\u94c1\u7ba1\u5b89\u88c5\u89c6\u9891.mp4\">https:\/\/www.yongtongdipipe.com\/wp-content\/uploads\/2025\/02\/9-\u7403\u58a8\u94f8\u94c1\u7ba1\u5b89\u88c5\u89c6\u9891.mp4<\/a><\/video><\/div>\n<p style=\"text-align: left;\"><strong>Tubo DI revestido de PU de color amarillo<\/strong><\/p>\n<p style=\"text-align: left;\">China proveedor superior ISO2531 EN545 Poliuretano PU recubrimiento Tubos de hierro d\u00factil C40 K9 agua potable<\/p>\n<p style=\"text-align: left;\">Standard:ISO2531\/EN545<\/p>\n<p><img fetchpriority=\"high\" decoding=\"async\" class=\"wp-image-1703 alignleft\" src=\"https:\/\/www.yongtongdipipe.com\/wp-content\/uploads\/2025\/02\/11.jpg\" alt=\"\" width=\"711\" height=\"308\" srcset=\"https:\/\/www.yongtongdipipe.com\/wp-content\/uploads\/2025\/02\/11.jpg 787w, https:\/\/www.yongtongdipipe.com\/wp-content\/uploads\/2025\/02\/11-300x130.jpg 300w, https:\/\/www.yongtongdipipe.com\/wp-content\/uploads\/2025\/02\/11-768x333.jpg 768w, https:\/\/www.yongtongdipipe.com\/wp-content\/uploads\/2025\/02\/11-18x8.jpg 18w, https:\/\/www.yongtongdipipe.com\/wp-content\/uploads\/2025\/02\/11-600x260.jpg 600w\" sizes=\"(max-width: 711px) 100vw, 711px\" \/><\/p>\n<p>&nbsp;<\/p>\n<p>&nbsp;<\/p>\n<p>&nbsp;<\/p>\n<p>&nbsp;<\/p>\n<p>&nbsp;<\/p>\n<p>&nbsp;<\/p>\n<p>&nbsp;<\/p>\n<p><img decoding=\"async\" class=\"alignnone wp-image-1704\" src=\"https:\/\/www.yongtongdipipe.com\/wp-content\/uploads\/2025\/02\/22.jpg\" alt=\"\" width=\"682\" height=\"755\" srcset=\"https:\/\/www.yongtongdipipe.com\/wp-content\/uploads\/2025\/02\/22.jpg 499w, https:\/\/www.yongtongdipipe.com\/wp-content\/uploads\/2025\/02\/22-271x300.jpg 271w, https:\/\/www.yongtongdipipe.com\/wp-content\/uploads\/2025\/02\/22-11x12.jpg 11w\" sizes=\"(max-width: 682px) 100vw, 682px\" \/><\/p>\n<p><strong><b>Especificaciones:<\/b><\/strong><strong><b><br \/>\n<\/b><\/strong>1) La norma de la tuber\u00eda: ISO 2531, EN545<br \/>\n2) Clase de tubo: K9, C40, C30, C25, etc.<br \/>\n3) Uni\u00f3n de tuber\u00edas: uni\u00f3n por empuje (uni\u00f3n Tyton), uni\u00f3n tipo K, uni\u00f3n autorretenida.<br \/>\n4) Longitud efectiva: en general, la longitud de la tuber\u00eda es de 6 m para el transporte a granel y de 5,7 m para el transporte en contenedor.<br \/>\n5) Las juntas son de caucho NBR, caucho natural, caucho SBR o anillo de caucho EPDM seg\u00fan ISO4633<br \/>\n6) DN 80 - 2.600 mm<br \/>\n7) Alta resistencia, m\u00e1s ligero que el hierro gris, buena resistencia a la corrosi\u00f3n, no furring, peque\u00f1a resistencia al flujo, f\u00e1cil fijaci\u00f3n, larga vida \u00fatil.<br \/>\n8) Comprobado por un equipo de inspecci\u00f3n autom\u00e1tico<br \/>\n9) Composici\u00f3n qu\u00edmica: (%)<br \/>\n1. a) C: 3,5 - 4,0<br \/>\n2. b) Si: 1,9 - 2,6<br \/>\n3. c) Mn:0,15 - 0,45<br \/>\n4. c) P: &lt;0,06<br \/>\n5. d) S: &lt;0,02<br \/>\n10) Propiedades mec\u00e1nicas<br \/>\n1. a) Resistencia a la tracci\u00f3n: \u2265420MPa<br \/>\n2. b) L\u00edmite el\u00e1stico: \u2265300Mpa<br \/>\n3. c) Dureza: \u2264230HB<br \/>\n4. d) Alargamiento%: DN80 - 1000 \u226510 DN1200 - 2200 \u22657<\/p>\n<p>11) Proceso y pruebas:<br \/>\n1. a) Horno de inducci\u00f3n y metal tratado (An\u00e1lisis qu\u00edmico de la materia prima, esferoidizaci\u00f3n y nodularidad)<br \/>\n2. b) Colada (Comprobaci\u00f3n visual y comprobaci\u00f3n del peso)<br \/>\n3. c) Tratamiento t\u00e9rmico (microestructura)<br \/>\n4. d) Prueba hidrost\u00e1tica (prueba de presi\u00f3n)<br \/>\n5. e) Comprobaciones dimensionales (Comprobaci\u00f3n de la longitud y uni\u00f3n de los tubos, di\u00e1metro exterior, grosor de las paredes, aspecto)<br \/>\n6. f) Pulverizaci\u00f3n de cinc (ensayo de espesor)<br \/>\n7. g) Revestimiento y recubrimiento (100% control visual, prueba de espesor aleatoria)<br \/>\n8. i) Marcado y embalaje (control visual 100%)<\/p>\n<p>12) El revestimiento del tubo puede ser personalizado, como, aleaci\u00f3n de zinc-aluminio, PU, etc.<\/p>\n<p><strong><b>Embalaje: atado con cintas de acero o a granel<\/b><\/strong><strong><b><br \/>\n<\/b><\/strong><strong><b>Env\u00edo: a granel o en contenedor<\/b><\/strong><\/p>","protected":false},"excerpt":{"rendered":"<p>Color amarillo PU recubierto DI Pipe China proveedor superior ISO2531 EN545 Poliuretano PU recubrimiento Tubos de hierro d\u00factil C40 K9 agua potable Norma: ISO2531\/EN545 Especificaciones: 1) La norma de la tuber\u00eda: ISO 2531, EN545 2) Clase de tuber\u00eda: K9, C40, C30, C25, etc. 3) Uni\u00f3n de tuber\u00edas: uni\u00f3n de empuje (uni\u00f3n Tyton), uni\u00f3n tipo K,...<\/p>","protected":false},"featured_media":1700,"comment_status":"open","ping_status":"closed","template":"","meta":{"_kadence_starter_templates_imported_post":false,"_kad_post_transparent":"default","_kad_post_title":"","_kad_post_layout":"default","_kad_post_sidebar_id":"","_kad_post_content_style":"default","_kad_post_vertical_padding":"default","_kad_post_feature":"","_kad_post_feature_position":"","_kad_post_header":false,"_kad_post_footer":false},"product_brand":[],"product_cat":[28,41],"product_tag":[],"class_list":{"0":"post-1690","1":"product","2":"type-product","3":"status-publish","4":"has-post-thumbnail","6":"product_cat-di-pipe","7":"product_cat-pu-coated-ductile-iron-pipe","9":"first","10":"instock","11":"shipping-taxable","12":"product-type-simple","13":"entry","14":"content-bg","15":"loop-entry"},"jetpack_sharing_enabled":true,"_links":{"self":[{"href":"https:\/\/www.yongtongdipipe.com\/es\/wp-json\/wp\/v2\/product\/1690","targetHints":{"allow":["GET"]}}],"collection":[{"href":"https:\/\/www.yongtongdipipe.com\/es\/wp-json\/wp\/v2\/product"}],"about":[{"href":"https:\/\/www.yongtongdipipe.com\/es\/wp-json\/wp\/v2\/types\/product"}],"replies":[{"embeddable":true,"href":"https:\/\/www.yongtongdipipe.com\/es\/wp-json\/wp\/v2\/comments?post=1690"}],"wp:featuredmedia":[{"embeddable":true,"href":"https:\/\/www.yongtongdipipe.com\/es\/wp-json\/wp\/v2\/media\/1700"}],"wp:attachment":[{"href":"https:\/\/www.yongtongdipipe.com\/es\/wp-json\/wp\/v2\/media?parent=1690"}],"wp:term":[{"taxonomy":"product_brand","embeddable":true,"href":"https:\/\/www.yongtongdipipe.com\/es\/wp-json\/wp\/v2\/product_brand?post=1690"},{"taxonomy":"product_cat","embeddable":true,"href":"https:\/\/www.yongtongdipipe.com\/es\/wp-json\/wp\/v2\/product_cat?post=1690"},{"taxonomy":"product_tag","embeddable":true,"href":"https:\/\/www.yongtongdipipe.com\/es\/wp-json\/wp\/v2\/product_tag?post=1690"}],"curies":[{"name":"wp","href":"https:\/\/api.w.org\/{rel}","templated":true}]}}