{"id":1705,"date":"2025-02-23T10:43:07","date_gmt":"2025-02-23T02:43:07","guid":{"rendered":"https:\/\/www.yongtongdipipe.com\/?post_type=product&#038;p=1705"},"modified":"2025-03-01T08:53:51","modified_gmt":"2025-03-01T00:53:51","slug":"purple-colour-pu-coated-di-pipe","status":"publish","type":"product","link":"https:\/\/www.yongtongdipipe.com\/es\/producto\/purple-colour-pu-coated-di-pipe\/","title":{"rendered":"Tuber\u00eda DI revestida de PU de color p\u00farpura"},"content":{"rendered":"<div style=\"width: 592px;\" class=\"wp-video\"><!--[if lt IE 9]><script>document.createElement('video');<\/script><![endif]-->\n<video class=\"wp-video-shortcode\" id=\"video-1705-1\" width=\"592\" height=\"1280\" preload=\"metadata\" controls=\"controls\"><source type=\"video\/mp4\" src=\"https:\/\/www.yongtongdipipe.com\/wp-content\/uploads\/2025\/02\/9-\u7403\u58a8\u94f8\u94c1\u7ba1\u5b89\u88c5\u89c6\u9891.mp4?_=1\" \/><a href=\"https:\/\/www.yongtongdipipe.com\/wp-content\/uploads\/2025\/02\/9-\u7403\u58a8\u94f8\u94c1\u7ba1\u5b89\u88c5\u89c6\u9891.mp4\">https:\/\/www.yongtongdipipe.com\/wp-content\/uploads\/2025\/02\/9-\u7403\u58a8\u94f8\u94c1\u7ba1\u5b89\u88c5\u89c6\u9891.mp4<\/a><\/video><\/div>\n<p style=\"text-align: left;\"><strong>Tuber\u00eda DI revestida de PU de color p\u00farpura<\/strong><\/p>\n<p style=\"text-align: left;\">ISO2531 EN545 Revestimiento de poliuretano PU Tubos de fundici\u00f3n d\u00factil K7 K8 K9 tuber\u00eda de agua potable<\/p>\n<p>&nbsp;<\/p>\n<p><img fetchpriority=\"high\" decoding=\"async\" class=\"alignnone wp-image-1703\" src=\"https:\/\/www.yongtongdipipe.com\/wp-content\/uploads\/2025\/02\/11.jpg\" alt=\"\" width=\"642\" height=\"278\" srcset=\"https:\/\/www.yongtongdipipe.com\/wp-content\/uploads\/2025\/02\/11.jpg 787w, https:\/\/www.yongtongdipipe.com\/wp-content\/uploads\/2025\/02\/11-300x130.jpg 300w, https:\/\/www.yongtongdipipe.com\/wp-content\/uploads\/2025\/02\/11-768x333.jpg 768w, https:\/\/www.yongtongdipipe.com\/wp-content\/uploads\/2025\/02\/11-18x8.jpg 18w, https:\/\/www.yongtongdipipe.com\/wp-content\/uploads\/2025\/02\/11-600x260.jpg 600w\" sizes=\"(max-width: 642px) 100vw, 642px\" \/><\/p>\n<p><img decoding=\"async\" class=\"alignnone wp-image-1704\" src=\"https:\/\/www.yongtongdipipe.com\/wp-content\/uploads\/2025\/02\/22.jpg\" alt=\"\" width=\"642\" height=\"710\" srcset=\"https:\/\/www.yongtongdipipe.com\/wp-content\/uploads\/2025\/02\/22.jpg 499w, https:\/\/www.yongtongdipipe.com\/wp-content\/uploads\/2025\/02\/22-271x300.jpg 271w, https:\/\/www.yongtongdipipe.com\/wp-content\/uploads\/2025\/02\/22-11x12.jpg 11w\" sizes=\"(max-width: 642px) 100vw, 642px\" \/><\/p>\n<table style=\"height: 330px;\" width=\"830\">\n<tbody>\n<tr>\n<td><strong><b>Art\u00edculo<\/b><\/strong><\/td>\n<td>Tuber\u00eda de hierro d\u00factil<\/td>\n<\/tr>\n<tr>\n<td><strong><b>Clase<\/b><\/strong><\/td>\n<td>K9, K10, K11, K12\uff0cK9, K8, C25, C30, C40, etc.<\/td>\n<\/tr>\n<tr>\n<td><strong><b>Junta de tuber\u00eda<\/b><\/strong><\/td>\n<td>junta de empuje (junta Tyton), junta tipo K, junta autorretr\u00e1ctil<\/td>\n<\/tr>\n<tr>\n<td><strong><b>Talla<\/b><\/strong><\/td>\n<td>Di\u00e1metro exterior: 98 mm-1255 mm<br \/>\nDi\u00e1metro interior: 80 mm-1200 mm<br \/>\nEspesor de pared: 6 mm-153 mm<br \/>\nLongitud: 6 m, cortado a 5,7 m, o seg\u00fan las necesidades.<\/td>\n<\/tr>\n<tr>\n<td><strong><b>Superficie<\/b><\/strong><\/td>\n<td>Revestimiento exterior de PU p\u00farpura, o seg\u00fan se requiera.<\/td>\n<\/tr>\n<tr>\n<td><strong><b>Aplicaci\u00f3n<\/b><\/strong><\/td>\n<td>Proyecto de abastecimiento de agua, conducci\u00f3n de agua, etc.<\/td>\n<\/tr>\n<tr>\n<td><strong><b>Paquete<\/b><\/strong><\/td>\n<td>Paquete de exportaci\u00f3n est\u00e1ndar, o seg\u00fan se requiera.<\/td>\n<\/tr>\n<tr>\n<td><strong><b>Precio<\/b><\/strong><\/td>\n<td>FOB, EXW, CIF, CFR, etc.<\/td>\n<\/tr>\n<tr>\n<td><strong><b>Pago<\/b><\/strong><\/td>\n<td>T\/T, L\/C, Western Union, etc.<\/td>\n<\/tr>\n<tr>\n<td><strong><b>Certificados<\/b><\/strong><\/td>\n<td>ISO, CE, BSI, WRAS<\/td>\n<\/tr>\n<\/tbody>\n<\/table>","protected":false},"excerpt":{"rendered":"<p>Color p\u00farpura PU recubierto DI Pipe ISO2531 EN545 Poliuretano recubrimiento de PU Tubos de hierro d\u00factil K7 K8 K9 tuber\u00eda de agua potable Art\u00edculo tuber\u00eda de hierro d\u00factil Clase K9, K10, K11, K12\uff0cK9, K8, C25, C30, C40, etc. Uni\u00f3n de tuber\u00edas uni\u00f3n por empuje (uni\u00f3n Tyton), uni\u00f3n tipo K, uni\u00f3n autoretenida Tama\u00f1o Di\u00e1metro exterior: 98mm-1255mm Di\u00e1metro interior: 80mm-1200mm Espesor de pared: 6mm-153mm...<\/p>","protected":false},"featured_media":1712,"comment_status":"open","ping_status":"closed","template":"","meta":{"_kadence_starter_templates_imported_post":false,"_kad_post_transparent":"default","_kad_post_title":"","_kad_post_layout":"default","_kad_post_sidebar_id":"","_kad_post_content_style":"default","_kad_post_vertical_padding":"default","_kad_post_feature":"","_kad_post_feature_position":"","_kad_post_header":false,"_kad_post_footer":false},"product_brand":[],"product_cat":[28,41],"product_tag":[],"class_list":{"0":"post-1705","1":"product","2":"type-product","3":"status-publish","4":"has-post-thumbnail","6":"product_cat-di-pipe","7":"product_cat-pu-coated-ductile-iron-pipe","9":"first","10":"instock","11":"shipping-taxable","12":"product-type-simple","13":"entry","14":"content-bg","15":"loop-entry"},"jetpack_sharing_enabled":true,"_links":{"self":[{"href":"https:\/\/www.yongtongdipipe.com\/es\/wp-json\/wp\/v2\/product\/1705","targetHints":{"allow":["GET"]}}],"collection":[{"href":"https:\/\/www.yongtongdipipe.com\/es\/wp-json\/wp\/v2\/product"}],"about":[{"href":"https:\/\/www.yongtongdipipe.com\/es\/wp-json\/wp\/v2\/types\/product"}],"replies":[{"embeddable":true,"href":"https:\/\/www.yongtongdipipe.com\/es\/wp-json\/wp\/v2\/comments?post=1705"}],"wp:featuredmedia":[{"embeddable":true,"href":"https:\/\/www.yongtongdipipe.com\/es\/wp-json\/wp\/v2\/media\/1712"}],"wp:attachment":[{"href":"https:\/\/www.yongtongdipipe.com\/es\/wp-json\/wp\/v2\/media?parent=1705"}],"wp:term":[{"taxonomy":"product_brand","embeddable":true,"href":"https:\/\/www.yongtongdipipe.com\/es\/wp-json\/wp\/v2\/product_brand?post=1705"},{"taxonomy":"product_cat","embeddable":true,"href":"https:\/\/www.yongtongdipipe.com\/es\/wp-json\/wp\/v2\/product_cat?post=1705"},{"taxonomy":"product_tag","embeddable":true,"href":"https:\/\/www.yongtongdipipe.com\/es\/wp-json\/wp\/v2\/product_tag?post=1705"}],"curies":[{"name":"wp","href":"https:\/\/api.w.org\/{rel}","templated":true}]}}