{"id":1777,"date":"2025-02-25T11:14:06","date_gmt":"2025-02-25T03:14:06","guid":{"rendered":"https:\/\/www.yongtongdipipe.com\/?post_type=product&#038;p=1777"},"modified":"2025-02-25T11:14:06","modified_gmt":"2025-02-25T03:14:06","slug":"anti-slide-rubber-seal","status":"publish","type":"product","link":"https:\/\/www.yongtongdipipe.com\/es\/producto\/anti-slide-rubber-seal\/","title":{"rendered":"Junta de goma antideslizante"},"content":{"rendered":"<p style=\"text-align: center;\"><strong>Junta de goma antideslizante<\/strong><\/p>\n<p style=\"text-align: center;\">El anillo de goma antideslizante es b\u00e1sicamente el mismo que el anillo de goma en forma de T com\u00fan en t\u00e9rminos de dimensiones externas.<\/p>\n<p style=\"text-align: center;\">Sin embargo, en funci\u00f3n del tama\u00f1o de las especificaciones del anillo de goma, se a\u00f1ade un determinado n\u00famero de bloques de dientes met\u00e1licos.<\/p>\n<p style=\"text-align: center;\">Durante la fabricaci\u00f3n, los bloques de dientes met\u00e1licos se distribuyen uniformemente y se fijan en caucho.<\/p>\n<p style=\"text-align: center;\">a trav\u00e9s del dentado inverso de los bloques de dientes met\u00e1licos y la ranura c\u00f3nica formada entre el tubo de fundici\u00f3n,<\/p>\n<p style=\"text-align: center;\">se impide que el tubo se deslice axialmente y desempe\u00f1a una funci\u00f3n de estanqueidad.<\/p>\n<p style=\"text-align: center;\">El material del bloque dental met\u00e1lico es cromo (2Cr13), que es un material met\u00e1lico especial con un tratamiento especial.<\/p>\n<p style=\"text-align: center;\">Su dureza y estructura de forma est\u00e1n dise\u00f1adas con precisi\u00f3n y estrictamente controladas. El m\u00e9todo de montaje es b\u00e1sicamente el mismo que el del anillo de goma en forma de T ordinario.<\/p>\n<p><img fetchpriority=\"high\" decoding=\"async\" class=\"wp-image-1787 size-full aligncenter\" src=\"https:\/\/www.yongtongdipipe.com\/wp-content\/uploads\/2025\/02\/\u7b80\u6613\u56fe\u6570\u636e\u88681.jpg\" alt=\"\" width=\"834\" height=\"742\" srcset=\"https:\/\/www.yongtongdipipe.com\/wp-content\/uploads\/2025\/02\/\u7b80\u6613\u56fe\u6570\u636e\u88681.jpg 834w, https:\/\/www.yongtongdipipe.com\/wp-content\/uploads\/2025\/02\/\u7b80\u6613\u56fe\u6570\u636e\u88681-300x267.jpg 300w, https:\/\/www.yongtongdipipe.com\/wp-content\/uploads\/2025\/02\/\u7b80\u6613\u56fe\u6570\u636e\u88681-768x683.jpg 768w, https:\/\/www.yongtongdipipe.com\/wp-content\/uploads\/2025\/02\/\u7b80\u6613\u56fe\u6570\u636e\u88681-13x12.jpg 13w, https:\/\/www.yongtongdipipe.com\/wp-content\/uploads\/2025\/02\/\u7b80\u6613\u56fe\u6570\u636e\u88681-600x534.jpg 600w\" sizes=\"(max-width: 834px) 100vw, 834px\" \/><\/p>\n<p><img decoding=\"async\" class=\"wp-image-1788 size-full aligncenter\" src=\"https:\/\/www.yongtongdipipe.com\/wp-content\/uploads\/2025\/02\/\u6570\u636e\u56fe\u72472.png\" alt=\"\" width=\"834\" height=\"602\" srcset=\"https:\/\/www.yongtongdipipe.com\/wp-content\/uploads\/2025\/02\/\u6570\u636e\u56fe\u72472.png 834w, https:\/\/www.yongtongdipipe.com\/wp-content\/uploads\/2025\/02\/\u6570\u636e\u56fe\u72472-300x217.png 300w, https:\/\/www.yongtongdipipe.com\/wp-content\/uploads\/2025\/02\/\u6570\u636e\u56fe\u72472-768x554.png 768w, https:\/\/www.yongtongdipipe.com\/wp-content\/uploads\/2025\/02\/\u6570\u636e\u56fe\u72472-18x12.png 18w, https:\/\/www.yongtongdipipe.com\/wp-content\/uploads\/2025\/02\/\u6570\u636e\u56fe\u72472-600x433.png 600w\" sizes=\"(max-width: 834px) 100vw, 834px\" \/><\/p>","protected":false},"excerpt":{"rendered":"<p>Anillo de caucho antideslizante El anillo de caucho antideslizante es b\u00e1sicamente el mismo que el anillo de caucho en forma de T com\u00fan en t\u00e9rminos de dimensiones externas. sin embargo, de acuerdo con el tama\u00f1o de las especificaciones del anillo de caucho, se a\u00f1ade un cierto n\u00famero de bloques de dientes de metal. durante la fabricaci\u00f3n, los bloques de dientes de metal se distribuyen uniformemente y se fijan en caucho. a trav\u00e9s...<\/p>","protected":false},"featured_media":1786,"comment_status":"open","ping_status":"closed","template":"","meta":{"_kadence_starter_templates_imported_post":false,"_kad_post_transparent":"default","_kad_post_title":"","_kad_post_layout":"default","_kad_post_sidebar_id":"","_kad_post_content_style":"default","_kad_post_vertical_padding":"default","_kad_post_feature":"","_kad_post_feature_position":"","_kad_post_header":false,"_kad_post_footer":false},"product_brand":[],"product_cat":[22,111],"product_tag":[],"class_list":{"0":"post-1777","1":"product","2":"type-product","3":"status-publish","4":"has-post-thumbnail","6":"product_cat-products","7":"product_cat-rubber-seals","9":"first","10":"instock","11":"shipping-taxable","12":"product-type-simple","13":"entry","14":"content-bg","15":"loop-entry"},"jetpack_sharing_enabled":true,"_links":{"self":[{"href":"https:\/\/www.yongtongdipipe.com\/es\/wp-json\/wp\/v2\/product\/1777","targetHints":{"allow":["GET"]}}],"collection":[{"href":"https:\/\/www.yongtongdipipe.com\/es\/wp-json\/wp\/v2\/product"}],"about":[{"href":"https:\/\/www.yongtongdipipe.com\/es\/wp-json\/wp\/v2\/types\/product"}],"replies":[{"embeddable":true,"href":"https:\/\/www.yongtongdipipe.com\/es\/wp-json\/wp\/v2\/comments?post=1777"}],"wp:featuredmedia":[{"embeddable":true,"href":"https:\/\/www.yongtongdipipe.com\/es\/wp-json\/wp\/v2\/media\/1786"}],"wp:attachment":[{"href":"https:\/\/www.yongtongdipipe.com\/es\/wp-json\/wp\/v2\/media?parent=1777"}],"wp:term":[{"taxonomy":"product_brand","embeddable":true,"href":"https:\/\/www.yongtongdipipe.com\/es\/wp-json\/wp\/v2\/product_brand?post=1777"},{"taxonomy":"product_cat","embeddable":true,"href":"https:\/\/www.yongtongdipipe.com\/es\/wp-json\/wp\/v2\/product_cat?post=1777"},{"taxonomy":"product_tag","embeddable":true,"href":"https:\/\/www.yongtongdipipe.com\/es\/wp-json\/wp\/v2\/product_tag?post=1777"}],"curies":[{"name":"wp","href":"https:\/\/api.w.org\/{rel}","templated":true}]}}