{"id":312,"date":"2024-11-05T15:29:21","date_gmt":"2024-11-05T07:29:21","guid":{"rendered":"http:\/\/www.yongtongdipipe.com\/?post_type=product&#038;p=312"},"modified":"2025-03-12T15:16:41","modified_gmt":"2025-03-12T07:16:41","slug":"pipes-with-pe-coated-lining","status":"publish","type":"product","link":"https:\/\/www.yongtongdipipe.com\/es\/producto\/pipes-with-pe-coated-lining\/","title":{"rendered":"Tuber\u00edas con revestimiento de PE"},"content":{"rendered":"<div style=\"width: 1080px;\" class=\"wp-video\"><!--[if lt IE 9]><script>document.createElement('video');<\/script><![endif]-->\n<video class=\"wp-video-shortcode\" id=\"video-312-1\" width=\"1080\" height=\"1080\" preload=\"metadata\" controls=\"controls\"><source type=\"video\/mp4\" src=\"https:\/\/www.yongtongdipipe.com\/wp-content\/uploads\/2024\/11\/3\u670812\u65e5-11.mp4?_=1\" \/><a href=\"https:\/\/www.yongtongdipipe.com\/wp-content\/uploads\/2024\/11\/3\u670812\u65e5-11.mp4\">https:\/\/www.yongtongdipipe.com\/wp-content\/uploads\/2024\/11\/3\u670812\u65e5-11.mp4<\/a><\/video><\/div>\n<p>&nbsp;<\/p>\n<p><strong>Tuber\u00edas con revestimiento de PE<\/strong><\/p>\n<div class=\"search-card-m-imgarea list-card-layout__img\">\n<div class=\"search-card-e-slider\">\n<div class=\"search-card-e-slider__wrapper\">\n<div class=\"slider-index-wrapper\">\n<div class=\"slider-index-current\">\n<div class=\"search-card-m-imgarea list-card-layout__img\">\n<div class=\"search-card-e-slider\">\n<div class=\"search-card-e-slider__wrapper\">\n<div class=\"slider-index-wrapper\">\n<div class=\"slider-index-current\">\n<p>ISO2531 EN545 Revestimiento de poliuretano PU Tubos de fundici\u00f3n d\u00factil K7 K8 K9 tuber\u00eda de agua potable<\/p>\n<\/div>\n<div class=\"slider-index-index\">\n<h1 title=\"ISO2531 EN545 EN598 Revestimiento de poliuretano PU Tubos de fundici\u00f3n d\u00factil K7 K8 K9 tuber\u00eda de agua potable\" data-spm-anchor-id=\"a2700.details.0.i0.396e7437YVGOFp\"><img fetchpriority=\"high\" decoding=\"async\" class=\"alignnone wp-image-1092 size-full\" src=\"http:\/\/www.yongtongdipipe.com\/wp-content\/uploads\/2024\/11\/Thickness-of-polyurcthane-Lining-on-DI-pipes.jpg\" alt=\"\" width=\"787\" height=\"341\" srcset=\"https:\/\/www.yongtongdipipe.com\/wp-content\/uploads\/2024\/11\/Thickness-of-polyurcthane-Lining-on-DI-pipes.jpg 787w, https:\/\/www.yongtongdipipe.com\/wp-content\/uploads\/2024\/11\/Thickness-of-polyurcthane-Lining-on-DI-pipes-300x130.jpg 300w, https:\/\/www.yongtongdipipe.com\/wp-content\/uploads\/2024\/11\/Thickness-of-polyurcthane-Lining-on-DI-pipes-768x333.jpg 768w, https:\/\/www.yongtongdipipe.com\/wp-content\/uploads\/2024\/11\/Thickness-of-polyurcthane-Lining-on-DI-pipes-18x8.jpg 18w, https:\/\/www.yongtongdipipe.com\/wp-content\/uploads\/2024\/11\/Thickness-of-polyurcthane-Lining-on-DI-pipes-600x260.jpg 600w\" sizes=\"(max-width: 787px) 100vw, 787px\" \/><\/h1>\n<\/div>\n<div class=\"slider-index-index\"><span style=\"color: #0000ff;\"><strong>Revestimiento interior<\/strong><\/span><span style=\"font-family: var(--global-body-font-family);\">:<\/span><strong style=\"font-family: var(--global-body-font-family);\">\u00a0Poliuretano &gt;= 1000\u03bcm \u0395\u039d15655:2009<\/strong><\/div>\n<\/div>\n<\/div>\n<\/div>\n<\/div>\n<\/div>\n<\/div>\n<\/div>\n<\/div>\n<\/div>\n<p><strong><span style=\"color: #0000ff;\">Revestimiento exterior:\u00a0<\/span>Aleaci\u00f3n de zinc\/aluminio 400 g\/m2 + Epoxi 70\u03bcm seg\u00fan EN 598:2007 con la capa de epoxi seg\u00fan EN 14901:2006<\/strong><\/p>\n<p><img decoding=\"async\" class=\"alignnone wp-image-1093 size-full\" src=\"http:\/\/www.yongtongdipipe.com\/wp-content\/uploads\/2024\/11\/Mechnical-Propertirs.jpg\" alt=\"\" width=\"499\" height=\"552\" srcset=\"https:\/\/www.yongtongdipipe.com\/wp-content\/uploads\/2024\/11\/Mechnical-Propertirs.jpg 499w, https:\/\/www.yongtongdipipe.com\/wp-content\/uploads\/2024\/11\/Mechnical-Propertirs-271x300.jpg 271w, https:\/\/www.yongtongdipipe.com\/wp-content\/uploads\/2024\/11\/Mechnical-Propertirs-11x12.jpg 11w\" sizes=\"(max-width: 499px) 100vw, 499px\" \/><\/p>\n<p>&nbsp;<\/p>","protected":false},"excerpt":{"rendered":"<p>&nbsp; Tuber\u00edas con revestimiento de PE Revestimiento ISO2531 EN545 Revestimiento de poliuretano PU Tuber\u00edas de hierro d\u00factil K7 K8 K9 tuber\u00eda de agua potable Revestimiento interno: Poliuretano &gt;= 1000\u03bcm \u0395\u039d15655:2009 Revestimiento externo: Aleaci\u00f3n de zinc\/aluminio 400 g\/m2 + Epoxi 70\u03bcm seg\u00fan EN 598:2007 con la capa de epoxi seg\u00fan EN 14901:2006 &nbsp;<\/p>","protected":false},"featured_media":313,"comment_status":"open","ping_status":"closed","template":"","meta":{"_kadence_starter_templates_imported_post":false,"_kad_post_transparent":"default","_kad_post_title":"","_kad_post_layout":"default","_kad_post_sidebar_id":"","_kad_post_content_style":"default","_kad_post_vertical_padding":"default","_kad_post_feature":"","_kad_post_feature_position":"","_kad_post_header":false,"_kad_post_footer":false},"product_brand":[],"product_cat":[38,22],"product_tag":[],"class_list":{"0":"post-312","1":"product","2":"type-product","3":"status-publish","4":"has-post-thumbnail","6":"product_cat-pipes-with-pe-coated-lining","7":"product_cat-products","9":"first","10":"instock","11":"shipping-taxable","12":"product-type-simple","13":"entry","14":"content-bg","15":"loop-entry"},"jetpack_sharing_enabled":true,"_links":{"self":[{"href":"https:\/\/www.yongtongdipipe.com\/es\/wp-json\/wp\/v2\/product\/312","targetHints":{"allow":["GET"]}}],"collection":[{"href":"https:\/\/www.yongtongdipipe.com\/es\/wp-json\/wp\/v2\/product"}],"about":[{"href":"https:\/\/www.yongtongdipipe.com\/es\/wp-json\/wp\/v2\/types\/product"}],"replies":[{"embeddable":true,"href":"https:\/\/www.yongtongdipipe.com\/es\/wp-json\/wp\/v2\/comments?post=312"}],"wp:featuredmedia":[{"embeddable":true,"href":"https:\/\/www.yongtongdipipe.com\/es\/wp-json\/wp\/v2\/media\/313"}],"wp:attachment":[{"href":"https:\/\/www.yongtongdipipe.com\/es\/wp-json\/wp\/v2\/media?parent=312"}],"wp:term":[{"taxonomy":"product_brand","embeddable":true,"href":"https:\/\/www.yongtongdipipe.com\/es\/wp-json\/wp\/v2\/product_brand?post=312"},{"taxonomy":"product_cat","embeddable":true,"href":"https:\/\/www.yongtongdipipe.com\/es\/wp-json\/wp\/v2\/product_cat?post=312"},{"taxonomy":"product_tag","embeddable":true,"href":"https:\/\/www.yongtongdipipe.com\/es\/wp-json\/wp\/v2\/product_tag?post=312"}],"curies":[{"name":"wp","href":"https:\/\/api.w.org\/{rel}","templated":true}]}}