{"id":1057,"date":"2024-11-13T13:19:37","date_gmt":"2024-11-13T05:19:37","guid":{"rendered":"http:\/\/www.yongtongdipipe.com\/?post_type=product&#038;p=1057"},"modified":"2025-02-25T14:44:21","modified_gmt":"2025-02-25T06:44:21","slug":"bs-en545-598-ductile-iron-pipe","status":"publish","type":"product","link":"https:\/\/www.yongtongdipipe.com\/pt\/produto\/bs-en545-598-ductile-iron-pipe\/","title":{"rendered":"Tubo de ferro d\u00factil BS EN545\/598"},"content":{"rendered":"<div style=\"width: 720px;\" class=\"wp-video\"><!--[if lt IE 9]><script>document.createElement('video');<\/script><![endif]-->\n<video class=\"wp-video-shortcode\" id=\"video-1057-1\" width=\"720\" height=\"1232\" preload=\"metadata\" controls=\"controls\"><source type=\"video\/mp4\" src=\"https:\/\/www.yongtongdipipe.com\/wp-content\/uploads\/2024\/11\/2.\u7403\u58a8\u7ba1\u5b89\u88c5.mp4?_=1\" \/><a href=\"https:\/\/www.yongtongdipipe.com\/wp-content\/uploads\/2024\/11\/2.\u7403\u58a8\u7ba1\u5b89\u88c5.mp4\">https:\/\/www.yongtongdipipe.com\/wp-content\/uploads\/2024\/11\/2.\u7403\u58a8\u7ba1\u5b89\u88c5.mp4<\/a><\/video><\/div>\n<p>Os produtos para tubos de ferro fundido d\u00factil BS EN545\/598 cumprem rigorosamente as normas abaixo indicadas:<br \/>\n<span class=\"magic-10\" data-spm-anchor-id=\"a2700.details.0.i82.53811754zYfeog\">ISO 2531 Tubos, liga\u00e7\u00f5es e acess\u00f3rios de ferro fundido d\u00factil para condutas sob press\u00e3o.<br \/>\nBSEN545 Tubos, liga\u00e7\u00f5es e acess\u00f3rios de ferro d\u00factil e respectivas juntas para condutas de \u00e1gua. Requisitos e m\u00e9todos de ensaio.<br \/>\nBSEN598 Tubos de ferro fundido d\u00factil, acess\u00f3rios e respectivas juntas para aplica\u00e7\u00e3o em esgotos - requisitos e m\u00e9todos de ensaio.<br \/>\nISO7186 Tubos de ferro fundido d\u00factil, acess\u00f3rios e respectivas juntas para a constru\u00e7\u00e3o de esgotos no exterior de edif\u00edcios.<br \/>\nISO4179 Tubos de ferro fundido d\u00factil para condutas sob press\u00e3o e sem press\u00e3o - Revestimento de argamassa de cimento centr\u00edfugo - requisitos gerais.<br \/>\nISO8179 Tubos de ferro fundido d\u00factil - Revestimento externo de zinco.<br \/>\nISO4633 Vedantes de borracha - an\u00e9is de jun\u00e7\u00e3o para condutas de abastecimento de \u00e1gua, drenagem e esgotos - especifica\u00e7\u00f5es para materiais.<br \/>\nISO 8180 Tubos de ferro fundido d\u00factil - manga de polietileno<\/span><\/p>\n<div class=\"J_module\">\n<div class=\"ife-detail-decorate-table\">\n<table class=\"hight-light-first-column all magic-14\">\n<tbody>\n<tr>\n<td colspan=\"1\" rowspan=\"1\">\n<div class=\"magic-15\"><b class=\"magic-10\" data-spm-anchor-id=\"a2700.custom-template.0.i56.797733337ZHkg0\"><span style=\"font-family: Verdana;\" data-spm-anchor-id=\"a2700.details.0.i84.53811754zYfeog\">Item<\/span><\/b><\/div>\n<\/td>\n<td colspan=\"1\" rowspan=\"1\">\n<div class=\"magic-16\"><span class=\"magic-10\" data-spm-anchor-id=\"a2700.custom-template.0.i54.797733337ZHkg0\"><span style=\"font-family: Verdana;\">Tubo de ferro d\u00factil<\/span><\/span><\/div>\n<\/td>\n<\/tr>\n<tr>\n<td colspan=\"1\" rowspan=\"1\">\n<div class=\"magic-15\"><span class=\"magic-10\" data-spm-anchor-id=\"a2700.custom-template.0.i6.79773333yEvL81\"><b class=\"magic-10\"><span style=\"font-family: Verdana;\">Classe<\/span><\/b><\/span><\/div>\n<\/td>\n<td colspan=\"1\" rowspan=\"1\">\n<div class=\"magic-16\"><span style=\"font-family: Verdana;\">K9, K10, K11, K12\uff0cK9, K8, C25, C30, C40, etc.<\/span><\/div>\n<\/td>\n<\/tr>\n<tr>\n<td colspan=\"1\" rowspan=\"1\">\n<div class=\"magic-15\"><span style=\"font-family: Verdana;\"><b class=\"magic-10\">Junta de tubagem<\/b><\/span><\/div>\n<\/td>\n<td colspan=\"1\" rowspan=\"1\">\n<div class=\"magic-16\"><span style=\"font-family: Verdana;\">junta de encaixe (junta Tyton), junta tipo K, junta auto-restringida<\/span><\/div>\n<\/td>\n<\/tr>\n<tr>\n<td colspan=\"1\" rowspan=\"1\">\n<div class=\"magic-15\"><b class=\"magic-10\"><span style=\"font-family: Verdana;\">Tamanho<\/span><\/b><\/div>\n<\/td>\n<td colspan=\"1\" rowspan=\"1\">\n<div class=\"magic-16\"><span style=\"font-family: Verdana;\">Di\u00e2metro exterior: 98mm-1255mm<br \/>\nDi\u00e2metro interior: 80mm-1200mm<br \/>\nEspessura da parede: 6mm-153mm<br \/>\nComprimento: 6m, cortado a 5,7m, ou conforme necess\u00e1rio.<\/span><\/div>\n<\/td>\n<\/tr>\n<tr>\n<td colspan=\"1\" rowspan=\"1\">\n<div class=\"magic-15\"><b class=\"magic-10\"><span style=\"font-family: Verdana;\">Superf\u00edcie<\/span><\/b><\/div>\n<\/td>\n<td colspan=\"1\" rowspan=\"1\">\n<div class=\"magic-16\"><span style=\"font-family: Verdana;\">Revestimento externo de betume, ou conforme necess\u00e1rio.<\/span><\/div>\n<\/td>\n<\/tr>\n<tr>\n<td colspan=\"1\" rowspan=\"1\">\n<div class=\"magic-15\"><b class=\"magic-10\"><span style=\"font-family: Verdana;\">Aplica\u00e7\u00e3o<\/span><\/b><\/div>\n<\/td>\n<td colspan=\"1\" rowspan=\"1\">\n<div class=\"magic-16\"><span style=\"font-family: Verdana;\">Projeto de abastecimento de \u00e1gua, drenagem, esgotos, irriga\u00e7\u00e3o, condutas de \u00e1gua, etc.<\/span><\/div>\n<\/td>\n<\/tr>\n<tr>\n<td colspan=\"1\" rowspan=\"1\">\n<div class=\"magic-15\"><b class=\"magic-10\"><span style=\"font-family: Verdana;\">Embalagem<\/span><\/b><\/div>\n<\/td>\n<td colspan=\"1\" rowspan=\"1\">\n<div class=\"magic-16\"><span style=\"font-family: Verdana;\">Embalagem normalizada para exporta\u00e7\u00e3o, ou conforme necess\u00e1rio.<\/span><\/div>\n<\/td>\n<\/tr>\n<tr>\n<td colspan=\"1\" rowspan=\"1\">\n<div class=\"magic-15\"><b class=\"magic-10\"><span style=\"font-family: Verdana;\">Pre\u00e7o a prazo<\/span><\/b><\/div>\n<\/td>\n<td colspan=\"1\" rowspan=\"1\">\n<div class=\"magic-16\"><span style=\"font-family: Verdana;\">FOB, EXW, CIF, CFR, etc.<\/span><\/div>\n<\/td>\n<\/tr>\n<tr>\n<td colspan=\"1\" rowspan=\"1\">\n<div class=\"magic-15\"><b class=\"magic-10\"><span style=\"font-family: Verdana;\">Pagamento<\/span><\/b><\/div>\n<\/td>\n<td colspan=\"1\" rowspan=\"1\">\n<div class=\"magic-16\"><span style=\"font-family: Verdana;\">T\/T, L\/C, Western Union, etc.<\/span><\/div>\n<\/td>\n<\/tr>\n<tr>\n<td colspan=\"1\" rowspan=\"1\">\n<div class=\"magic-15\"><b class=\"magic-10\"><span style=\"font-family: Verdana;\">Certificados<\/span><\/b><\/div>\n<\/td>\n<td colspan=\"1\" rowspan=\"1\">\n<div class=\"magic-16\"><span style=\"font-family: Verdana;\">ISO, CE, BSI, WRAS<\/span><\/div>\n<\/td>\n<\/tr>\n<\/tbody>\n<\/table>\n<\/div>\n<\/div>\n<div class=\"J_module\">\n<div class=\"detail-decorate-json-renderer-container\">\n<div class=\"magic-0\">\n<div class=\"magic-1\">\n<div class=\"magic-2\">\n<div class=\"magic-3\"><span class=\"magic-17\" style=\"font-family: Verdana;\"><b class=\"magic-10\">Especifica\u00e7\u00f5es:<br \/>\n<\/b>1) A norma do tubo: ISO 2531, EN545, EN598.<br \/>\n2) Classe de tubo: K9, C40, C30, C25, etc.<br \/>\n3) Junta de tubagem: junta de press\u00e3o (junta Tyton), junta tipo K, junta auto-restrita<br \/>\n4) Comprimento efetivo: em geral, o comprimento do tubo \u00e9 de 6 m para o transporte a granel e de 5,7 m para o transporte em contentor.<br \/>\n5) Revestimento interior: revestimento de argamassa de cimento de acordo com a norma ISO4179<br \/>\n6) Revestimento de zinco: pelo menos 130g\/m2 de acordo com a norma ISO 8179<br \/>\n7) Pintura betuminosa: pelo menos 70um de acordo com a norma ISO 8179<br \/>\n8) As juntas s\u00e3o de borracha NBR, borracha natural, borracha SBR ou anel de borracha EPDM, em conformidade com a norma ISO4633<br \/>\n9) DN 80 - 2.600 mm<br \/>\n10) Elevada resist\u00eancia, mais leve do que o ferro cinzento, boa resist\u00eancia \u00e0 corros\u00e3o, sem sulcos, pequena resist\u00eancia ao fluxo, f\u00e1cil fixa\u00e7\u00e3o, longa vida \u00fatil<br \/>\n11) Verificado por equipamento de inspe\u00e7\u00e3o autom\u00e1tica<br \/>\n12) Composi\u00e7\u00e3o qu\u00edmica: (%)<br \/>\n3. a) C: 3,5 - 4,0<br \/>\n4. b) Si: 1,9 - 2,6<br \/>\n5. c) Mn:0,15 - 0,45<br \/>\n6. c) P: &lt;0,06<br \/>\n7. d) S: &lt;0,02<br \/>\n13) Propriedades mec\u00e2nicas<br \/>\n1. a) Resist\u00eancia \u00e0 tra\u00e7\u00e3o: \u2265420MPa<br \/>\n2. b) Resist\u00eancia ao escoamento: \u2265300Mpa<br \/>\n3. c) Dureza: \u2264230HB<br \/>\n4. d) Alongamento%: DN80 - 1000 \u226510 DN1200 - 2200 \u22657<\/span><\/p>\n<div><span class=\"magic-17\" style=\"font-family: Verdana;\" data-spm-anchor-id=\"a2700.details.0.i85.53811754zYfeog\"><span class=\"magic-17\" style=\"font-family: Verdana;\" data-spm-anchor-id=\"a2700.details.0.i85.53811754zYfeog\">14) Processos e ensaios:<br \/>\n1. a) Forno de indu\u00e7\u00e3o e metal tratado (an\u00e1lise qu\u00edmica da mat\u00e9ria-prima, esferoidiza\u00e7\u00e3o e nodularidade)<br \/>\n2. b) Fundi\u00e7\u00e3o (controlo visual e controlo do peso)<br \/>\n3. c) Tratamento t\u00e9rmico (microestrutura)<br \/>\n4. d) Ensaio hidrost\u00e1tico (ensaio de press\u00e3o)<br \/>\n5. e) Controlos dimensionais (verifica\u00e7\u00e3o do comprimento e da junta do tubo, do di\u00e2metro externo, da espessura da parede, do aspeto)<br \/>\n6. f) Pulveriza\u00e7\u00e3o com zinco (Ensaio de espessura)<br \/>\n7. g) Forro e revestimento (controlo visual 100%, ensaio de espessura aleat\u00f3rio)<br \/>\n8. i) Marca\u00e7\u00e3o e embalagem (controlo visual 100%)<\/span><\/span>15) O revestimento do tubo pode ser personalizado, por exemplo, liga de zinco-alum\u00ednio, PU, etc.<b>Embalagem: em feixes com cintas de a\u00e7o ou a granel<br \/>\nExpedi\u00e7\u00e3o: a granel ou em contentor<\/b><\/div>\n<\/div>\n<\/div>\n<\/div>\n<\/div>\n<\/div>\n<\/div>\n<p>&nbsp;<\/p>","protected":false},"excerpt":{"rendered":"<p>Fornecedor superior da China Tubos de ferro fundido d\u00factil ISO2531 EN545 EN598 C30,C40 ,C50,C100,K9 K10,K12 \u00e1gua pot\u00e1vel<\/p>\n<p>Standard:ISO2531\/EN545\/EN598<\/p>\n<p>&nbsp;<\/p>\n<p>&nbsp;<\/p>","protected":false},"featured_media":1072,"comment_status":"open","ping_status":"closed","template":"","meta":{"_kadence_starter_templates_imported_post":false,"_kad_post_transparent":"default","_kad_post_title":"","_kad_post_layout":"default","_kad_post_sidebar_id":"","_kad_post_content_style":"default","_kad_post_vertical_padding":"default","_kad_post_feature":"","_kad_post_feature_position":"","_kad_post_header":false,"_kad_post_footer":false},"product_brand":[],"product_cat":[40],"product_tag":[],"class_list":{"0":"post-1057","1":"product","2":"type-product","3":"status-publish","4":"has-post-thumbnail","6":"product_cat-bs-en545-598-ductile-iron-pipe","8":"first","9":"instock","10":"shipping-taxable","11":"product-type-simple","12":"entry","13":"content-bg","14":"loop-entry"},"jetpack_sharing_enabled":true,"_links":{"self":[{"href":"https:\/\/www.yongtongdipipe.com\/pt\/wp-json\/wp\/v2\/product\/1057","targetHints":{"allow":["GET"]}}],"collection":[{"href":"https:\/\/www.yongtongdipipe.com\/pt\/wp-json\/wp\/v2\/product"}],"about":[{"href":"https:\/\/www.yongtongdipipe.com\/pt\/wp-json\/wp\/v2\/types\/product"}],"replies":[{"embeddable":true,"href":"https:\/\/www.yongtongdipipe.com\/pt\/wp-json\/wp\/v2\/comments?post=1057"}],"wp:featuredmedia":[{"embeddable":true,"href":"https:\/\/www.yongtongdipipe.com\/pt\/wp-json\/wp\/v2\/media\/1072"}],"wp:attachment":[{"href":"https:\/\/www.yongtongdipipe.com\/pt\/wp-json\/wp\/v2\/media?parent=1057"}],"wp:term":[{"taxonomy":"product_brand","embeddable":true,"href":"https:\/\/www.yongtongdipipe.com\/pt\/wp-json\/wp\/v2\/product_brand?post=1057"},{"taxonomy":"product_cat","embeddable":true,"href":"https:\/\/www.yongtongdipipe.com\/pt\/wp-json\/wp\/v2\/product_cat?post=1057"},{"taxonomy":"product_tag","embeddable":true,"href":"https:\/\/www.yongtongdipipe.com\/pt\/wp-json\/wp\/v2\/product_tag?post=1057"}],"curies":[{"name":"wp","href":"https:\/\/api.w.org\/{rel}","templated":true}]}}