{"id":1126,"date":"2024-11-14T14:36:56","date_gmt":"2024-11-14T06:36:56","guid":{"rendered":"http:\/\/www.yongtongdipipe.com\/?post_type=product&#038;p=1126"},"modified":"2025-02-27T10:56:44","modified_gmt":"2025-02-27T02:56:44","slug":"ductile-iron-double-socket-socket-spigot-bend-22-5","status":"publish","type":"product","link":"https:\/\/www.yongtongdipipe.com\/pt\/produto\/ductile-iron-double-socket-socket-spigot-bend-22-5\/","title":{"rendered":"Curva de duplo encaixe em ferro d\u00factil-22,5\u00b0"},"content":{"rendered":"<div style=\"width: 720px;\" class=\"wp-video\"><!--[if lt IE 9]><script>document.createElement('video');<\/script><![endif]-->\n<video class=\"wp-video-shortcode\" id=\"video-1126-1\" width=\"720\" height=\"720\" preload=\"metadata\" controls=\"controls\"><source type=\"video\/mp4\" src=\"https:\/\/www.yongtongdipipe.com\/wp-content\/uploads\/2024\/11\/17-\u7ba1\u4ef6\u89c6\u9891.mp4?_=1\" \/><a href=\"https:\/\/www.yongtongdipipe.com\/wp-content\/uploads\/2024\/11\/17-\u7ba1\u4ef6\u89c6\u9891.mp4\">https:\/\/www.yongtongdipipe.com\/wp-content\/uploads\/2024\/11\/17-\u7ba1\u4ef6\u89c6\u9891.mp4<\/a><\/video><\/div>\n<p style=\"text-align: center;\"><strong>Curva de duplo encaixe em ferro d\u00factil-22,5\u00b0<\/strong><\/p>\n<p><img fetchpriority=\"high\" decoding=\"async\" class=\"wp-image-1444 size-full aligncenter\" src=\"https:\/\/www.yongtongdipipe.com\/wp-content\/uploads\/2024\/11\/1-4.png\" alt=\"\" width=\"969\" height=\"261\" srcset=\"https:\/\/www.yongtongdipipe.com\/wp-content\/uploads\/2024\/11\/1-4.png 969w, https:\/\/www.yongtongdipipe.com\/wp-content\/uploads\/2024\/11\/1-4-300x81.png 300w, https:\/\/www.yongtongdipipe.com\/wp-content\/uploads\/2024\/11\/1-4-768x207.png 768w, https:\/\/www.yongtongdipipe.com\/wp-content\/uploads\/2024\/11\/1-4-18x5.png 18w, https:\/\/www.yongtongdipipe.com\/wp-content\/uploads\/2024\/11\/1-4-600x162.png 600w\" sizes=\"(max-width: 969px) 100vw, 969px\" \/><\/p>\n<p><img decoding=\"async\" class=\"wp-image-1600 aligncenter\" src=\"https:\/\/www.yongtongdipipe.com\/wp-content\/uploads\/2024\/11\/65-2600-1.jpg\" alt=\"\" width=\"674\" height=\"823\" srcset=\"https:\/\/www.yongtongdipipe.com\/wp-content\/uploads\/2024\/11\/65-2600-1.jpg 576w, https:\/\/www.yongtongdipipe.com\/wp-content\/uploads\/2024\/11\/65-2600-1-246x300.jpg 246w, https:\/\/www.yongtongdipipe.com\/wp-content\/uploads\/2024\/11\/65-2600-1-10x12.jpg 10w\" sizes=\"(max-width: 674px) 100vw, 674px\" \/><\/p>\n<table>\n<thead>\n<tr>\n<th>Categoria<\/th>\n<th>Detalhes<\/th>\n<\/tr>\n<\/thead>\n<tbody>\n<tr>\n<td>Tipo<\/td>\n<td>Encaixe de tubo de encaixe Tyton (push on)<br class=\"container-utlnW2 wrapper-d0Cc1k undefined\" \/>Encaixe de tubo flangeado<br class=\"container-utlnW2 wrapper-d0Cc1k undefined\" \/>Acess\u00f3rios para tubos com bucim aparafusado tipo K<br class=\"container-utlnW2 wrapper-d0Cc1k undefined\" \/>Acess\u00f3rios para tubagem de jun\u00e7\u00e3o mec\u00e2nica<br class=\"container-utlnW2 wrapper-d0Cc1k undefined\" \/>Acess\u00f3rios para tubos de ferro fundido d\u00factil para tubos de PVC<\/td>\n<\/tr>\n<tr>\n<td>Padr\u00e3o<\/td>\n<td>ISO2531, EN545, EN598, BS4772, EN12842, AWWA C110, AWWA C153, etc<\/td>\n<\/tr>\n<tr>\n<td>Tamanho<\/td>\n<td>DN80~2600mm<\/td>\n<\/tr>\n<tr>\n<td>Press\u00e3o<\/td>\n<td>PN10, PN16, PN25, PN40<\/td>\n<\/tr>\n<tr>\n<td>Aplica\u00e7\u00e3o<\/td>\n<td>Projeto de abastecimento de \u00e1gua, drenagem, esgotos, irriga\u00e7\u00e3o, condutas de \u00e1gua.<\/td>\n<\/tr>\n<tr>\n<td>Certificado<\/td>\n<td>ISO9001, BV, WRAS, BSI, CE<\/td>\n<\/tr>\n<tr>\n<td>Revestimento interno<\/td>\n<td>a). Revestimento de argamassa de cimento Portland<br class=\"container-utlnW2 wrapper-d0Cc1k undefined\" \/>b). Revestimento de argamassa de cimento resistente a sulfatos<br class=\"container-utlnW2 wrapper-d0Cc1k undefined\" \/>c). Alta - Revestimento de argamassa de cimento de alum\u00ednio<br class=\"container-utlnW2 wrapper-d0Cc1k undefined\" \/>d). Revestimento epox\u00eddico ligado por fus\u00e3o<br class=\"container-utlnW2 wrapper-d0Cc1k undefined\" \/>e). Pintura l\u00edquida epox\u00eddica<br class=\"container-utlnW2 wrapper-d0Cc1k undefined\" \/>f). Pintura com betume negro<\/td>\n<\/tr>\n<tr>\n<td>Revestimento externo<\/td>\n<td>a). Pintura de zinco + betume<br class=\"container-utlnW2 wrapper-d0Cc1k undefined\" \/>b). Revestimento epox\u00eddico ligado por fus\u00e3o<br class=\"container-utlnW2 wrapper-d0Cc1k undefined\" \/>c). Liga de zinco-alum\u00ednio + pintura ep\u00f3xi l\u00edquida<\/td>\n<\/tr>\n<tr>\n<td>Acess\u00f3rios<\/td>\n<td>An\u00e9is e juntas de borracha: SBR ou EPDM<br class=\"container-utlnW2 wrapper-d0Cc1k undefined\" \/>Parafusos e porcas: A\u00e7o carbono galvanizado G4.8\/G8.8, ou SS304\/SS316<\/td>\n<\/tr>\n<tr>\n<td>Embalagem<\/td>\n<td>Caixa\/palete de madeira com camada de pl\u00e1stico, ou conforme os requisitos do cliente.<\/td>\n<\/tr>\n<\/tbody>\n<\/table>\n<p align=\"left\">","protected":false},"excerpt":{"rendered":"<p>Curva de encaixe duplo em ferro d\u00factil-22.5\u00b0 Detalhes da categoria Tipo Encaixe de tubo de encaixe Tyton (push on) Encaixe de tubo flangeadoEncaixe de tubo com bucim tipo KEncaixe de tubo com junta mec\u00e2nicaEncaixe de tubo de ferro d\u00factil para tubo de PVC Padr\u00e3o ISO2531, EN545, EN598, BS4772, EN12842, AWWA C110, AWWA C153, etc Tamanho DN80~2600mm Press\u00e3o PN10, PN16, PN25, PN40 Aplica\u00e7\u00e3o Projeto de abastecimento de \u00e1gua, drenagem, esgoto, irriga\u00e7\u00e3o,...<\/p>","protected":false},"featured_media":1821,"comment_status":"open","ping_status":"closed","template":"","meta":{"_kadence_starter_templates_imported_post":false,"_kad_post_transparent":"default","_kad_post_title":"","_kad_post_layout":"default","_kad_post_sidebar_id":"","_kad_post_content_style":"default","_kad_post_vertical_padding":"default","_kad_post_feature":"","_kad_post_feature_position":"","_kad_post_header":false,"_kad_post_footer":false},"product_brand":[],"product_cat":[15,82],"product_tag":[],"class_list":{"0":"post-1126","1":"product","2":"type-product","3":"status-publish","4":"has-post-thumbnail","6":"product_cat-uncategorized","7":"product_cat-ductile-iron-double-socket-socket-spigot-bend-22-5","9":"first","10":"instock","11":"shipping-taxable","12":"product-type-simple","13":"entry","14":"content-bg","15":"loop-entry"},"jetpack_sharing_enabled":true,"_links":{"self":[{"href":"https:\/\/www.yongtongdipipe.com\/pt\/wp-json\/wp\/v2\/product\/1126","targetHints":{"allow":["GET"]}}],"collection":[{"href":"https:\/\/www.yongtongdipipe.com\/pt\/wp-json\/wp\/v2\/product"}],"about":[{"href":"https:\/\/www.yongtongdipipe.com\/pt\/wp-json\/wp\/v2\/types\/product"}],"replies":[{"embeddable":true,"href":"https:\/\/www.yongtongdipipe.com\/pt\/wp-json\/wp\/v2\/comments?post=1126"}],"wp:featuredmedia":[{"embeddable":true,"href":"https:\/\/www.yongtongdipipe.com\/pt\/wp-json\/wp\/v2\/media\/1821"}],"wp:attachment":[{"href":"https:\/\/www.yongtongdipipe.com\/pt\/wp-json\/wp\/v2\/media?parent=1126"}],"wp:term":[{"taxonomy":"product_brand","embeddable":true,"href":"https:\/\/www.yongtongdipipe.com\/pt\/wp-json\/wp\/v2\/product_brand?post=1126"},{"taxonomy":"product_cat","embeddable":true,"href":"https:\/\/www.yongtongdipipe.com\/pt\/wp-json\/wp\/v2\/product_cat?post=1126"},{"taxonomy":"product_tag","embeddable":true,"href":"https:\/\/www.yongtongdipipe.com\/pt\/wp-json\/wp\/v2\/product_tag?post=1126"}],"curies":[{"name":"wp","href":"https:\/\/api.w.org\/{rel}","templated":true}]}}