{"id":1133,"date":"2024-11-14T14:56:17","date_gmt":"2024-11-14T06:56:17","guid":{"rendered":"http:\/\/www.yongtongdipipe.com\/?post_type=product&#038;p=1133"},"modified":"2025-02-27T11:03:50","modified_gmt":"2025-02-27T03:03:50","slug":"ductile-iron-double-socket-socket-spigot-bend-90","status":"publish","type":"product","link":"https:\/\/www.yongtongdipipe.com\/pt\/produto\/ductile-iron-double-socket-socket-spigot-bend-90\/","title":{"rendered":"Curva de duplo encaixe em ferro d\u00factil-90\u00b0"},"content":{"rendered":"<div style=\"width: 720px;\" class=\"wp-video\"><!--[if lt IE 9]><script>document.createElement('video');<\/script><![endif]-->\n<video class=\"wp-video-shortcode\" id=\"video-1133-1\" width=\"720\" height=\"720\" preload=\"metadata\" controls=\"controls\"><source type=\"video\/mp4\" src=\"https:\/\/www.yongtongdipipe.com\/wp-content\/uploads\/2024\/11\/17-\u7ba1\u4ef6\u89c6\u9891.mp4?_=1\" \/><a href=\"https:\/\/www.yongtongdipipe.com\/wp-content\/uploads\/2024\/11\/17-\u7ba1\u4ef6\u89c6\u9891.mp4\">https:\/\/www.yongtongdipipe.com\/wp-content\/uploads\/2024\/11\/17-\u7ba1\u4ef6\u89c6\u9891.mp4<\/a><\/video><\/div>\n<p style=\"text-align: center;\"><strong>Curva de duplo encaixe em ferro d\u00factil-90\u00b0<\/strong><\/p>\n<p><img fetchpriority=\"high\" decoding=\"async\" class=\"wp-image-1450 size-full aligncenter\" src=\"https:\/\/www.yongtongdipipe.com\/wp-content\/uploads\/2024\/11\/1-6.png\" alt=\"\" width=\"816\" height=\"219\" srcset=\"https:\/\/www.yongtongdipipe.com\/wp-content\/uploads\/2024\/11\/1-6.png 816w, https:\/\/www.yongtongdipipe.com\/wp-content\/uploads\/2024\/11\/1-6-300x81.png 300w, https:\/\/www.yongtongdipipe.com\/wp-content\/uploads\/2024\/11\/1-6-768x206.png 768w, https:\/\/www.yongtongdipipe.com\/wp-content\/uploads\/2024\/11\/1-6-18x5.png 18w, https:\/\/www.yongtongdipipe.com\/wp-content\/uploads\/2024\/11\/1-6-600x161.png 600w\" sizes=\"(max-width: 816px) 100vw, 816px\" \/><\/p>\n<p><img decoding=\"async\" class=\"wp-image-1602 size-full aligncenter\" src=\"https:\/\/www.yongtongdipipe.com\/wp-content\/uploads\/2024\/11\/65-1800.jpg\" alt=\"\" width=\"575\" height=\"717\" srcset=\"https:\/\/www.yongtongdipipe.com\/wp-content\/uploads\/2024\/11\/65-1800.jpg 575w, https:\/\/www.yongtongdipipe.com\/wp-content\/uploads\/2024\/11\/65-1800-241x300.jpg 241w, https:\/\/www.yongtongdipipe.com\/wp-content\/uploads\/2024\/11\/65-1800-10x12.jpg 10w\" sizes=\"(max-width: 575px) 100vw, 575px\" \/><\/p>\n<div id=\"ali-title-AliPostDhMb-dvzys\"><span data-spm-anchor-id=\"a2700.details.0.i78.56a22fc0ivR5E6\">Descri\u00e7\u00e3o do produto<\/span><\/div>\n<div>\n<p>&nbsp;<\/p>\n<table style=\"font-family: var(--global-body-font-family);\" border=\"0\" width=\"603\" cellspacing=\"0\" cellpadding=\"0\">\n<tbody>\n<tr>\n<td rowspan=\"5\">\n<p align=\"center\">1<\/p>\n<\/td>\n<td rowspan=\"5\">\n<p align=\"center\"><strong>Tipo:<\/strong><\/p>\n<\/td>\n<td>\n<p align=\"left\">Encaixe de tubo de encaixe Tyton (push on)<\/p>\n<\/td>\n<\/tr>\n<tr>\n<td>\n<p align=\"left\">Encaixe de tubo flangeado<\/p>\n<\/td>\n<\/tr>\n<tr>\n<td>\n<p align=\"left\">Acess\u00f3rios para tubos com bucim aparafusado tipo K<\/p>\n<\/td>\n<\/tr>\n<tr>\n<td>\n<p align=\"left\">Acess\u00f3rios para tubagem de jun\u00e7\u00e3o mec\u00e2nica<\/p>\n<\/td>\n<\/tr>\n<tr>\n<td>\n<p align=\"left\">Acess\u00f3rios para tubos de ferro fundido d\u00factil para tubos de PVC<\/p>\n<\/td>\n<\/tr>\n<tr>\n<td>\n<p align=\"center\">2<\/p>\n<\/td>\n<td>\n<p align=\"center\"><strong>Padr\u00e3o:<\/strong><\/p>\n<\/td>\n<td>\n<p align=\"left\">ISO2531, EN545, EN598, BS4772, EN12842, AWWA C110, AWWA C153, etc<\/p>\n<\/td>\n<\/tr>\n<tr>\n<td>\n<p align=\"center\">3<\/p>\n<\/td>\n<td>\n<p align=\"center\"><strong>Tamanho:<\/strong><\/p>\n<\/td>\n<td>\n<p align=\"left\">DN80~2600mm<\/p>\n<\/td>\n<\/tr>\n<tr>\n<td>\n<p align=\"center\">4<\/p>\n<\/td>\n<td>\n<p align=\"center\"><strong>Press\u00e3o:<\/strong><\/p>\n<\/td>\n<td>\n<p align=\"left\">PN10, PN16, PN25, PN40<\/p>\n<\/td>\n<\/tr>\n<tr>\n<td>\n<p align=\"center\">5<\/p>\n<\/td>\n<td>\n<p align=\"center\"><strong>Aplica\u00e7\u00e3o:<\/strong><\/p>\n<\/td>\n<td>\n<p align=\"left\">Projeto de abastecimento de \u00e1gua, drenagem, esgotos, irriga\u00e7\u00e3o, condutas de \u00e1gua.<\/p>\n<\/td>\n<\/tr>\n<tr>\n<td>\n<p align=\"center\">6<\/p>\n<\/td>\n<td>\n<p align=\"center\"><strong>Certificado:<\/strong><\/p>\n<\/td>\n<td>\n<p align=\"left\">ISO9001, BV, WRAS, BSI,CE<\/p>\n<\/td>\n<\/tr>\n<tr>\n<td rowspan=\"6\">\n<p align=\"center\">7<\/p>\n<\/td>\n<td rowspan=\"6\">\n<p align=\"center\"><strong>Revestimento interno:<\/strong><\/p>\n<\/td>\n<td>\n<p align=\"left\">a). Revestimento de argamassa de cimento Portland<\/p>\n<\/td>\n<\/tr>\n<tr>\n<td>\n<p align=\"left\">b). Revestimento de argamassa de cimento resistente a sulfatos<\/p>\n<\/td>\n<\/tr>\n<tr>\n<td>\n<p align=\"left\">c). Revestimento de argamassa de cimento com alto teor de alum\u00ednio<\/p>\n<\/td>\n<\/tr>\n<tr>\n<td>\n<p align=\"left\">d). Revestimento epox\u00eddico ligado por fus\u00e3o<\/p>\n<\/td>\n<\/tr>\n<tr>\n<td>\n<p align=\"left\">e). Pintura l\u00edquida epox\u00eddica<\/p>\n<\/td>\n<\/tr>\n<tr>\n<td>\n<p align=\"left\">f). Pintura com betume negro<\/p>\n<\/td>\n<\/tr>\n<tr>\n<td rowspan=\"3\">\n<p align=\"center\">8<\/p>\n<\/td>\n<td rowspan=\"3\">\n<p align=\"center\"><strong>Revestimento externo:<\/strong><\/p>\n<\/td>\n<td>\n<p align=\"left\" data-spm-anchor-id=\"a2700.details.0.i79.56a22fc0ivR5E6\">a). Pintura de zinco + betume<\/p>\n<\/td>\n<\/tr>\n<tr>\n<td>\n<p align=\"left\">b). Revestimento epox\u00eddico ligado por fus\u00e3o<\/p>\n<\/td>\n<\/tr>\n<tr>\n<td>\n<p align=\"left\">c). Liga de zinco-alum\u00ednio + pintura ep\u00f3xi l\u00edquida<\/p>\n<\/td>\n<\/tr>\n<tr>\n<td>\n<p align=\"center\">9<\/p>\n<\/td>\n<td>\n<p align=\"center\"><strong>Acess\u00f3rios:<\/strong><\/p>\n<\/td>\n<td>\n<p align=\"left\">An\u00e9is e juntas de borracha: SBR ou EPDM<\/p>\n<p align=\"left\">Parafusos e porcas: A\u00e7o carbono galvanizado G4.8\/G8.8, ou SS304\/SS316<\/p>\n<\/td>\n<\/tr>\n<tr>\n<td>\n<p align=\"center\">10<\/p>\n<\/td>\n<td>\n<p align=\"center\"><strong>Embalagem:<\/strong><\/p>\n<\/td>\n<td>\n<p align=\"left\">Caixa\/palete de madeira com camada de pl\u00e1stico, ou conforme os requisitos do cliente.<\/p>\n<\/td>\n<\/tr>\n<\/tbody>\n<\/table>\n<\/div>","protected":false},"excerpt":{"rendered":"<p>Ferro fundido d\u00factil com duplo encaixe Bend-90\u00b0 Descri\u00e7\u00e3o do produto 1 Tipo: Encaixe de tubo de encaixe Tyton (push on) Encaixe de tubo com flange Encaixe de tubo com gl\u00e2ndula aparafusada tipo K Encaixe de tubo com junta mec\u00e2nica Encaixe de tubo de ferro d\u00factil para tubo de PVC 2 Padr\u00e3o: ISO2531, EN545, EN598, BS4772, EN12842, AWWA C110, AWWA C153, etc. 3 Tamanho: DN80~2600mm 4 Press\u00e3o: PN10, PN16,...<\/p>","protected":false},"featured_media":1822,"comment_status":"open","ping_status":"closed","template":"","meta":{"_kadence_starter_templates_imported_post":false,"_kad_post_transparent":"default","_kad_post_title":"","_kad_post_layout":"default","_kad_post_sidebar_id":"","_kad_post_content_style":"default","_kad_post_vertical_padding":"default","_kad_post_feature":"","_kad_post_feature_position":"","_kad_post_header":false,"_kad_post_footer":false},"product_brand":[],"product_cat":[84],"product_tag":[],"class_list":{"0":"post-1133","1":"product","2":"type-product","3":"status-publish","4":"has-post-thumbnail","6":"product_cat-ductile-iron-double-socket-socket-spigot-bend-90","8":"first","9":"instock","10":"shipping-taxable","11":"product-type-simple","12":"entry","13":"content-bg","14":"loop-entry"},"jetpack_sharing_enabled":true,"_links":{"self":[{"href":"https:\/\/www.yongtongdipipe.com\/pt\/wp-json\/wp\/v2\/product\/1133","targetHints":{"allow":["GET"]}}],"collection":[{"href":"https:\/\/www.yongtongdipipe.com\/pt\/wp-json\/wp\/v2\/product"}],"about":[{"href":"https:\/\/www.yongtongdipipe.com\/pt\/wp-json\/wp\/v2\/types\/product"}],"replies":[{"embeddable":true,"href":"https:\/\/www.yongtongdipipe.com\/pt\/wp-json\/wp\/v2\/comments?post=1133"}],"wp:featuredmedia":[{"embeddable":true,"href":"https:\/\/www.yongtongdipipe.com\/pt\/wp-json\/wp\/v2\/media\/1822"}],"wp:attachment":[{"href":"https:\/\/www.yongtongdipipe.com\/pt\/wp-json\/wp\/v2\/media?parent=1133"}],"wp:term":[{"taxonomy":"product_brand","embeddable":true,"href":"https:\/\/www.yongtongdipipe.com\/pt\/wp-json\/wp\/v2\/product_brand?post=1133"},{"taxonomy":"product_cat","embeddable":true,"href":"https:\/\/www.yongtongdipipe.com\/pt\/wp-json\/wp\/v2\/product_cat?post=1133"},{"taxonomy":"product_tag","embeddable":true,"href":"https:\/\/www.yongtongdipipe.com\/pt\/wp-json\/wp\/v2\/product_tag?post=1133"}],"curies":[{"name":"wp","href":"https:\/\/api.w.org\/{rel}","templated":true}]}}