{"id":1188,"date":"2024-11-15T10:40:00","date_gmt":"2024-11-15T02:40:00","guid":{"rendered":"https:\/\/www.yongtongdipipe.com\/?post_type=product&#038;p=1188"},"modified":"2025-02-23T09:57:53","modified_gmt":"2025-02-23T01:57:53","slug":"mopvc-double-socket-tee-with-flanged-branch","status":"publish","type":"product","link":"https:\/\/www.yongtongdipipe.com\/pt\/produto\/mopvc-double-socket-tee-with-flanged-branch\/","title":{"rendered":"T\u00ea de tomada dupla de mopvc com ramifica\u00e7\u00e3o flangeada"},"content":{"rendered":"<p>T\u00ea de tomada dupla de mopvc com ramifica\u00e7\u00e3o flangeada<\/p>\n<p>&nbsp;<\/p>\n<p><img fetchpriority=\"high\" decoding=\"async\" class=\"alignnone wp-image-1191 size-full\" src=\"https:\/\/www.yongtongdipipe.com\/wp-content\/uploads\/2024\/11\/MOPVC-\u53cc\u627f\u5355\u652f\u76d82.jpg\" alt=\"\" width=\"527\" height=\"807\" srcset=\"https:\/\/www.yongtongdipipe.com\/wp-content\/uploads\/2024\/11\/MOPVC-\u53cc\u627f\u5355\u652f\u76d82.jpg 527w, https:\/\/www.yongtongdipipe.com\/wp-content\/uploads\/2024\/11\/MOPVC-\u53cc\u627f\u5355\u652f\u76d82-196x300.jpg 196w, https:\/\/www.yongtongdipipe.com\/wp-content\/uploads\/2024\/11\/MOPVC-\u53cc\u627f\u5355\u652f\u76d82-8x12.jpg 8w\" sizes=\"(max-width: 527px) 100vw, 527px\" \/><\/p>","protected":false},"excerpt":{"rendered":"<p>T\u00ea de tomada dupla de mopvc com ramifica\u00e7\u00e3o flangeada &nbsp;<\/p>","protected":false},"featured_media":1684,"comment_status":"open","ping_status":"closed","template":"","meta":{"_kadence_starter_templates_imported_post":false,"_kad_post_transparent":"default","_kad_post_title":"","_kad_post_layout":"default","_kad_post_sidebar_id":"","_kad_post_content_style":"default","_kad_post_vertical_padding":"default","_kad_post_feature":"","_kad_post_feature_position":"","_kad_post_header":false,"_kad_post_footer":false},"product_brand":[],"product_cat":[96],"product_tag":[],"class_list":{"0":"post-1188","1":"product","2":"type-product","3":"status-publish","4":"has-post-thumbnail","6":"product_cat-upvc-double-socket-tee-with-flanged-branch","8":"first","9":"instock","10":"shipping-taxable","11":"product-type-simple","12":"entry","13":"content-bg","14":"loop-entry"},"jetpack_sharing_enabled":true,"_links":{"self":[{"href":"https:\/\/www.yongtongdipipe.com\/pt\/wp-json\/wp\/v2\/product\/1188","targetHints":{"allow":["GET"]}}],"collection":[{"href":"https:\/\/www.yongtongdipipe.com\/pt\/wp-json\/wp\/v2\/product"}],"about":[{"href":"https:\/\/www.yongtongdipipe.com\/pt\/wp-json\/wp\/v2\/types\/product"}],"replies":[{"embeddable":true,"href":"https:\/\/www.yongtongdipipe.com\/pt\/wp-json\/wp\/v2\/comments?post=1188"}],"wp:featuredmedia":[{"embeddable":true,"href":"https:\/\/www.yongtongdipipe.com\/pt\/wp-json\/wp\/v2\/media\/1684"}],"wp:attachment":[{"href":"https:\/\/www.yongtongdipipe.com\/pt\/wp-json\/wp\/v2\/media?parent=1188"}],"wp:term":[{"taxonomy":"product_brand","embeddable":true,"href":"https:\/\/www.yongtongdipipe.com\/pt\/wp-json\/wp\/v2\/product_brand?post=1188"},{"taxonomy":"product_cat","embeddable":true,"href":"https:\/\/www.yongtongdipipe.com\/pt\/wp-json\/wp\/v2\/product_cat?post=1188"},{"taxonomy":"product_tag","embeddable":true,"href":"https:\/\/www.yongtongdipipe.com\/pt\/wp-json\/wp\/v2\/product_tag?post=1188"}],"curies":[{"name":"wp","href":"https:\/\/api.w.org\/{rel}","templated":true}]}}