{"id":1196,"date":"2024-11-15T10:46:59","date_gmt":"2024-11-15T02:46:59","guid":{"rendered":"https:\/\/www.yongtongdipipe.com\/?post_type=product&#038;p=1196"},"modified":"2025-02-19T15:53:23","modified_gmt":"2025-02-19T07:53:23","slug":"mopvc-double-socket-reduced-tapper","status":"publish","type":"product","link":"https:\/\/www.yongtongdipipe.com\/pt\/produto\/mopvc-double-socket-reduced-tapper\/","title":{"rendered":"Torneira de redu\u00e7\u00e3o de soquete duplo de mopvc"},"content":{"rendered":"<p>Torneira de redu\u00e7\u00e3o de soquete duplo de mopvc<\/p>\n<p><img fetchpriority=\"high\" decoding=\"async\" class=\"alignnone wp-image-1197 size-full\" src=\"https:\/\/www.yongtongdipipe.com\/wp-content\/uploads\/2024\/11\/MOPVC\u53cc\u627f\u6e10\u7f29\u7ba11.jpg\" alt=\"\" width=\"359\" height=\"285\" srcset=\"https:\/\/www.yongtongdipipe.com\/wp-content\/uploads\/2024\/11\/MOPVC\u53cc\u627f\u6e10\u7f29\u7ba11.jpg 359w, https:\/\/www.yongtongdipipe.com\/wp-content\/uploads\/2024\/11\/MOPVC\u53cc\u627f\u6e10\u7f29\u7ba11-300x238.jpg 300w, https:\/\/www.yongtongdipipe.com\/wp-content\/uploads\/2024\/11\/MOPVC\u53cc\u627f\u6e10\u7f29\u7ba11-15x12.jpg 15w\" sizes=\"(max-width: 359px) 100vw, 359px\" \/><\/p>\n<p><img decoding=\"async\" class=\"alignnone wp-image-1198 size-full\" src=\"https:\/\/www.yongtongdipipe.com\/wp-content\/uploads\/2024\/11\/MOPVC\u53cc\u627f\u6e10\u7f29\u7ba12.jpg\" alt=\"\" width=\"748\" height=\"464\" srcset=\"https:\/\/www.yongtongdipipe.com\/wp-content\/uploads\/2024\/11\/MOPVC\u53cc\u627f\u6e10\u7f29\u7ba12.jpg 748w, https:\/\/www.yongtongdipipe.com\/wp-content\/uploads\/2024\/11\/MOPVC\u53cc\u627f\u6e10\u7f29\u7ba12-300x186.jpg 300w, https:\/\/www.yongtongdipipe.com\/wp-content\/uploads\/2024\/11\/MOPVC\u53cc\u627f\u6e10\u7f29\u7ba12-18x12.jpg 18w, https:\/\/www.yongtongdipipe.com\/wp-content\/uploads\/2024\/11\/MOPVC\u53cc\u627f\u6e10\u7f29\u7ba12-600x372.jpg 600w\" sizes=\"(max-width: 748px) 100vw, 748px\" \/><\/p>","protected":false},"excerpt":{"rendered":"<p>Torneira de redu\u00e7\u00e3o de soquete duplo de mopvc<\/p>","protected":false},"featured_media":1199,"comment_status":"open","ping_status":"closed","template":"","meta":{"_kadence_starter_templates_imported_post":false,"_kad_post_transparent":"default","_kad_post_title":"","_kad_post_layout":"default","_kad_post_sidebar_id":"","_kad_post_content_style":"default","_kad_post_vertical_padding":"default","_kad_post_feature":"","_kad_post_feature_position":"","_kad_post_header":false,"_kad_post_footer":false},"product_brand":[],"product_cat":[98],"product_tag":[],"class_list":{"0":"post-1196","1":"product","2":"type-product","3":"status-publish","4":"has-post-thumbnail","6":"product_cat-upvc-double-socket-reduced-tapper","8":"first","9":"instock","10":"shipping-taxable","11":"product-type-simple","12":"entry","13":"content-bg","14":"loop-entry"},"jetpack_sharing_enabled":true,"_links":{"self":[{"href":"https:\/\/www.yongtongdipipe.com\/pt\/wp-json\/wp\/v2\/product\/1196","targetHints":{"allow":["GET"]}}],"collection":[{"href":"https:\/\/www.yongtongdipipe.com\/pt\/wp-json\/wp\/v2\/product"}],"about":[{"href":"https:\/\/www.yongtongdipipe.com\/pt\/wp-json\/wp\/v2\/types\/product"}],"replies":[{"embeddable":true,"href":"https:\/\/www.yongtongdipipe.com\/pt\/wp-json\/wp\/v2\/comments?post=1196"}],"wp:featuredmedia":[{"embeddable":true,"href":"https:\/\/www.yongtongdipipe.com\/pt\/wp-json\/wp\/v2\/media\/1199"}],"wp:attachment":[{"href":"https:\/\/www.yongtongdipipe.com\/pt\/wp-json\/wp\/v2\/media?parent=1196"}],"wp:term":[{"taxonomy":"product_brand","embeddable":true,"href":"https:\/\/www.yongtongdipipe.com\/pt\/wp-json\/wp\/v2\/product_brand?post=1196"},{"taxonomy":"product_cat","embeddable":true,"href":"https:\/\/www.yongtongdipipe.com\/pt\/wp-json\/wp\/v2\/product_cat?post=1196"},{"taxonomy":"product_tag","embeddable":true,"href":"https:\/\/www.yongtongdipipe.com\/pt\/wp-json\/wp\/v2\/product_tag?post=1196"}],"curies":[{"name":"wp","href":"https:\/\/api.w.org\/{rel}","templated":true}]}}