{"id":1226,"date":"2024-11-18T08:28:21","date_gmt":"2024-11-18T00:28:21","guid":{"rendered":"https:\/\/www.yongtongdipipe.com\/?post_type=product&#038;p=1226"},"modified":"2025-02-27T18:24:12","modified_gmt":"2025-02-27T10:24:12","slug":"double-orifice-air-release-valve","status":"publish","type":"product","link":"https:\/\/www.yongtongdipipe.com\/pt\/produto\/double-orifice-air-release-valve\/","title":{"rendered":"V\u00e1lvula de liberta\u00e7\u00e3o de ar de orif\u00edcio duplo"},"content":{"rendered":"<p><strong>V\u00e1lvula de liberta\u00e7\u00e3o de ar de orif\u00edcio duplo<\/strong><\/p>\n<div style=\"width: 720px;\" class=\"wp-video\"><!--[if lt IE 9]><script>document.createElement('video');<\/script><![endif]-->\n<video class=\"wp-video-shortcode\" id=\"video-1226-1\" width=\"720\" height=\"720\" preload=\"metadata\" controls=\"controls\"><source type=\"video\/mp4\" src=\"https:\/\/www.yongtongdipipe.com\/wp-content\/uploads\/2024\/11\/23-\u6392\u6c14\u9600\u89c6\u9891.mp4?_=1\" \/><a href=\"https:\/\/www.yongtongdipipe.com\/wp-content\/uploads\/2024\/11\/23-\u6392\u6c14\u9600\u89c6\u9891.mp4\">https:\/\/www.yongtongdipipe.com\/wp-content\/uploads\/2024\/11\/23-\u6392\u6c14\u9600\u89c6\u9891.mp4<\/a><\/video><\/div>\n<p><strong><u><b>Materiais\uff1a<\/b><\/u><\/strong><\/p>\n<p>&nbsp;<\/p>\n<p><strong><b>1 Corpo Ferro fundido d\u00factil ENGJS-500-7<\/b><\/strong><\/p>\n<p><strong><b>2 Tampa Ferro fundido d\u00factil ENGJS-500-7<\/b><\/strong><\/p>\n<p><strong><b>3 Placa de prote\u00e7\u00e3o Ferro fundido d\u00factil ENGJS-500-7<\/b><\/strong><\/p>\n<p><strong><b>4 Sede de orif\u00edcio grande EPDM<\/b><\/strong><\/p>\n<p><strong><b>5 Flutuador de orif\u00edcio grande em pl\u00e1stico ABS<\/b><\/strong><\/p>\n<p><strong><b>6 Flutuador de pequeno orif\u00edcio Pl\u00e1stico ABS<\/b><\/strong><\/p>\n<p><strong><b>7 Tamp\u00e3o de orif\u00edcio Nylon<\/b><\/strong><\/p>\n<p><strong><b>8 Porca de orif\u00edcio Nylon<\/b><\/strong><\/p>\n<p><strong><b>9 Pino da dobradi\u00e7a SS316<\/b><\/strong><\/p>\n<p><strong><b>10 Parafuso de paragem SS316<\/b><\/strong><\/p>\n<p><strong><b>11 Veda\u00e7\u00e3o do pequeno orif\u00edcio EPDM <\/b><\/strong><\/p>\n<p><strong><b>12 O-ring da c\u00e2mara EPDM<\/b><\/strong><\/p>\n<p><strong><b>13 Junta\uff0cTamp\u00e3o de orif\u00edcio EPDM<\/b><\/strong><\/p>\n<p><strong><b>14 Parafusos e porcas de prote\u00e7\u00e3o SS304<\/b><\/strong><\/p>\n<p><strong><b>15 Parafusos e porcas da tampa SS304<\/b><\/strong><\/p>\n<p><strong><b>16 Parafusos de fixa\u00e7\u00e3o da c\u00e2mara SS304<\/b><\/strong><\/p>\n<p><strong><b>17 C\u00e2mara Ferro fundido d\u00factil ENGJS-500-7<\/b><\/strong><\/p>\n<p>&nbsp;<\/p>","protected":false},"excerpt":{"rendered":"<p>V\u00e1lvula de liberta\u00e7\u00e3o de ar de orif\u00edcio duplo Materiais: 1 Corpo em ferro d\u00factil ENGJS-500-7 2 Tampa em ferro d\u00factil ENGJS-500-7 3 Placa de prote\u00e7\u00e3o em ferro d\u00factil ENGJS-500-7 4 Sede de orif\u00edcio grande EPDM 5 Flutuador de orif\u00edcio grande em pl\u00e1stico ABS 6 Orif\u00edcio pequeno...<\/p>","protected":false},"featured_media":1227,"comment_status":"open","ping_status":"closed","template":"","meta":{"_kadence_starter_templates_imported_post":false,"_kad_post_transparent":"default","_kad_post_title":"","_kad_post_layout":"default","_kad_post_sidebar_id":"","_kad_post_content_style":"default","_kad_post_vertical_padding":"default","_kad_post_feature":"","_kad_post_feature_position":"","_kad_post_header":false,"_kad_post_footer":false},"product_brand":[],"product_cat":[66],"product_tag":[],"class_list":{"0":"post-1226","1":"product","2":"type-product","3":"status-publish","4":"has-post-thumbnail","6":"product_cat-double-orifice-air-release-valv","8":"first","9":"instock","10":"shipping-taxable","11":"product-type-simple","12":"entry","13":"content-bg","14":"loop-entry"},"jetpack_sharing_enabled":true,"_links":{"self":[{"href":"https:\/\/www.yongtongdipipe.com\/pt\/wp-json\/wp\/v2\/product\/1226","targetHints":{"allow":["GET"]}}],"collection":[{"href":"https:\/\/www.yongtongdipipe.com\/pt\/wp-json\/wp\/v2\/product"}],"about":[{"href":"https:\/\/www.yongtongdipipe.com\/pt\/wp-json\/wp\/v2\/types\/product"}],"replies":[{"embeddable":true,"href":"https:\/\/www.yongtongdipipe.com\/pt\/wp-json\/wp\/v2\/comments?post=1226"}],"wp:featuredmedia":[{"embeddable":true,"href":"https:\/\/www.yongtongdipipe.com\/pt\/wp-json\/wp\/v2\/media\/1227"}],"wp:attachment":[{"href":"https:\/\/www.yongtongdipipe.com\/pt\/wp-json\/wp\/v2\/media?parent=1226"}],"wp:term":[{"taxonomy":"product_brand","embeddable":true,"href":"https:\/\/www.yongtongdipipe.com\/pt\/wp-json\/wp\/v2\/product_brand?post=1226"},{"taxonomy":"product_cat","embeddable":true,"href":"https:\/\/www.yongtongdipipe.com\/pt\/wp-json\/wp\/v2\/product_cat?post=1226"},{"taxonomy":"product_tag","embeddable":true,"href":"https:\/\/www.yongtongdipipe.com\/pt\/wp-json\/wp\/v2\/product_tag?post=1226"}],"curies":[{"name":"wp","href":"https:\/\/api.w.org\/{rel}","templated":true}]}}