{"id":1235,"date":"2024-11-18T08:43:06","date_gmt":"2024-11-18T00:43:06","guid":{"rendered":"https:\/\/www.yongtongdipipe.com\/?post_type=product&#038;p=1235"},"modified":"2025-02-27T15:44:38","modified_gmt":"2025-02-27T07:44:38","slug":"resilient-seated-gate-valve-bs5163","status":"publish","type":"product","link":"https:\/\/www.yongtongdipipe.com\/pt\/produto\/resilient-seated-gate-valve-bs5163\/","title":{"rendered":"V\u00e1lvula de gaveta com veda\u00e7\u00e3o resiliente BS5163"},"content":{"rendered":"<p>&nbsp;<\/p>\n<div style=\"width: 568px;\" class=\"wp-video\"><!--[if lt IE 9]><script>document.createElement('video');<\/script><![endif]-->\n<video class=\"wp-video-shortcode\" id=\"video-1235-1\" width=\"568\" height=\"320\" preload=\"metadata\" controls=\"controls\"><source type=\"video\/mp4\" src=\"https:\/\/www.yongtongdipipe.com\/wp-content\/uploads\/2024\/11\/6-\u9600\u95e8\u89c6\u9891.mp4?_=1\" \/><a href=\"https:\/\/www.yongtongdipipe.com\/wp-content\/uploads\/2024\/11\/6-\u9600\u95e8\u89c6\u9891.mp4\">https:\/\/www.yongtongdipipe.com\/wp-content\/uploads\/2024\/11\/6-\u9600\u95e8\u89c6\u9891.mp4<\/a><\/video><\/div>\n<div style=\"width: 720px;\" class=\"wp-video\"><video class=\"wp-video-shortcode\" id=\"video-1235-2\" width=\"720\" height=\"1136\" preload=\"metadata\" controls=\"controls\"><source type=\"video\/mp4\" src=\"https:\/\/www.yongtongdipipe.com\/wp-content\/uploads\/2024\/11\/1.\u9600\u95e8\u7403\u58a8\u7ba1\u5b89\u88c5.mp4?_=2\" \/><a href=\"https:\/\/www.yongtongdipipe.com\/wp-content\/uploads\/2024\/11\/1.\u9600\u95e8\u7403\u58a8\u7ba1\u5b89\u88c5.mp4\">https:\/\/www.yongtongdipipe.com\/wp-content\/uploads\/2024\/11\/1.\u9600\u95e8\u7403\u58a8\u7ba1\u5b89\u88c5.mp4<\/a><\/video><\/div>\n<h1>V\u00e1lvula de gaveta com veda\u00e7\u00e3o resiliente BS5163<\/h1>\n<p><img fetchpriority=\"high\" decoding=\"async\" class=\"alignnone wp-image-1245 size-full\" src=\"https:\/\/www.yongtongdipipe.com\/wp-content\/uploads\/2024\/11\/\u8f6f\u5bc6\u5c01\u95f8\u9600\u6570\u636e.jpg\" alt=\"\" width=\"652\" height=\"821\" srcset=\"https:\/\/www.yongtongdipipe.com\/wp-content\/uploads\/2024\/11\/\u8f6f\u5bc6\u5c01\u95f8\u9600\u6570\u636e.jpg 652w, https:\/\/www.yongtongdipipe.com\/wp-content\/uploads\/2024\/11\/\u8f6f\u5bc6\u5c01\u95f8\u9600\u6570\u636e-238x300.jpg 238w, https:\/\/www.yongtongdipipe.com\/wp-content\/uploads\/2024\/11\/\u8f6f\u5bc6\u5c01\u95f8\u9600\u6570\u636e-10x12.jpg 10w, https:\/\/www.yongtongdipipe.com\/wp-content\/uploads\/2024\/11\/\u8f6f\u5bc6\u5c01\u95f8\u9600\u6570\u636e-600x756.jpg 600w\" sizes=\"(max-width: 652px) 100vw, 652px\" \/><\/p>\n<h2>Descri\u00e7\u00e3o do produto<\/h2>\n<p><strong><b>Sobre a haste n\u00e3o ascendente BS5163 com sede resiliente\u00a0<\/b><\/strong><a href=\"http:\/\/www.sinopipesol.com\/gate-valve\/\"><strong><b>V\u00e1lvula de gaveta em cunha<\/b><\/strong><\/a><strong><b>:<\/b><\/strong><\/p>\n<p><a href=\"http:\/\/www.sinopipesol.com\/\">v\u00e1lvula de gaveta<\/a>\u00a0s\u00e3o amplamente utilizados para todos os tipos de aplica\u00e7\u00f5es e s\u00e3o adequados tanto para instala\u00e7\u00f5es acima do solo como subterr\u00e2neas.\u00a0<a href=\"http:\/\/www.sinopipesol.com\/valve\/\">V\u00e1lvula<\/a>\u00a0para evitar custos de substitui\u00e7\u00e3o elevados.<\/p>\n<p>As v\u00e1lvulas de gaveta s\u00e3o concebidas para servi\u00e7o totalmente aberto ou totalmente fechado. S\u00e3o instaladas em condutas como v\u00e1lvulas de isolamento e n\u00e3o devem ser utilizadas como v\u00e1lvulas de controlo ou regula\u00e7\u00e3o.\u00a0<a href=\"http:\/\/www.sinopipesol.com\/gate-valve\/\">V\u00e1lvula de gaveta<\/a>\u00a0Ao acionar a haste da v\u00e1lvula, a comporta desloca-se para cima ou para baixo na parte roscada da haste.<\/p>\n<p>As v\u00e1lvulas de gaveta s\u00e3o frequentemente utilizadas quando \u00e9 necess\u00e1ria uma perda de press\u00e3o m\u00ednima e um orif\u00edcio livre. Quando totalmente aberta, uma v\u00e1lvula de gaveta t\u00edpica n\u00e3o tem qualquer obstru\u00e7\u00e3o no percurso do fluxo, o que resulta numa perda de press\u00e3o muito baixa, e esta conce\u00e7\u00e3o torna poss\u00edvel a utiliza\u00e7\u00e3o de um pig de limpeza de tubos.<\/p>\n<p>As v\u00e1lvulas de gaveta podem ser utilizadas para um grande n\u00famero de fluidos. As v\u00e1lvulas de gaveta s\u00e3o adequadas nas seguintes condi\u00e7\u00f5es de trabalho: \u00c1gua pot\u00e1vel, \u00e1guas residuais e l\u00edquidos neutros: temperatura entre -20 e +80 \u2103, velocidade m\u00e1xima de fluxo de 5m \/ s e press\u00e3o diferencial de at\u00e9 16 bar.<\/p>\n<p><strong><b>V\u00e1lvula de gaveta de cunha com sede resiliente de haste n\u00e3o ascendente BS5163<\/b><\/strong><\/p>\n<p>*As v\u00e1lvulas de porta s\u00e3o fabricadas em ferro d\u00factil e cumprem os requisitos da norma BS5163.<\/p>\n<p>*Hastes de a\u00e7o inoxid\u00e1vel fornecidas de s\u00e9rie para eliminar hastes dobradas ou partidas.<\/p>\n<p>*Cunha em EPDM totalmente encapsulada para evitar a deteriora\u00e7\u00e3o provocada pelos desinfectantes.<\/p>\n<p>*Certificado pela WRAS.<\/p>\n<p>*Fabricado na China<\/p>\n<table>\n<tbody>\n<tr>\n<td width=\"553\"><strong><b>ESPECIFICA\u00c7\u00c3O:<\/b><\/strong><\/td>\n<\/tr>\n<tr>\n<td width=\"553\">1.DN:DN50-DN600<\/td>\n<\/tr>\n<tr>\n<td width=\"553\">2.PN:PN10\/PN16<\/td>\n<\/tr>\n<tr>\n<td width=\"553\">3. norma de projeto:BS5163<\/td>\n<\/tr>\n<tr>\n<td width=\"553\">4. comprimento face a face: BS5163\/BS EN 558-1<\/td>\n<\/tr>\n<tr>\n<td width=\"553\">5.End Flange:BS4504\/BSEN1092-2\u00b7GB\/17241.6.ISO7005.2<\/td>\n<\/tr>\n<tr>\n<td width=\"553\">5.Test:BSEN1074-1-2\u00b7GB\/T13927<\/td>\n<\/tr>\n<tr>\n<td width=\"553\">6. meio aplic\u00e1vel: \u00e1gua<\/td>\n<\/tr>\n<tr>\n<td width=\"553\">7. faixa de temperatura:\u226480\u00b0<\/td>\n<\/tr>\n<\/tbody>\n<\/table>","protected":false},"excerpt":{"rendered":"<p>&nbsp; V\u00e1lvula de gaveta com sede resiliente BS5163 Descri\u00e7\u00e3o do produto Sobre a v\u00e1lvula de gaveta de cunha com sede resiliente de haste n\u00e3o ascendente BS5163: a v\u00e1lvula de gaveta \u00e9 amplamente utilizada para todos os tipos de aplica\u00e7\u00f5es e \u00e9 adequada para instala\u00e7\u00f5es subterr\u00e2neas e acima do solo. As v\u00e1lvulas de gaveta s\u00e3o...<\/p>","protected":false},"featured_media":1829,"comment_status":"open","ping_status":"closed","template":"","meta":{"_kadence_starter_templates_imported_post":false,"_kad_post_transparent":"default","_kad_post_title":"","_kad_post_layout":"default","_kad_post_sidebar_id":"","_kad_post_content_style":"default","_kad_post_vertical_padding":"default","_kad_post_feature":"","_kad_post_feature_position":"","_kad_post_header":false,"_kad_post_footer":false},"product_brand":[],"product_cat":[67],"product_tag":[],"class_list":{"0":"post-1235","1":"product","2":"type-product","3":"status-publish","4":"has-post-thumbnail","6":"product_cat-resilient-seated-gate-valve-bs5163","8":"first","9":"instock","10":"shipping-taxable","11":"product-type-simple","12":"entry","13":"content-bg","14":"loop-entry"},"jetpack_sharing_enabled":true,"_links":{"self":[{"href":"https:\/\/www.yongtongdipipe.com\/pt\/wp-json\/wp\/v2\/product\/1235","targetHints":{"allow":["GET"]}}],"collection":[{"href":"https:\/\/www.yongtongdipipe.com\/pt\/wp-json\/wp\/v2\/product"}],"about":[{"href":"https:\/\/www.yongtongdipipe.com\/pt\/wp-json\/wp\/v2\/types\/product"}],"replies":[{"embeddable":true,"href":"https:\/\/www.yongtongdipipe.com\/pt\/wp-json\/wp\/v2\/comments?post=1235"}],"wp:featuredmedia":[{"embeddable":true,"href":"https:\/\/www.yongtongdipipe.com\/pt\/wp-json\/wp\/v2\/media\/1829"}],"wp:attachment":[{"href":"https:\/\/www.yongtongdipipe.com\/pt\/wp-json\/wp\/v2\/media?parent=1235"}],"wp:term":[{"taxonomy":"product_brand","embeddable":true,"href":"https:\/\/www.yongtongdipipe.com\/pt\/wp-json\/wp\/v2\/product_brand?post=1235"},{"taxonomy":"product_cat","embeddable":true,"href":"https:\/\/www.yongtongdipipe.com\/pt\/wp-json\/wp\/v2\/product_cat?post=1235"},{"taxonomy":"product_tag","embeddable":true,"href":"https:\/\/www.yongtongdipipe.com\/pt\/wp-json\/wp\/v2\/product_tag?post=1235"}],"curies":[{"name":"wp","href":"https:\/\/api.w.org\/{rel}","templated":true}]}}