{"id":1246,"date":"2024-11-18T09:02:29","date_gmt":"2024-11-18T01:02:29","guid":{"rendered":"https:\/\/www.yongtongdipipe.com\/?post_type=product&#038;p=1246"},"modified":"2025-02-26T19:27:24","modified_gmt":"2025-02-26T11:27:24","slug":"resilient-seated-gate-valve-din3352f4-f","status":"publish","type":"product","link":"https:\/\/www.yongtongdipipe.com\/pt\/produto\/resilient-seated-gate-valve-din3352f4-f\/","title":{"rendered":"V\u00e1lvula de gaveta com veda\u00e7\u00e3o resiliente DIN3352F4\/F"},"content":{"rendered":"<div style=\"width: 720px;\" class=\"wp-video\"><!--[if lt IE 9]><script>document.createElement('video');<\/script><![endif]-->\n<video class=\"wp-video-shortcode\" id=\"video-1246-1\" width=\"720\" height=\"1280\" preload=\"metadata\" controls=\"controls\"><source type=\"video\/mp4\" src=\"https:\/\/www.yongtongdipipe.com\/wp-content\/uploads\/2024\/11\/15-F4\u9600\u95e8.mp4?_=1\" \/><a href=\"https:\/\/www.yongtongdipipe.com\/wp-content\/uploads\/2024\/11\/15-F4\u9600\u95e8.mp4\">https:\/\/www.yongtongdipipe.com\/wp-content\/uploads\/2024\/11\/15-F4\u9600\u95e8.mp4<\/a><\/video><\/div>\n<h2>V\u00e1lvula de gaveta com veda\u00e7\u00e3o resiliente DIN3352F4\/F<\/h2>\n<p><img fetchpriority=\"high\" decoding=\"async\" class=\"alignnone wp-image-1248 size-full\" src=\"https:\/\/www.yongtongdipipe.com\/wp-content\/uploads\/2024\/11\/\u5fb7\u6807\u9600\u95e8F4F5-\u6570\u636e\u56fe.png\" alt=\"\" width=\"700\" height=\"210\" srcset=\"https:\/\/www.yongtongdipipe.com\/wp-content\/uploads\/2024\/11\/\u5fb7\u6807\u9600\u95e8F4F5-\u6570\u636e\u56fe.png 700w, https:\/\/www.yongtongdipipe.com\/wp-content\/uploads\/2024\/11\/\u5fb7\u6807\u9600\u95e8F4F5-\u6570\u636e\u56fe-300x90.png 300w, https:\/\/www.yongtongdipipe.com\/wp-content\/uploads\/2024\/11\/\u5fb7\u6807\u9600\u95e8F4F5-\u6570\u636e\u56fe-18x5.png 18w, https:\/\/www.yongtongdipipe.com\/wp-content\/uploads\/2024\/11\/\u5fb7\u6807\u9600\u95e8F4F5-\u6570\u636e\u56fe-600x180.png 600w\" sizes=\"(max-width: 700px) 100vw, 700px\" \/><\/p>\n<p>Materiais<\/p>\n<p>Item Pe\u00e7as Material<\/p>\n<ol>\n<li>\u00a0 \u00a0 \u00a0 \u00a0 Corpo BSEN1563 EN-GJS-450-10<\/li>\n<li>\u00a0 \u00a0 \u00a0 \u00a0 Disco BSEN1563 EN-GJS-450-10<\/li>\n<li>\u00a0 \u00a0 \u00a0 \u00a0 Haste SS420<\/li>\n<li>\u00a0 \u00a0 \u00a0 \u00a0 Porca de disco em lat\u00e3o<\/li>\n<li>\u00a0 \u00a0 \u00a0 \u00a0 Junta da tampa do compartimento EPDM<\/li>\n<li>\u00a0 \u00a0 \u00a0 \u00a0 Castelo BSEN1563 EN-GJS-450-10<\/li>\n<li>\u00a0 \u00a0 \u00a0 \u00a0 Parafuso de a\u00e7o galvanizado<\/li>\n<li>\u00a0 \u00a0 \u00a0 \u00a0 O-ring EPDM<\/li>\n<li>\u00a0 \u00a0 \u00a0 \u00a0 Anel de press\u00e3o Lat\u00e3o<\/li>\n<li>\u00a0 \u00a0 \u00a0 \u00a0O-ring EPDM<\/li>\n<li>\u00a0 \u00a0 \u00a0 \u00a0O-ring EPDM<\/li>\n<li>\u00a0 \u00a0 \u00a0 \u00a0Casquilho de lat\u00e3o<\/li>\n<li>\u00a0 \u00a0 \u00a0 \u00a0Anel de prote\u00e7\u00e3o contra poeiras EPDM<\/li>\n<li>\u00a0 \u00a0 \u00a0 \u00a0Arruela de a\u00e7o galvanizado<\/li>\n<li>\u00a0 \u00a0 \u00a0 \u00a0Parafuso de a\u00e7o galvanizado<\/li>\n<\/ol>\n<p>16 Volante BSEN 1563 PT-GJS-450-10<\/p>\n<ol start=\"17\">\n<li>\u00a0 \u00a0 \u00a0Tampa da haste BSEN 1563 EN-GJS-450-10<strong><b>\u00a0Sobre a V\u00e1lvula de gaveta de cunha com sede resiliente de haste n\u00e3o ascendente:<\/b><\/strong>As v\u00e1lvulas de gaveta DIN3352 F4\/F5 s\u00e3o concebidas com seguran\u00e7a incorporada em todos os pormenores. A cunha \u00e9 totalmente vulcanizada com borracha EPDM. Apresenta uma durabilidade excecional devido \u00e0 capacidade da borracha para recuperar a sua forma original, ao processo de vulcaniza\u00e7\u00e3o de liga\u00e7\u00e3o dupla e ao design robusto da cunha. O sistema de veda\u00e7\u00e3o tripla da haste de seguran\u00e7a, a haste de elevada resist\u00eancia e a prote\u00e7\u00e3o completa contra a corros\u00e3o garantem uma fiabilidade inigual\u00e1vel.\n<p><strong><b>\u00a0V\u00e1lvula de gaveta de cunha com sede resiliente de haste n\u00e3o ascendente DIN3352<\/b><\/strong><\/p>\n<p>* As v\u00e1lvulas de gaveta s\u00e3o fabricadas em ferro d\u00factil e cumprem os requisitos da norma DIN3352.<\/p>\n<p>*Hastes de a\u00e7o inoxid\u00e1vel fornecidas de s\u00e9rie para eliminar hastes dobradas ou partidas.<\/p>\n<p>*Cunha em EPDM totalmente encapsulada para evitar a deteriora\u00e7\u00e3o provocada pelos desinfectantes.<\/p>\n<p>*Certificado pela WRAS.<\/p>\n<p>*Fabricado na China<\/li>\n<\/ol>","protected":false},"excerpt":{"rendered":"<p>V\u00e1lvula de gaveta com sede resiliente DIN3352F4\/F Materiais Item Pe\u00e7as Material Corpo BSEN1563 EN-GJS-450-10 Disco ...<\/p>","protected":false},"featured_media":1249,"comment_status":"open","ping_status":"closed","template":"","meta":{"_kadence_starter_templates_imported_post":false,"_kad_post_transparent":"default","_kad_post_title":"","_kad_post_layout":"default","_kad_post_sidebar_id":"","_kad_post_content_style":"default","_kad_post_vertical_padding":"default","_kad_post_feature":"","_kad_post_feature_position":"","_kad_post_header":false,"_kad_post_footer":false},"product_brand":[],"product_cat":[68],"product_tag":[],"class_list":{"0":"post-1246","1":"product","2":"type-product","3":"status-publish","4":"has-post-thumbnail","6":"product_cat-resilient-seated-gate-valve-din3352f4-f5","8":"first","9":"instock","10":"shipping-taxable","11":"product-type-simple","12":"entry","13":"content-bg","14":"loop-entry"},"jetpack_sharing_enabled":true,"_links":{"self":[{"href":"https:\/\/www.yongtongdipipe.com\/pt\/wp-json\/wp\/v2\/product\/1246","targetHints":{"allow":["GET"]}}],"collection":[{"href":"https:\/\/www.yongtongdipipe.com\/pt\/wp-json\/wp\/v2\/product"}],"about":[{"href":"https:\/\/www.yongtongdipipe.com\/pt\/wp-json\/wp\/v2\/types\/product"}],"replies":[{"embeddable":true,"href":"https:\/\/www.yongtongdipipe.com\/pt\/wp-json\/wp\/v2\/comments?post=1246"}],"wp:featuredmedia":[{"embeddable":true,"href":"https:\/\/www.yongtongdipipe.com\/pt\/wp-json\/wp\/v2\/media\/1249"}],"wp:attachment":[{"href":"https:\/\/www.yongtongdipipe.com\/pt\/wp-json\/wp\/v2\/media?parent=1246"}],"wp:term":[{"taxonomy":"product_brand","embeddable":true,"href":"https:\/\/www.yongtongdipipe.com\/pt\/wp-json\/wp\/v2\/product_brand?post=1246"},{"taxonomy":"product_cat","embeddable":true,"href":"https:\/\/www.yongtongdipipe.com\/pt\/wp-json\/wp\/v2\/product_cat?post=1246"},{"taxonomy":"product_tag","embeddable":true,"href":"https:\/\/www.yongtongdipipe.com\/pt\/wp-json\/wp\/v2\/product_tag?post=1246"}],"curies":[{"name":"wp","href":"https:\/\/api.w.org\/{rel}","templated":true}]}}