{"id":1292,"date":"2024-11-19T16:15:34","date_gmt":"2024-11-19T08:15:34","guid":{"rendered":"https:\/\/www.yongtongdipipe.com\/?post_type=product&#038;p=1292"},"modified":"2025-02-26T18:47:44","modified_gmt":"2025-02-26T10:47:44","slug":"dismantling-joint-type-b","status":"publish","type":"product","link":"https:\/\/www.yongtongdipipe.com\/pt\/produto\/dismantling-joint-type-b\/","title":{"rendered":"Junta de desmontagem Tipo B"},"content":{"rendered":"<div style=\"width: 320px;\" class=\"wp-video\"><!--[if lt IE 9]><script>document.createElement('video');<\/script><![endif]-->\n<video class=\"wp-video-shortcode\" id=\"video-1292-1\" width=\"320\" height=\"568\" preload=\"metadata\" controls=\"controls\"><source type=\"video\/mp4\" src=\"https:\/\/www.yongtongdipipe.com\/wp-content\/uploads\/2024\/11\/11-\u53ef\u62c6\u5378\u63a5\u5934B-\u89c6\u9891.mp4?_=1\" \/><a href=\"https:\/\/www.yongtongdipipe.com\/wp-content\/uploads\/2024\/11\/11-\u53ef\u62c6\u5378\u63a5\u5934B-\u89c6\u9891.mp4\">https:\/\/www.yongtongdipipe.com\/wp-content\/uploads\/2024\/11\/11-\u53ef\u62c6\u5378\u63a5\u5934B-\u89c6\u9891.mp4<\/a><\/video><\/div>\n<h2>Junta de desmontagem Tipo B<\/h2>\n<p><img fetchpriority=\"high\" decoding=\"async\" class=\"alignnone wp-image-1303 size-full\" src=\"https:\/\/www.yongtongdipipe.com\/wp-content\/uploads\/2024\/11\/\u7b80\u6613\u56feB.jpg\" alt=\"\" width=\"575\" height=\"567\" srcset=\"https:\/\/www.yongtongdipipe.com\/wp-content\/uploads\/2024\/11\/\u7b80\u6613\u56feB.jpg 575w, https:\/\/www.yongtongdipipe.com\/wp-content\/uploads\/2024\/11\/\u7b80\u6613\u56feB-300x296.jpg 300w, https:\/\/www.yongtongdipipe.com\/wp-content\/uploads\/2024\/11\/\u7b80\u6613\u56feB-12x12.jpg 12w, https:\/\/www.yongtongdipipe.com\/wp-content\/uploads\/2024\/11\/\u7b80\u6613\u56feB-100x100.jpg 100w\" sizes=\"(max-width: 575px) 100vw, 575px\" \/><\/p>\n<p><img decoding=\"async\" class=\"alignnone wp-image-1304 size-full\" src=\"https:\/\/www.yongtongdipipe.com\/wp-content\/uploads\/2024\/11\/\u6570\u636e\u8868B.jpg\" alt=\"\" width=\"876\" height=\"585\" srcset=\"https:\/\/www.yongtongdipipe.com\/wp-content\/uploads\/2024\/11\/\u6570\u636e\u8868B.jpg 876w, https:\/\/www.yongtongdipipe.com\/wp-content\/uploads\/2024\/11\/\u6570\u636e\u8868B-300x200.jpg 300w, https:\/\/www.yongtongdipipe.com\/wp-content\/uploads\/2024\/11\/\u6570\u636e\u8868B-768x513.jpg 768w, https:\/\/www.yongtongdipipe.com\/wp-content\/uploads\/2024\/11\/\u6570\u636e\u8868B-18x12.jpg 18w, https:\/\/www.yongtongdipipe.com\/wp-content\/uploads\/2024\/11\/\u6570\u636e\u8868B-600x401.jpg 600w\" sizes=\"(max-width: 876px) 100vw, 876px\" \/><\/p>\n<p><strong><b>Sobre a 50% Junta de desmontagem de flange dupla com bucim PN10 PN16:<\/b><\/strong><\/p>\n<p>As juntas de desmontagem s\u00e3o acess\u00f3rios de flange dupla que acomodam um ajuste longitudinal de at\u00e9 100 mm (4\u2033) e podem ser bloqueadas no comprimento necess\u00e1rio com as barras de liga\u00e7\u00e3o fornecidas. Este sistema n\u00e3o s\u00f3 permite uma manuten\u00e7\u00e3o r\u00e1pida e f\u00e1cil de v\u00e1lvulas, bombas ou contadores, como tamb\u00e9m simplifica futuras modifica\u00e7\u00f5es na tubagem e reduz o tempo de inatividade quando \u00e9 necess\u00e1rio efetuar altera\u00e7\u00f5es.<\/p>\n<p><strong><b>CARACTER\u00cdSTICAS:<\/b><\/strong><strong><b><br \/>\n<\/b><\/strong>Constru\u00e7\u00e3o totalmente resistente \u00e0 corros\u00e3o<br \/>\nRevestimento interior e exterior em ep\u00f3xi ligado por fus\u00e3o<br \/>\nConstru\u00e7\u00e3o leve em ferro fundido d\u00factil<br \/>\nAmpla gama de articula\u00e7\u00f5es<br \/>\nFixador de a\u00e7o-carbono galvanizado a frio<br \/>\nJuntas de EPDM com aprova\u00e7\u00e3o WRAS<br \/>\n<strong><b>ESPECIFICA\u00c7\u00c3O:<\/b><\/strong><br \/>\nEnsaio de tipo:EN14525\/BS8561<br \/>\nElastom\u00e9rico:EN681-2<br \/>\nFerro fundido d\u00factil:EN1563 EN-GJS-450-10<br \/>\nRevestimento:WIS4-52-01<\/p>\n<p>Especifica\u00e7\u00e3o de perfura\u00e7\u00e3o:EN1092-2<\/p>\n<p>Liga\u00e7\u00e3o para DI, tubo de a\u00e7o ,<\/p>\n<p>Adequado para aplica\u00e7\u00e3o em \u00e1gua e l\u00edquidos neutros (esgotos)<br \/>\nTemperatura de funcionamento at\u00e9 70\u00b0C<\/p>\n<p>&nbsp;<\/p>\n<p>&nbsp;<\/p>","protected":false},"excerpt":{"rendered":"<p>Junta de desmontagem Tipo B Acerca dos tirantes 50% Junta de desmontagem de flange dupla com bucim PN10 PN16: As juntas de desmontagem s\u00e3o acess\u00f3rios de flange dupla que acomodam um ajuste longitudinal at\u00e9 100 mm (4\u2033) e podem ser bloqueadas no comprimento necess\u00e1rio com os tirantes fornecidos. Este sistema n\u00e3o s\u00f3 permite uma manuten\u00e7\u00e3o r\u00e1pida e f\u00e1cil das v\u00e1lvulas,...<\/p>","protected":false},"featured_media":1297,"comment_status":"open","ping_status":"closed","template":"","meta":{"_kadence_starter_templates_imported_post":false,"_kad_post_transparent":"default","_kad_post_title":"","_kad_post_layout":"default","_kad_post_sidebar_id":"","_kad_post_content_style":"default","_kad_post_vertical_padding":"default","_kad_post_feature":"","_kad_post_feature_position":"","_kad_post_header":false,"_kad_post_footer":false},"product_brand":[],"product_cat":[29,45],"product_tag":[],"class_list":{"0":"post-1292","1":"product","2":"type-product","3":"status-publish","4":"has-post-thumbnail","6":"product_cat-dismantling-joint","7":"product_cat-dismantling-joint-type-b","9":"first","10":"instock","11":"shipping-taxable","12":"product-type-simple","13":"entry","14":"content-bg","15":"loop-entry"},"jetpack_sharing_enabled":true,"_links":{"self":[{"href":"https:\/\/www.yongtongdipipe.com\/pt\/wp-json\/wp\/v2\/product\/1292","targetHints":{"allow":["GET"]}}],"collection":[{"href":"https:\/\/www.yongtongdipipe.com\/pt\/wp-json\/wp\/v2\/product"}],"about":[{"href":"https:\/\/www.yongtongdipipe.com\/pt\/wp-json\/wp\/v2\/types\/product"}],"replies":[{"embeddable":true,"href":"https:\/\/www.yongtongdipipe.com\/pt\/wp-json\/wp\/v2\/comments?post=1292"}],"wp:featuredmedia":[{"embeddable":true,"href":"https:\/\/www.yongtongdipipe.com\/pt\/wp-json\/wp\/v2\/media\/1297"}],"wp:attachment":[{"href":"https:\/\/www.yongtongdipipe.com\/pt\/wp-json\/wp\/v2\/media?parent=1292"}],"wp:term":[{"taxonomy":"product_brand","embeddable":true,"href":"https:\/\/www.yongtongdipipe.com\/pt\/wp-json\/wp\/v2\/product_brand?post=1292"},{"taxonomy":"product_cat","embeddable":true,"href":"https:\/\/www.yongtongdipipe.com\/pt\/wp-json\/wp\/v2\/product_cat?post=1292"},{"taxonomy":"product_tag","embeddable":true,"href":"https:\/\/www.yongtongdipipe.com\/pt\/wp-json\/wp\/v2\/product_tag?post=1292"}],"curies":[{"name":"wp","href":"https:\/\/api.w.org\/{rel}","templated":true}]}}