{"id":1311,"date":"2024-11-20T17:31:29","date_gmt":"2024-11-20T09:31:29","guid":{"rendered":"https:\/\/www.yongtongdipipe.com\/?post_type=product&#038;p=1311"},"modified":"2025-03-01T08:52:29","modified_gmt":"2025-03-01T00:52:29","slug":"ss-split-tee","status":"publish","type":"product","link":"https:\/\/www.yongtongdipipe.com\/pt\/produto\/ss-split-tee\/","title":{"rendered":"T-shirt dividida SS"},"content":{"rendered":"<div style=\"width: 592px;\" class=\"wp-video\"><!--[if lt IE 9]><script>document.createElement('video');<\/script><![endif]-->\n<video class=\"wp-video-shortcode\" id=\"video-1311-1\" width=\"592\" height=\"1280\" preload=\"metadata\" controls=\"controls\"><source type=\"video\/mp4\" src=\"https:\/\/www.yongtongdipipe.com\/wp-content\/uploads\/2024\/11\/26-\u5404\u79cd\u4e0d\u9508\u94a2\u4fee\u8865\u89c6\u9891.mp4?_=1\" \/><a href=\"https:\/\/www.yongtongdipipe.com\/wp-content\/uploads\/2024\/11\/26-\u5404\u79cd\u4e0d\u9508\u94a2\u4fee\u8865\u89c6\u9891.mp4\">https:\/\/www.yongtongdipipe.com\/wp-content\/uploads\/2024\/11\/26-\u5404\u79cd\u4e0d\u9508\u94a2\u4fee\u8865\u89c6\u9891.mp4<\/a><\/video><\/div>\n<h2>T-shirt dividida SS<\/h2>\n<p>O SS Split Tee veda furos de corros\u00e3o, danos por impacto e fissuras longitudinais;<\/p>\n<p>Este tipo de bra\u00e7adeira de repara\u00e7\u00e3o \u00e9 leve e f\u00e1cil de instalar, pelo que \u00e9 ideal para efetuar liga\u00e7\u00f5es flangeadas simples em tubos pressurizados;<\/p>\n<p>N\u00e3o \u00e9 necess\u00e1rio equipamento especializado, pode ser utilizado equipamento normal de baixa press\u00e3o com o grampo de repara\u00e7\u00e3o SS.<\/p>\n<p>*Liga\u00e7\u00e3o para tubos de a\u00e7o, ferro fundido, fibrocimento, pl\u00e1stico e outros tipos de tubos;<\/p>\n<p>*Adequado para \u00e1gua pot\u00e1vel, l\u00edquidos neutros e esgotos;<br \/>\n*Press\u00e3o de funcionamento PN10\/16;<br \/>\n*Tamanho normal: 2-14 polegadas<br \/>\n*Todo o a\u00e7o inoxid\u00e1vel 304\/316 ou a pedido<br \/>\n*A borracha foi aprovada pela WRAS (Reino Unido)<br \/>\n*Constru\u00e7\u00e3o resistente \u00e0 corros\u00e3o.<br \/>\n<strong><b>ESPECIFICA\u00c7\u00c3O:<\/b><\/strong><br \/>\nEnsaio de tipo:EN14525<br \/>\nElastom\u00e9rico:EN681-2<br \/>\nMaterial:A\u00e7o inoxid\u00e1vel 304 \/ 316<\/p>","protected":false},"excerpt":{"rendered":"<p>T\u00ea dividido em SS O T dividido em SS veda orif\u00edcios de corros\u00e3o, danos por impacto e fissuras longitudinais; Este tipo de bra\u00e7adeira de repara\u00e7\u00e3o \u00e9 leve e f\u00e1cil de instalar, pelo que \u00e9 ideal para efetuar liga\u00e7\u00f5es flangeadas simples em tubos pressurizados; N\u00e3o \u00e9 necess\u00e1rio equipamento especializado, pode ser utilizado equipamento normal sob press\u00e3o com a bra\u00e7adeira de repara\u00e7\u00e3o em SS. *Liga\u00e7\u00e3o para tubos de a\u00e7o, fundidos...<\/p>","protected":false},"featured_media":1321,"comment_status":"open","ping_status":"closed","template":"","meta":{"_kadence_starter_templates_imported_post":false,"_kad_post_transparent":"default","_kad_post_title":"","_kad_post_layout":"default","_kad_post_sidebar_id":"","_kad_post_content_style":"default","_kad_post_vertical_padding":"default","_kad_post_feature":"","_kad_post_feature_position":"","_kad_post_header":false,"_kad_post_footer":false},"product_brand":[],"product_cat":[50,30],"product_tag":[],"class_list":{"0":"post-1311","1":"product","2":"type-product","3":"status-publish","4":"has-post-thumbnail","6":"product_cat-bossed-cast-iron-repair-clamp","7":"product_cat-repair-clamp","9":"first","10":"instock","11":"shipping-taxable","12":"product-type-simple","13":"entry","14":"content-bg","15":"loop-entry"},"jetpack_sharing_enabled":true,"_links":{"self":[{"href":"https:\/\/www.yongtongdipipe.com\/pt\/wp-json\/wp\/v2\/product\/1311","targetHints":{"allow":["GET"]}}],"collection":[{"href":"https:\/\/www.yongtongdipipe.com\/pt\/wp-json\/wp\/v2\/product"}],"about":[{"href":"https:\/\/www.yongtongdipipe.com\/pt\/wp-json\/wp\/v2\/types\/product"}],"replies":[{"embeddable":true,"href":"https:\/\/www.yongtongdipipe.com\/pt\/wp-json\/wp\/v2\/comments?post=1311"}],"wp:featuredmedia":[{"embeddable":true,"href":"https:\/\/www.yongtongdipipe.com\/pt\/wp-json\/wp\/v2\/media\/1321"}],"wp:attachment":[{"href":"https:\/\/www.yongtongdipipe.com\/pt\/wp-json\/wp\/v2\/media?parent=1311"}],"wp:term":[{"taxonomy":"product_brand","embeddable":true,"href":"https:\/\/www.yongtongdipipe.com\/pt\/wp-json\/wp\/v2\/product_brand?post=1311"},{"taxonomy":"product_cat","embeddable":true,"href":"https:\/\/www.yongtongdipipe.com\/pt\/wp-json\/wp\/v2\/product_cat?post=1311"},{"taxonomy":"product_tag","embeddable":true,"href":"https:\/\/www.yongtongdipipe.com\/pt\/wp-json\/wp\/v2\/product_tag?post=1311"}],"curies":[{"name":"wp","href":"https:\/\/api.w.org\/{rel}","templated":true}]}}