{"id":1344,"date":"2024-11-22T09:05:16","date_gmt":"2024-11-22T01:05:16","guid":{"rendered":"https:\/\/www.yongtongdipipe.com\/?post_type=product&#038;p=1344"},"modified":"2025-03-01T10:05:38","modified_gmt":"2025-03-01T02:05:38","slug":"cast-iron-repair-clamp","status":"publish","type":"product","link":"https:\/\/www.yongtongdipipe.com\/pt\/produto\/cast-iron-repair-clamp\/","title":{"rendered":"Bra\u00e7adeira de repara\u00e7\u00e3o em ferro fundido"},"content":{"rendered":"<div style=\"width: 720px;\" class=\"wp-video\"><!--[if lt IE 9]><script>document.createElement('video');<\/script><![endif]-->\n<video class=\"wp-video-shortcode\" id=\"video-1344-1\" width=\"720\" height=\"800\" preload=\"metadata\" controls=\"controls\"><source type=\"video\/mp4\" src=\"https:\/\/www.yongtongdipipe.com\/wp-content\/uploads\/2024\/11\/28-\u94f8\u94c1\u4fee\u8865\u5668\u89c6\u9891.mp4?_=1\" \/><a href=\"https:\/\/www.yongtongdipipe.com\/wp-content\/uploads\/2024\/11\/28-\u94f8\u94c1\u4fee\u8865\u5668\u89c6\u9891.mp4\">https:\/\/www.yongtongdipipe.com\/wp-content\/uploads\/2024\/11\/28-\u94f8\u94c1\u4fee\u8865\u5668\u89c6\u9891.mp4<\/a><\/video><\/div>\n<h2>Bra\u00e7adeira de repara\u00e7\u00e3o em ferro fundido<\/h2>\n<p><img fetchpriority=\"high\" decoding=\"async\" class=\"alignnone wp-image-1346 size-full\" src=\"https:\/\/www.yongtongdipipe.com\/wp-content\/uploads\/2024\/11\/Ductile-Iron-Repair-Clamp.png\" alt=\"\" width=\"700\" height=\"350\" srcset=\"https:\/\/www.yongtongdipipe.com\/wp-content\/uploads\/2024\/11\/Ductile-Iron-Repair-Clamp.png 700w, https:\/\/www.yongtongdipipe.com\/wp-content\/uploads\/2024\/11\/Ductile-Iron-Repair-Clamp-300x150.png 300w, https:\/\/www.yongtongdipipe.com\/wp-content\/uploads\/2024\/11\/Ductile-Iron-Repair-Clamp-18x9.png 18w, https:\/\/www.yongtongdipipe.com\/wp-content\/uploads\/2024\/11\/Ductile-Iron-Repair-Clamp-600x300.png 600w\" sizes=\"(max-width: 700px) 100vw, 700px\" \/><\/p>\n<p><strong><b>ESPECIFICA\u00c7\u00c3O:<\/b><\/strong><br \/>\nEnsaio de tipo:EN14525\/BS8561<br \/>\nElastom\u00e9rico:EN681-2<br \/>\nFerro fundido d\u00factil:EN1563 EN-GJS-450-10<br \/>\nRevestimento:WIS4-52-01<br \/>\nLiga\u00e7\u00e3o para todos os tubos;<br \/>\nPress\u00e3o de funcionamento PN10\/16;<br \/>\nTemperatura m\u00e1xima -10 ~ +70;<br \/>\nAdequado para \u00e1gua pot\u00e1vel, l\u00edquidos neutros e esgotos;<br \/>\nAprovado pela WRAS.<\/p>","protected":false},"excerpt":{"rendered":"<p>Bra\u00e7adeira de repara\u00e7\u00e3o de ferro fundido ESPECIFICA\u00c7\u00c3O: Teste de tipo:EN14525\/BS8561 Elastom\u00e9rico:EN681-2 Ferro fundido d\u00factil:EN1563 EN-GJS-450-10 Revestimento:WIS4-52-01 Liga\u00e7\u00e3o para todos os tubos; Press\u00e3o de trabalho PN10\/16; Temperatura m\u00e1xima -10 ~ +70; Adequado para \u00e1gua pot\u00e1vel, l\u00edquidos neutros e esgotos; Aprovado pela WRAS.<\/p>","protected":false},"featured_media":1345,"comment_status":"open","ping_status":"closed","template":"","meta":{"_kadence_starter_templates_imported_post":false,"_kad_post_transparent":"default","_kad_post_title":"","_kad_post_layout":"default","_kad_post_sidebar_id":"","_kad_post_content_style":"default","_kad_post_vertical_padding":"default","_kad_post_feature":"","_kad_post_feature_position":"","_kad_post_header":false,"_kad_post_footer":false},"product_brand":[],"product_cat":[51,30],"product_tag":[],"class_list":{"0":"post-1344","1":"product","2":"type-product","3":"status-publish","4":"has-post-thumbnail","6":"product_cat-cast-iron-repair-clamp","7":"product_cat-repair-clamp","9":"first","10":"instock","11":"shipping-taxable","12":"product-type-simple","13":"entry","14":"content-bg","15":"loop-entry"},"jetpack_sharing_enabled":true,"_links":{"self":[{"href":"https:\/\/www.yongtongdipipe.com\/pt\/wp-json\/wp\/v2\/product\/1344","targetHints":{"allow":["GET"]}}],"collection":[{"href":"https:\/\/www.yongtongdipipe.com\/pt\/wp-json\/wp\/v2\/product"}],"about":[{"href":"https:\/\/www.yongtongdipipe.com\/pt\/wp-json\/wp\/v2\/types\/product"}],"replies":[{"embeddable":true,"href":"https:\/\/www.yongtongdipipe.com\/pt\/wp-json\/wp\/v2\/comments?post=1344"}],"wp:featuredmedia":[{"embeddable":true,"href":"https:\/\/www.yongtongdipipe.com\/pt\/wp-json\/wp\/v2\/media\/1345"}],"wp:attachment":[{"href":"https:\/\/www.yongtongdipipe.com\/pt\/wp-json\/wp\/v2\/media?parent=1344"}],"wp:term":[{"taxonomy":"product_brand","embeddable":true,"href":"https:\/\/www.yongtongdipipe.com\/pt\/wp-json\/wp\/v2\/product_brand?post=1344"},{"taxonomy":"product_cat","embeddable":true,"href":"https:\/\/www.yongtongdipipe.com\/pt\/wp-json\/wp\/v2\/product_cat?post=1344"},{"taxonomy":"product_tag","embeddable":true,"href":"https:\/\/www.yongtongdipipe.com\/pt\/wp-json\/wp\/v2\/product_tag?post=1344"}],"curies":[{"name":"wp","href":"https:\/\/api.w.org\/{rel}","templated":true}]}}