{"id":1347,"date":"2024-11-22T10:25:14","date_gmt":"2024-11-22T02:25:14","guid":{"rendered":"https:\/\/www.yongtongdipipe.com\/?post_type=product&#038;p=1347"},"modified":"2025-02-26T19:01:20","modified_gmt":"2025-02-26T11:01:20","slug":"stainless-steel-repair-clamp","status":"publish","type":"product","link":"https:\/\/www.yongtongdipipe.com\/pt\/produto\/stainless-steel-repair-clamp\/","title":{"rendered":"Bra\u00e7adeira de repara\u00e7\u00e3o em a\u00e7o inoxid\u00e1vel"},"content":{"rendered":"<div style=\"width: 480px;\" class=\"wp-video\"><!--[if lt IE 9]><script>document.createElement('video');<\/script><![endif]-->\n<video class=\"wp-video-shortcode\" id=\"video-1347-1\" width=\"480\" height=\"834\" preload=\"metadata\" controls=\"controls\"><source type=\"video\/mp4\" src=\"https:\/\/www.yongtongdipipe.com\/wp-content\/uploads\/2024\/11\/13-\u53cc\u5361\u4e0d\u9508\u94a2\u4fee\u8865\u5668.mp4?_=1\" \/><a href=\"https:\/\/www.yongtongdipipe.com\/wp-content\/uploads\/2024\/11\/13-\u53cc\u5361\u4e0d\u9508\u94a2\u4fee\u8865\u5668.mp4\">https:\/\/www.yongtongdipipe.com\/wp-content\/uploads\/2024\/11\/13-\u53cc\u5361\u4e0d\u9508\u94a2\u4fee\u8865\u5668.mp4<\/a><\/video><\/div>\n<h2>Bra\u00e7adeira de repara\u00e7\u00e3o em a\u00e7o inoxid\u00e1vel<\/h2>\n<p><b>Carater\u00edsticas do produto <\/b><\/p>\n<p>Carater\u00edsticas do produto:Liga\u00e7\u00e3o flex\u00edvel, forte resist\u00eancia \u00e0 corros\u00e3o, sem soldadura, sem fogo<\/p>\n<p>risco, economiza espa\u00e7o, tubo ilimitado, com veda\u00e7\u00e3o de press\u00e3o, f\u00e1cil instala\u00e7\u00e3o.<\/p>\n<p>Dom\u00ednios de aplica\u00e7\u00e3o: engenharia de superf\u00edcie\/subterr\u00e2nea, constru\u00e7\u00e3o naval\/plataformas petrol\u00edferas offshore,<\/p>\n<p>\u00e1gua, abastecimento de g\u00e1s\/g\u00e1s natural, eletricidade, produ\u00e7\u00e3o industrial, tratamento de \u00e1guas residuais e<\/p>\n<p>manuten\u00e7\u00e3o.<\/p>\n<p>Aplica\u00e7\u00e3o do oleoduto: oleoduto de petr\u00f3leo bruto, gasoduto, gasoduto de g\u00e1s natural,<\/p>\n<p>condutas de abastecimento de \u00e1gua\/drenagem, condutas de combust\u00edvel, condutas especiais de avia\u00e7\u00e3o\/autom\u00f3vel,<\/p>\n<p>oleoduto de lubrifica\u00e7\u00e3o, linha de tubos de lama, linha de tubos de suc\u00e7\u00e3o, gera\u00e7\u00e3o de energia de lavagem<\/p>\n<p>tubagem, tubagem de prote\u00e7\u00e3o de cabos, tubagem de \u00e1gua do mar\/\u00e1gua doce, tubagem de turbina, tubagem de ar<\/p>\n<p>tubagem de condicionamento, tubagem de combate a inc\u00eandios, tubagem de ventila\u00e7\u00e3o, tubagem de ar comprimido,<\/p>\n<p>etc.<\/p>\n<ul>\n<li>A versatilidade \u00e9 aplic\u00e1vel a qualquer tubo, pode ser ligada a diferentes materiais,<\/li>\n<\/ul>\n<p>diferentes di\u00e2metros axiais e diferentes di\u00e2metros do tubo, adequados para uma repara\u00e7\u00e3o r\u00e1pida.<\/p>\n<ul>\n<li>Extremidade econ\u00f3mica do tubo sem processamento, pode ser ligada, parede fina, tubo de parede espessa<\/li>\n<\/ul>\n<p>pode ser de simples instala\u00e7\u00e3o, reduzindo consideravelmente o custo de constru\u00e7\u00e3o.<\/p>\n<ul>\n<li>A fiabilidade pode compensar a desloca\u00e7\u00e3o axial e a deflex\u00e3o angular, e a<\/li>\n<\/ul>\n<p>o efeito de veda\u00e7\u00e3o da estrutura do l\u00e1bio do anel de borracha pode ser melhorado com o aumento<\/p>\n<p>de press\u00e3o.<\/p>\n<p>Nota: 1. devido ao n\u00famero excessivo de modelos, calibre grande acima de GY500, calibre especial e<\/p>\n<p>o material pode ser personalizado de acordo com os requisitos do cliente<\/p>\n<p>2.Para o m\u00e9todo de instala\u00e7\u00e3o de todos os produtos e os problemas encontrados na<\/p>\n<p>processo de instala\u00e7\u00e3o e utiliza\u00e7\u00e3o, contactar atempadamente o pessoal de p\u00f3s-venda da empresa,<\/p>\n<p>responderemos \u00e0s perguntas na primeira vez<\/p>","protected":false},"excerpt":{"rendered":"<p>Bra\u00e7adeira de repara\u00e7\u00e3o em a\u00e7o inoxid\u00e1vel Carater\u00edsticas do produto Carater\u00edsticas do produto: Liga\u00e7\u00e3o flex\u00edvel, forte resist\u00eancia \u00e0 corros\u00e3o, sem soldadura, sem risco de inc\u00eandio, poupan\u00e7a de espa\u00e7o, tubo ilimitado, com veda\u00e7\u00e3o de press\u00e3o, f\u00e1cil instala\u00e7\u00e3o. Campos de aplica\u00e7\u00e3o: engenharia de superf\u00edcie\/subterr\u00e2nea, constru\u00e7\u00e3o naval\/plataforma petrol\u00edfera offshore, \u00e1gua, abastecimento de g\u00e1s\/g\u00e1s natural, eletricidade, produ\u00e7\u00e3o industrial, tratamento de esgotos e manuten\u00e7\u00e3o. Aplica\u00e7\u00e3o do oleoduto: oleoduto de petr\u00f3leo bruto, gasoduto, gasoduto de g\u00e1s natural, \u00e1gua...<\/p>","protected":false},"featured_media":1348,"comment_status":"open","ping_status":"closed","template":"","meta":{"_kadence_starter_templates_imported_post":false,"_kad_post_transparent":"default","_kad_post_title":"","_kad_post_layout":"default","_kad_post_sidebar_id":"","_kad_post_content_style":"default","_kad_post_vertical_padding":"default","_kad_post_feature":"","_kad_post_feature_position":"","_kad_post_header":false,"_kad_post_footer":false},"product_brand":[],"product_cat":[30,52],"product_tag":[],"class_list":{"0":"post-1347","1":"product","2":"type-product","3":"status-publish","4":"has-post-thumbnail","6":"product_cat-repair-clamp","7":"product_cat-stainless-steel-repair-clamp","9":"first","10":"instock","11":"shipping-taxable","12":"product-type-simple","13":"entry","14":"content-bg","15":"loop-entry"},"jetpack_sharing_enabled":true,"_links":{"self":[{"href":"https:\/\/www.yongtongdipipe.com\/pt\/wp-json\/wp\/v2\/product\/1347","targetHints":{"allow":["GET"]}}],"collection":[{"href":"https:\/\/www.yongtongdipipe.com\/pt\/wp-json\/wp\/v2\/product"}],"about":[{"href":"https:\/\/www.yongtongdipipe.com\/pt\/wp-json\/wp\/v2\/types\/product"}],"replies":[{"embeddable":true,"href":"https:\/\/www.yongtongdipipe.com\/pt\/wp-json\/wp\/v2\/comments?post=1347"}],"wp:featuredmedia":[{"embeddable":true,"href":"https:\/\/www.yongtongdipipe.com\/pt\/wp-json\/wp\/v2\/media\/1348"}],"wp:attachment":[{"href":"https:\/\/www.yongtongdipipe.com\/pt\/wp-json\/wp\/v2\/media?parent=1347"}],"wp:term":[{"taxonomy":"product_brand","embeddable":true,"href":"https:\/\/www.yongtongdipipe.com\/pt\/wp-json\/wp\/v2\/product_brand?post=1347"},{"taxonomy":"product_cat","embeddable":true,"href":"https:\/\/www.yongtongdipipe.com\/pt\/wp-json\/wp\/v2\/product_cat?post=1347"},{"taxonomy":"product_tag","embeddable":true,"href":"https:\/\/www.yongtongdipipe.com\/pt\/wp-json\/wp\/v2\/product_tag?post=1347"}],"curies":[{"name":"wp","href":"https:\/\/api.w.org\/{rel}","templated":true}]}}