{"id":1349,"date":"2024-11-23T09:50:13","date_gmt":"2024-11-23T01:50:13","guid":{"rendered":"https:\/\/www.yongtongdipipe.com\/?post_type=product&#038;p=1349"},"modified":"2025-02-27T11:50:58","modified_gmt":"2025-02-27T03:50:58","slug":"universal-flange-adaptor","status":"publish","type":"product","link":"https:\/\/www.yongtongdipipe.com\/pt\/produto\/universal-flange-adaptor\/","title":{"rendered":"Adaptador de flange universal"},"content":{"rendered":"<div style=\"width: 960px;\" class=\"wp-video\"><!--[if lt IE 9]><script>document.createElement('video');<\/script><![endif]-->\n<video class=\"wp-video-shortcode\" id=\"video-1349-1\" width=\"960\" height=\"720\" preload=\"metadata\" controls=\"controls\"><source type=\"video\/mp4\" src=\"https:\/\/www.yongtongdipipe.com\/wp-content\/uploads\/2024\/11\/19-\u5e7f\u8303\u56f4\u63a5\u5934\u89c6\u9891.mp4?_=1\" \/><a href=\"https:\/\/www.yongtongdipipe.com\/wp-content\/uploads\/2024\/11\/19-\u5e7f\u8303\u56f4\u63a5\u5934\u89c6\u9891.mp4\">https:\/\/www.yongtongdipipe.com\/wp-content\/uploads\/2024\/11\/19-\u5e7f\u8303\u56f4\u63a5\u5934\u89c6\u9891.mp4<\/a><\/video><\/div>\n<h2>Adaptador de flange universal<\/h2>\n<p>Uma gama de adaptadores de flange, incluindo de grande di\u00e2metro, concebidos para acomodar tubos de extremidade lisa com diferentes di\u00e2metros exteriores. Estes adaptadores de flange de toler\u00e2ncia ampla de tamanho \u00fanico cobrem uma s\u00e9rie de materiais de tubos diferentes, tornando-os ideais para trabalhos de repara\u00e7\u00e3o e manuten\u00e7\u00e3o, reduzindo a necessidade de um grande stock.<\/p>\n<p><strong><b>CARACTER\u00cdSTICAS:<\/b><\/strong><br \/>\nConstru\u00e7\u00e3o totalmente resistente \u00e0 corros\u00e3o<br \/>\nRevestimento interior e exterior em ep\u00f3xi ligado por fus\u00e3o<br \/>\nConstru\u00e7\u00e3o leve em ferro fundido d\u00factil<br \/>\nAmpla gama de articula\u00e7\u00f5es<br \/>\nFixador de a\u00e7o-carbono galvanizado a frio<br \/>\nJuntas de EPDM com aprova\u00e7\u00e3o WRAS<br \/>\n<strong><b>ESPECIFICA\u00c7\u00c3O:<\/b><\/strong><br \/>\nEnsaio de tipo:EN14525\/BS8561<br \/>\nElastom\u00e9rico:EN681-2<br \/>\nFerro fundido d\u00factil:EN1563 EN-GJS-450-10<br \/>\nRevestimento:WIS4-52-01<\/p>\n<p>Especifica\u00e7\u00e3o de perfura\u00e7\u00e3o:EN1092-2<\/p>\n<p>PN10\/16<\/p>\n<p>Conex\u00e3o para DI, tubo de a\u00e7o, PVC, AC e outros<br \/>\nAdequado para aplica\u00e7\u00e3o em \u00e1gua e l\u00edquidos neutros (esgotos)<br \/>\nTemperatura de funcionamento at\u00e9 70\u00b0C<\/p>","protected":false},"excerpt":{"rendered":"<p>Adaptador de flange universal Uma gama de adaptadores de flange, incluindo de grande di\u00e2metro, concebidos para acomodar tubos de extremidade lisa com diferentes di\u00e2metros exteriores. Estes adaptadores de flange de toler\u00e2ncia ampla de tamanho \u00fanico abrangem uma s\u00e9rie de materiais de tubos diferentes, tornando-os ideais para trabalhos de repara\u00e7\u00e3o e manuten\u00e7\u00e3o, reduzindo a necessidade de um grande stock. CARACTER\u00cdSTICAS: Constru\u00e7\u00e3o totalmente resistente \u00e0 corros\u00e3o...<\/p>","protected":false},"featured_media":1350,"comment_status":"open","ping_status":"closed","template":"","meta":{"_kadence_starter_templates_imported_post":false,"_kad_post_transparent":"default","_kad_post_title":"","_kad_post_layout":"default","_kad_post_sidebar_id":"","_kad_post_content_style":"default","_kad_post_vertical_padding":"default","_kad_post_feature":"","_kad_post_feature_position":"","_kad_post_header":false,"_kad_post_footer":false},"product_brand":[],"product_cat":[15,54,31],"product_tag":[],"class_list":{"0":"post-1349","1":"product","2":"type-product","3":"status-publish","4":"has-post-thumbnail","6":"product_cat-uncategorized","7":"product_cat-universal-flange-adaptor","8":"product_cat-universal-flange-adaptor-and-coupling","10":"first","11":"instock","12":"shipping-taxable","13":"product-type-simple","14":"entry","15":"content-bg","16":"loop-entry"},"jetpack_sharing_enabled":true,"_links":{"self":[{"href":"https:\/\/www.yongtongdipipe.com\/pt\/wp-json\/wp\/v2\/product\/1349","targetHints":{"allow":["GET"]}}],"collection":[{"href":"https:\/\/www.yongtongdipipe.com\/pt\/wp-json\/wp\/v2\/product"}],"about":[{"href":"https:\/\/www.yongtongdipipe.com\/pt\/wp-json\/wp\/v2\/types\/product"}],"replies":[{"embeddable":true,"href":"https:\/\/www.yongtongdipipe.com\/pt\/wp-json\/wp\/v2\/comments?post=1349"}],"wp:featuredmedia":[{"embeddable":true,"href":"https:\/\/www.yongtongdipipe.com\/pt\/wp-json\/wp\/v2\/media\/1350"}],"wp:attachment":[{"href":"https:\/\/www.yongtongdipipe.com\/pt\/wp-json\/wp\/v2\/media?parent=1349"}],"wp:term":[{"taxonomy":"product_brand","embeddable":true,"href":"https:\/\/www.yongtongdipipe.com\/pt\/wp-json\/wp\/v2\/product_brand?post=1349"},{"taxonomy":"product_cat","embeddable":true,"href":"https:\/\/www.yongtongdipipe.com\/pt\/wp-json\/wp\/v2\/product_cat?post=1349"},{"taxonomy":"product_tag","embeddable":true,"href":"https:\/\/www.yongtongdipipe.com\/pt\/wp-json\/wp\/v2\/product_tag?post=1349"}],"curies":[{"name":"wp","href":"https:\/\/api.w.org\/{rel}","templated":true}]}}