{"id":1356,"date":"2024-11-26T09:34:15","date_gmt":"2024-11-26T01:34:15","guid":{"rendered":"https:\/\/www.yongtongdipipe.com\/?post_type=product&#038;p=1356"},"modified":"2025-03-21T10:28:27","modified_gmt":"2025-03-21T02:28:27","slug":"universal-range-coupling","status":"publish","type":"product","link":"https:\/\/www.yongtongdipipe.com\/pt\/produto\/universal-range-coupling\/","title":{"rendered":"Acoplamento de gama universal"},"content":{"rendered":"<div style=\"width: 960px;\" class=\"wp-video\"><!--[if lt IE 9]><script>document.createElement('video');<\/script><![endif]-->\n<video class=\"wp-video-shortcode\" id=\"video-1356-1\" width=\"960\" height=\"720\" preload=\"metadata\" controls=\"controls\"><source type=\"video\/mp4\" src=\"https:\/\/www.yongtongdipipe.com\/wp-content\/uploads\/2024\/11\/19-\u5e7f\u8303\u56f4\u63a5\u5934\u89c6\u9891.mp4?_=1\" \/><a href=\"https:\/\/www.yongtongdipipe.com\/wp-content\/uploads\/2024\/11\/19-\u5e7f\u8303\u56f4\u63a5\u5934\u89c6\u9891.mp4\">https:\/\/www.yongtongdipipe.com\/wp-content\/uploads\/2024\/11\/19-\u5e7f\u8303\u56f4\u63a5\u5934\u89c6\u9891.mp4<\/a><\/video><\/div>\n<h2 style=\"text-align: left;\">Acoplamento de gama universal<\/h2>\n<p style=\"text-align: left;\"><strong><b>Sobre o acoplamento universal de toler\u00e2ncia ampla para servi\u00e7os leves PN10 PN16:<\/b><\/strong><\/p>\n<p style=\"text-align: left;\">Os acoplamentos universais de toler\u00e2ncia ampla incluem ambos os encaixes flex\u00edveis que permitem a expans\u00e3o,<\/p>\n<p style=\"text-align: left;\">contra\u00e7\u00e3o e movimento, e vers\u00f5es totalmente restringidas, que eliminam a necessidade de blocos de impulso dispendiosos<\/p>\n<p style=\"text-align: left;\">para acomodar as for\u00e7as devidas \u00e0 press\u00e3o interna nos tubos.<\/p>\n<p style=\"text-align: left;\"><strong><b>CARACTER\u00cdSTICAS:<\/b><\/strong><strong><b><br \/>\n<\/b><\/strong>Constru\u00e7\u00e3o totalmente resistente \u00e0 corros\u00e3o<br \/>\nRevestimento interior e exterior em ep\u00f3xi ligado por fus\u00e3o<br \/>\nConstru\u00e7\u00e3o leve em ferro fundido d\u00factil<br \/>\nAmpla gama de articula\u00e7\u00f5es<br \/>\nFixador de a\u00e7o-carbono galvanizado a frio<br \/>\nJuntas de EPDM com aprova\u00e7\u00e3o WRAS<br \/>\n<strong><b>ESPECIFICA\u00c7\u00c3O:<\/b><\/strong><br \/>\nEnsaio de tipo:EN14525\/BS8561<br \/>\nElastom\u00e9rico:EN681-2<br \/>\nFerro fundido d\u00factil:EN1563 EN-GJS-450-10<br \/>\nRevestimento:WIS4-52-01<\/p>\n<p style=\"text-align: left;\">Especifica\u00e7\u00e3o de perfura\u00e7\u00e3o:EN1092-2<\/p>\n<p style=\"text-align: left;\">Liga\u00e7\u00e3o para DI, tubo de a\u00e7o ,<\/p>\n<p style=\"text-align: left;\">Adequado para aplica\u00e7\u00e3o em \u00e1gua e l\u00edquidos neutros (esgotos)<br \/>\nTemperatura de funcionamento at\u00e9 70\u00b0C<\/p>","protected":false},"excerpt":{"rendered":"<p>Acoplamento de gama universal Acerca do servi\u00e7o ligeiro Acoplamento universal de toler\u00e2ncia ampla PN10 PN16: Os acoplamentos universais de toler\u00e2ncia ampla incluem tanto acess\u00f3rios flex\u00edveis que permitem a expans\u00e3o, contra\u00e7\u00e3o e movimento, como vers\u00f5es totalmente restringidas, que eliminam a necessidade de blocos de impulso dispendiosos para acomodar for\u00e7as devidas \u00e0 press\u00e3o interna nos tubos. CARACTER\u00cdSTICAS: Constru\u00e7\u00e3o totalmente resistente \u00e0 corros\u00e3o...<\/p>","protected":false},"featured_media":1357,"comment_status":"open","ping_status":"closed","template":"","meta":{"_kadence_starter_templates_imported_post":false,"_kad_post_transparent":"default","_kad_post_title":"","_kad_post_layout":"default","_kad_post_sidebar_id":"","_kad_post_content_style":"default","_kad_post_vertical_padding":"default","_kad_post_feature":"","_kad_post_feature_position":"","_kad_post_header":false,"_kad_post_footer":false},"product_brand":[],"product_cat":[31,55],"product_tag":[],"class_list":{"0":"post-1356","1":"product","2":"type-product","3":"status-publish","4":"has-post-thumbnail","6":"product_cat-universal-flange-adaptor-and-coupling","7":"product_cat-universal-range-coupling","9":"first","10":"instock","11":"shipping-taxable","12":"product-type-simple","13":"entry","14":"content-bg","15":"loop-entry"},"jetpack_sharing_enabled":true,"_links":{"self":[{"href":"https:\/\/www.yongtongdipipe.com\/pt\/wp-json\/wp\/v2\/product\/1356","targetHints":{"allow":["GET"]}}],"collection":[{"href":"https:\/\/www.yongtongdipipe.com\/pt\/wp-json\/wp\/v2\/product"}],"about":[{"href":"https:\/\/www.yongtongdipipe.com\/pt\/wp-json\/wp\/v2\/types\/product"}],"replies":[{"embeddable":true,"href":"https:\/\/www.yongtongdipipe.com\/pt\/wp-json\/wp\/v2\/comments?post=1356"}],"wp:featuredmedia":[{"embeddable":true,"href":"https:\/\/www.yongtongdipipe.com\/pt\/wp-json\/wp\/v2\/media\/1357"}],"wp:attachment":[{"href":"https:\/\/www.yongtongdipipe.com\/pt\/wp-json\/wp\/v2\/media?parent=1356"}],"wp:term":[{"taxonomy":"product_brand","embeddable":true,"href":"https:\/\/www.yongtongdipipe.com\/pt\/wp-json\/wp\/v2\/product_brand?post=1356"},{"taxonomy":"product_cat","embeddable":true,"href":"https:\/\/www.yongtongdipipe.com\/pt\/wp-json\/wp\/v2\/product_cat?post=1356"},{"taxonomy":"product_tag","embeddable":true,"href":"https:\/\/www.yongtongdipipe.com\/pt\/wp-json\/wp\/v2\/product_tag?post=1356"}],"curies":[{"name":"wp","href":"https:\/\/api.w.org\/{rel}","templated":true}]}}