{"id":1705,"date":"2025-02-23T10:43:07","date_gmt":"2025-02-23T02:43:07","guid":{"rendered":"https:\/\/www.yongtongdipipe.com\/?post_type=product&#038;p=1705"},"modified":"2025-03-01T08:53:51","modified_gmt":"2025-03-01T00:53:51","slug":"purple-colour-pu-coated-di-pipe","status":"publish","type":"product","link":"https:\/\/www.yongtongdipipe.com\/pt\/produto\/purple-colour-pu-coated-di-pipe\/","title":{"rendered":"Tubo DI revestido a PU de cor p\u00farpura"},"content":{"rendered":"<div style=\"width: 592px;\" class=\"wp-video\"><!--[if lt IE 9]><script>document.createElement('video');<\/script><![endif]-->\n<video class=\"wp-video-shortcode\" id=\"video-1705-1\" width=\"592\" height=\"1280\" preload=\"metadata\" controls=\"controls\"><source type=\"video\/mp4\" src=\"https:\/\/www.yongtongdipipe.com\/wp-content\/uploads\/2025\/02\/9-\u7403\u58a8\u94f8\u94c1\u7ba1\u5b89\u88c5\u89c6\u9891.mp4?_=1\" \/><a href=\"https:\/\/www.yongtongdipipe.com\/wp-content\/uploads\/2025\/02\/9-\u7403\u58a8\u94f8\u94c1\u7ba1\u5b89\u88c5\u89c6\u9891.mp4\">https:\/\/www.yongtongdipipe.com\/wp-content\/uploads\/2025\/02\/9-\u7403\u58a8\u94f8\u94c1\u7ba1\u5b89\u88c5\u89c6\u9891.mp4<\/a><\/video><\/div>\n<p style=\"text-align: left;\"><strong>Tubo DI revestido a PU de cor p\u00farpura<\/strong><\/p>\n<p style=\"text-align: left;\">ISO2531 EN545 Revestimento de poliuretano PU Tubos de ferro d\u00factil K7 K8 K9 Tubo de \u00e1gua pot\u00e1vel<\/p>\n<p>&nbsp;<\/p>\n<p><img fetchpriority=\"high\" decoding=\"async\" class=\"alignnone wp-image-1703\" src=\"https:\/\/www.yongtongdipipe.com\/wp-content\/uploads\/2025\/02\/11.jpg\" alt=\"\" width=\"642\" height=\"278\" srcset=\"https:\/\/www.yongtongdipipe.com\/wp-content\/uploads\/2025\/02\/11.jpg 787w, https:\/\/www.yongtongdipipe.com\/wp-content\/uploads\/2025\/02\/11-300x130.jpg 300w, https:\/\/www.yongtongdipipe.com\/wp-content\/uploads\/2025\/02\/11-768x333.jpg 768w, https:\/\/www.yongtongdipipe.com\/wp-content\/uploads\/2025\/02\/11-18x8.jpg 18w, https:\/\/www.yongtongdipipe.com\/wp-content\/uploads\/2025\/02\/11-600x260.jpg 600w\" sizes=\"(max-width: 642px) 100vw, 642px\" \/><\/p>\n<p><img decoding=\"async\" class=\"alignnone wp-image-1704\" src=\"https:\/\/www.yongtongdipipe.com\/wp-content\/uploads\/2025\/02\/22.jpg\" alt=\"\" width=\"642\" height=\"710\" srcset=\"https:\/\/www.yongtongdipipe.com\/wp-content\/uploads\/2025\/02\/22.jpg 499w, https:\/\/www.yongtongdipipe.com\/wp-content\/uploads\/2025\/02\/22-271x300.jpg 271w, https:\/\/www.yongtongdipipe.com\/wp-content\/uploads\/2025\/02\/22-11x12.jpg 11w\" sizes=\"(max-width: 642px) 100vw, 642px\" \/><\/p>\n<table style=\"height: 330px;\" width=\"830\">\n<tbody>\n<tr>\n<td><strong><b>Item<\/b><\/strong><\/td>\n<td>Tubo de ferro d\u00factil<\/td>\n<\/tr>\n<tr>\n<td><strong><b>Classe<\/b><\/strong><\/td>\n<td>K9, K10, K11, K12\uff0cK9, K8, C25, C30, C40, etc.<\/td>\n<\/tr>\n<tr>\n<td><strong><b>Junta de tubagem<\/b><\/strong><\/td>\n<td>junta de encaixe (junta Tyton), junta tipo K, junta auto-restringida<\/td>\n<\/tr>\n<tr>\n<td><strong><b>Tamanho<\/b><\/strong><\/td>\n<td>Di\u00e2metro exterior: 98mm-1255mm<br \/>\nDi\u00e2metro interior: 80mm-1200mm<br \/>\nEspessura da parede: 6mm-153mm<br \/>\nComprimento: 6m, cortado a 5,7m, ou conforme necess\u00e1rio.<\/td>\n<\/tr>\n<tr>\n<td><strong><b>Superf\u00edcie<\/b><\/strong><\/td>\n<td>Revestimento externo de PU roxo, ou conforme necess\u00e1rio.<\/td>\n<\/tr>\n<tr>\n<td><strong><b>Aplica\u00e7\u00e3o<\/b><\/strong><\/td>\n<td>Projeto de abastecimento de \u00e1gua, condutas de \u00e1gua, etc.<\/td>\n<\/tr>\n<tr>\n<td><strong><b>Embalagem<\/b><\/strong><\/td>\n<td>Embalagem normalizada para exporta\u00e7\u00e3o, ou conforme necess\u00e1rio.<\/td>\n<\/tr>\n<tr>\n<td><strong><b>Pre\u00e7o a prazo<\/b><\/strong><\/td>\n<td>FOB, EXW, CIF, CFR, etc.<\/td>\n<\/tr>\n<tr>\n<td><strong><b>Pagamento<\/b><\/strong><\/td>\n<td>T\/T, L\/C, Western Union, etc.<\/td>\n<\/tr>\n<tr>\n<td><strong><b>Certificados<\/b><\/strong><\/td>\n<td>ISO, CE, BSI, WRAS<\/td>\n<\/tr>\n<\/tbody>\n<\/table>","protected":false},"excerpt":{"rendered":"<p>Tubo DI revestido de PU de cor roxa ISO2531 EN545 Revestimento de PU de poliuretano Tubos de ferro d\u00factil K7 K8 K9 tubo de \u00e1gua pot\u00e1vel Item Tubo de ferro d\u00factil Classe K9, K10, K11, K12, K9, K8, C25, C30, C40, etc. Junta de tubo junta push-on (junta Tyton), junta tipo K, junta auto-restrita Tamanho Di\u00e2metro externo: 98mm-1255mm Di\u00e2metro interno: 80mm-1200mm Espessura da parede: 6mm-153mm ...<\/p>","protected":false},"featured_media":1712,"comment_status":"open","ping_status":"closed","template":"","meta":{"_kadence_starter_templates_imported_post":false,"_kad_post_transparent":"default","_kad_post_title":"","_kad_post_layout":"default","_kad_post_sidebar_id":"","_kad_post_content_style":"default","_kad_post_vertical_padding":"default","_kad_post_feature":"","_kad_post_feature_position":"","_kad_post_header":false,"_kad_post_footer":false},"product_brand":[],"product_cat":[28,41],"product_tag":[],"class_list":{"0":"post-1705","1":"product","2":"type-product","3":"status-publish","4":"has-post-thumbnail","6":"product_cat-di-pipe","7":"product_cat-pu-coated-ductile-iron-pipe","9":"first","10":"instock","11":"shipping-taxable","12":"product-type-simple","13":"entry","14":"content-bg","15":"loop-entry"},"jetpack_sharing_enabled":true,"_links":{"self":[{"href":"https:\/\/www.yongtongdipipe.com\/pt\/wp-json\/wp\/v2\/product\/1705","targetHints":{"allow":["GET"]}}],"collection":[{"href":"https:\/\/www.yongtongdipipe.com\/pt\/wp-json\/wp\/v2\/product"}],"about":[{"href":"https:\/\/www.yongtongdipipe.com\/pt\/wp-json\/wp\/v2\/types\/product"}],"replies":[{"embeddable":true,"href":"https:\/\/www.yongtongdipipe.com\/pt\/wp-json\/wp\/v2\/comments?post=1705"}],"wp:featuredmedia":[{"embeddable":true,"href":"https:\/\/www.yongtongdipipe.com\/pt\/wp-json\/wp\/v2\/media\/1712"}],"wp:attachment":[{"href":"https:\/\/www.yongtongdipipe.com\/pt\/wp-json\/wp\/v2\/media?parent=1705"}],"wp:term":[{"taxonomy":"product_brand","embeddable":true,"href":"https:\/\/www.yongtongdipipe.com\/pt\/wp-json\/wp\/v2\/product_brand?post=1705"},{"taxonomy":"product_cat","embeddable":true,"href":"https:\/\/www.yongtongdipipe.com\/pt\/wp-json\/wp\/v2\/product_cat?post=1705"},{"taxonomy":"product_tag","embeddable":true,"href":"https:\/\/www.yongtongdipipe.com\/pt\/wp-json\/wp\/v2\/product_tag?post=1705"}],"curies":[{"name":"wp","href":"https:\/\/api.w.org\/{rel}","templated":true}]}}