{"id":1802,"date":"2025-02-26T09:13:01","date_gmt":"2025-02-26T01:13:01","guid":{"rendered":"https:\/\/www.yongtongdipipe.com\/?post_type=product&#038;p=1802"},"modified":"2025-02-26T19:31:07","modified_gmt":"2025-02-26T11:31:07","slug":"repair-clamp","status":"publish","type":"product","link":"https:\/\/www.yongtongdipipe.com\/pt\/produto\/repair-clamp\/","title":{"rendered":"Bra\u00e7adeira de repara\u00e7\u00e3o"},"content":{"rendered":"<div style=\"width: 1280px;\" class=\"wp-video\"><!--[if lt IE 9]><script>document.createElement('video');<\/script><![endif]-->\n<video class=\"wp-video-shortcode\" id=\"video-1802-1\" width=\"1280\" height=\"720\" preload=\"metadata\" controls=\"controls\"><source type=\"video\/mp4\" src=\"https:\/\/www.yongtongdipipe.com\/wp-content\/uploads\/2025\/02\/16-\u54c8\u592b\u8282\u89c6\u9891.mp4?_=1\" \/><a href=\"https:\/\/www.yongtongdipipe.com\/wp-content\/uploads\/2025\/02\/16-\u54c8\u592b\u8282\u89c6\u9891.mp4\">https:\/\/www.yongtongdipipe.com\/wp-content\/uploads\/2025\/02\/16-\u54c8\u592b\u8282\u89c6\u9891.mp4<\/a><\/video><\/div>\n<p style=\"text-align: center;\"><strong>Bra\u00e7adeira de repara\u00e7\u00e3o<\/strong><\/p>\n<p><img fetchpriority=\"high\" decoding=\"async\" class=\"wp-image-1809 aligncenter\" src=\"https:\/\/www.yongtongdipipe.com\/wp-content\/uploads\/2025\/02\/\u6570\u636e\u8868.jpg\" alt=\"\" width=\"1035\" height=\"707\" srcset=\"https:\/\/www.yongtongdipipe.com\/wp-content\/uploads\/2025\/02\/\u6570\u636e\u8868.jpg 910w, https:\/\/www.yongtongdipipe.com\/wp-content\/uploads\/2025\/02\/\u6570\u636e\u8868-300x205.jpg 300w, https:\/\/www.yongtongdipipe.com\/wp-content\/uploads\/2025\/02\/\u6570\u636e\u8868-768x525.jpg 768w, https:\/\/www.yongtongdipipe.com\/wp-content\/uploads\/2025\/02\/\u6570\u636e\u8868-18x12.jpg 18w, https:\/\/www.yongtongdipipe.com\/wp-content\/uploads\/2025\/02\/\u6570\u636e\u8868-600x410.jpg 600w\" sizes=\"(max-width: 1035px) 100vw, 1035px\" \/><\/p>","protected":false},"excerpt":{"rendered":"<p>Bra\u00e7adeira de repara\u00e7\u00e3o<\/p>","protected":false},"featured_media":1803,"comment_status":"open","ping_status":"closed","template":"","meta":{"_kadence_starter_templates_imported_post":false,"_kad_post_transparent":"default","_kad_post_title":"","_kad_post_layout":"default","_kad_post_sidebar_id":"","_kad_post_content_style":"default","_kad_post_vertical_padding":"default","_kad_post_feature":"","_kad_post_feature_position":"","_kad_post_header":false,"_kad_post_footer":false},"product_brand":[],"product_cat":[51,22,30],"product_tag":[],"class_list":{"0":"post-1802","1":"product","2":"type-product","3":"status-publish","4":"has-post-thumbnail","6":"product_cat-cast-iron-repair-clamp","7":"product_cat-products","8":"product_cat-repair-clamp","10":"first","11":"instock","12":"shipping-taxable","13":"product-type-simple","14":"entry","15":"content-bg","16":"loop-entry"},"jetpack_sharing_enabled":true,"_links":{"self":[{"href":"https:\/\/www.yongtongdipipe.com\/pt\/wp-json\/wp\/v2\/product\/1802","targetHints":{"allow":["GET"]}}],"collection":[{"href":"https:\/\/www.yongtongdipipe.com\/pt\/wp-json\/wp\/v2\/product"}],"about":[{"href":"https:\/\/www.yongtongdipipe.com\/pt\/wp-json\/wp\/v2\/types\/product"}],"replies":[{"embeddable":true,"href":"https:\/\/www.yongtongdipipe.com\/pt\/wp-json\/wp\/v2\/comments?post=1802"}],"wp:featuredmedia":[{"embeddable":true,"href":"https:\/\/www.yongtongdipipe.com\/pt\/wp-json\/wp\/v2\/media\/1803"}],"wp:attachment":[{"href":"https:\/\/www.yongtongdipipe.com\/pt\/wp-json\/wp\/v2\/media?parent=1802"}],"wp:term":[{"taxonomy":"product_brand","embeddable":true,"href":"https:\/\/www.yongtongdipipe.com\/pt\/wp-json\/wp\/v2\/product_brand?post=1802"},{"taxonomy":"product_cat","embeddable":true,"href":"https:\/\/www.yongtongdipipe.com\/pt\/wp-json\/wp\/v2\/product_cat?post=1802"},{"taxonomy":"product_tag","embeddable":true,"href":"https:\/\/www.yongtongdipipe.com\/pt\/wp-json\/wp\/v2\/product_tag?post=1802"}],"curies":[{"name":"wp","href":"https:\/\/api.w.org\/{rel}","templated":true}]}}